{"id":8743,"date":"2021-09-29T15:32:21","date_gmt":"2021-09-29T13:32:21","guid":{"rendered":"https:\/\/www.cimsystem.com\/dental\/our-customers\/"},"modified":"2026-03-19T15:34:42","modified_gmt":"2026-03-19T14:34:42","slug":"unsere-kunden","status":"publish","type":"page","link":"https:\/\/www.cimsystem.com\/dental\/de\/unsere-kunden\/","title":{"rendered":"Unsere Kunden"},"content":{"rendered":"<section class=\"wpb-content-wrapper\">[vc_row full_width=&#8221;stretch_row_content&#8221; equal_height=&#8221;yes&#8221; css=&#8221;.vc_custom_1690470444965{padding-top: 0px !important;padding-right: 0px !important;padding-bottom: 0px !important;padding-left: 0px !important;background-position: center !important;background-repeat: no-repeat !important;background-size: cover !important;}&#8221;][vc_column css=&#8221;.vc_custom_1693998489687{margin-top: 0px !important;margin-right: 0px !important;margin-bottom: 0px !important;margin-left: 0px !important;padding-top: 0px !important;padding-right: 0px !important;padding-bottom: 0px !important;padding-left: 0px !important;}&#8221; offset=&#8221;vc_hidden-lg vc_hidden-md&#8221;][vc_single_image image=&#8221;4771&#8243; img_size=&#8221;full&#8221; css=&#8221;.vc_custom_1694068272727{margin-top: 0px !important;margin-bottom: -35px !important;}&#8221;][\/vc_column][\/vc_row][vc_row full_width=&#8221;stretch_row_content&#8221; equal_height=&#8221;yes&#8221; css=&#8221;.vc_custom_1690470444965{padding-top: 0px !important;padding-right: 0px !important;padding-bottom: 0px !important;padding-left: 0px !important;background-position: center !important;background-repeat: no-repeat !important;background-size: cover !important;}&#8221;][vc_column width=&#8221;1\/3&#8243; css=&#8221;.vc_custom_1690472277751{margin-top: 0px !important;margin-right: 0px !important;margin-bottom: 0px !important;margin-left: 0px !important;padding-top: 0px !important;padding-right: 0px !important;padding-bottom: 0px !important;padding-left: 0px !important;background-color: #1a588a !important;}&#8221; el_class=&#8221;product_hero_title&#8221;][vc_empty_space height=&#8221;140px&#8221;][vc_custom_heading text=&#8221;Unsere Kunden&#8221; font_container=&#8221;tag:h1|text_align:left|color:%23ffffff&#8221; google_fonts=&#8221;font_family:Roboto%20Condensed%3A300%2C300italic%2Cregular%2Citalic%2C700%2C700italic|font_style:700%20bold%20regular%3A700%3Anormal&#8221;][vc_empty_space height=&#8221;140px&#8221;][\/vc_column][vc_column width=&#8221;2\/3&#8243; css=&#8221;.vc_custom_1694702762205{margin-top: 0px !important;margin-right: 0px !important;margin-bottom: 0px !important;margin-left: 0px !important;padding-top: 0px !important;padding-right: 0px !important;padding-bottom: 0px !important;padding-left: 0px !important;background-image: url(https:\/\/www.cimsystem.com\/dental\/wp-content\/uploads\/sites\/2\/2023\/09\/Cimsystem-customers.png?id=5624) !important;background-position: center !important;background-repeat: no-repeat !important;background-size: cover !important;}&#8221; offset=&#8221;vc_hidden-sm vc_hidden-xs&#8221;][vc_empty_space height=&#8221;500px&#8221;][\/vc_column][\/vc_row][vc_row css_animation=&#8221;fadeInDown&#8221; css=&#8221;.vc_custom_1694702734312{background-color: #ffffff !important;background-position: center !important;background-repeat: no-repeat !important;background-size: cover !important;}&#8221;][vc_column][vc_row_inner el_class=&#8221;products_header_row&#8221; css=&#8221;.vc_custom_1713277938893{padding-top: 50px !important;padding-bottom: 40px !important;}&#8221;][vc_column_inner][vc_custom_heading text=&#8221;Individuell anpassbare CAD\/CAM-Software&#8221; google_fonts=&#8221;font_family:Roboto%3A100%2C100italic%2C300%2C300italic%2Cregular%2Citalic%2C500%2C500italic%2C700%2C700italic%2C900%2C900italic|font_style:700%20bold%20regular%3A700%3Anormal&#8221; el_class=&#8221;text-black square-heading square-cimsystem&#8221; css=&#8221;.vc_custom_1773930294534{margin-left: 250px !important;padding-top: 50px !important;}&#8221;][vc_empty_space height=&#8221;16px&#8221;][vc_column_text]\r\n<p data-start=\"131\" data-end=\"477\">Wir unterst\u00fctzen Unternehmen jeder Gr\u00f6\u00dfe in der mechanischen und dentalen Industrie \u2013 mit innovativen L\u00f6sungen, die sich an den aktuellen technologischen Entwicklungen orientieren. Auch heute investieren wir kontinuierlich in Digitalisierung und Innovation, um unsere Kunden mit effizienteren und individuell anpassbaren Produkten zu versorgen.<\/p>\r\n<p data-start=\"479\" data-end=\"694\">Ob Fachkraft, Mitarbeiter in Fr\u00e4szentren oder Dentallaboren, Endanwender, Hersteller oder H\u00e4ndler von Werkzeugmaschinen, unsere L\u00f6sungen erf\u00fcllen Ihre Anforderungen, weil sie gemeinsam mit Ihnen entwickelt werden.<\/p>\r\n[\/vc_column_text][\/vc_column_inner][\/vc_row_inner][\/vc_column][\/vc_row][vc_row full_width=&#8221;stretch_row&#8221; css=&#8221;.vc_custom_1708616286698{background-position: center !important;background-repeat: no-repeat !important;background-size: cover !important;}&#8221;][vc_column][vc_row_inner el_class=&#8221;products_header_row&#8221;][vc_column_inner][vc_column_text]\r\n<h2 style=\"text-align: center;\"><span style=\"color: #00429a;\"><strong>Unsere Kunden:\r\n<\/strong><\/span><\/h2>\r\n[\/vc_column_text][vc_empty_space height=&#8221;16px&#8221;][\/vc_column_inner][\/vc_row_inner][vc_row_inner][vc_column_inner width=&#8221;1\/4&#8243;][vc_single_image image=&#8221;6727&#8243; img_size=&#8221;medium&#8221; css_animation=&#8221;fadeInRight&#8221;][\/vc_column_inner][vc_column_inner width=&#8221;3\/4&#8243; css=&#8221;.vc_custom_1632926940021{padding-left: 20px !important;}&#8221;][vc_custom_heading text=&#8221;Fachleute&#8221; google_fonts=&#8221;font_family:Roboto%3A100%2C100italic%2C300%2C300italic%2Cregular%2Citalic%2C500%2C500italic%2C700%2C700italic%2C900%2C900italic|font_style:700%20bold%20regular%3A700%3Anormal&#8221; css_animation=&#8221;fadeInRight&#8221; el_class=&#8221;text-blue square-heading square-dental&#8221;][vc_column_text css_animation=&#8221;fadeInRight&#8221;]Mit unseren offenen und flexiblen L\u00f6sungen wird ein Service auf h\u00f6chstem Niveau geboten. Die Softwarel\u00f6sungen bieten unter anderem:\r\n<ul>\r\n \t<li><strong>Benutzerfreundlichkeit<\/strong>: Schnellere Einarbeitung dank intuitiver Bedienung.<\/li>\r\n \t<li><strong>Kosteneffizienz<\/strong>: Erschwinglich, bei gleichzeitig hoher Anpassungsf\u00e4higkeit.<\/li>\r\n \t<li><strong>Zuverl\u00e4ssigkeit<\/strong>: Verl\u00e4ssliche Ergebnisse \u2013 unabh\u00e4ngig von Maschinentyp, Material oder Werkzeug.<\/li>\r\n \t<li><strong>Support<\/strong>: Qualifizierte Unterst\u00fctzung f\u00fcr einen reibungslosen Workflow und minimale Ausfallzeiten.<\/li>\r\n<\/ul>\r\n[\/vc_column_text][\/vc_column_inner][\/vc_row_inner][vc_separator][vc_separator][vc_row_inner][vc_column_inner width=&#8221;3\/4&#8243;][vc_custom_heading text=&#8221;Fr\u00e4szentren&#8221; google_fonts=&#8221;font_family:Roboto%3A100%2C100italic%2C300%2C300italic%2Cregular%2Citalic%2C500%2C500italic%2C700%2C700italic%2C900%2C900italic|font_style:700%20bold%20regular%3A700%3Anormal&#8221; css_animation=&#8221;fadeInLeft&#8221; el_class=&#8221;text-blue square-heading square-dental&#8221;][vc_column_text css_animation=&#8221;fadeInLeft&#8221;]Ob komplexe Produktionsabl\u00e4ufe oder einfache Projekte \u2013 auf unsere Softwarel\u00f6sungen ist Verlass:\r\n<ul>\r\n \t<li><strong>Produktivit\u00e4t<\/strong>:\u00a0 Zahlreiche Automatisierungen unterst\u00fctzen hohe Produktionsraten bei gleichbleibender Bauteilqualit\u00e4t.<\/li>\r\n \t<li><strong>Vielseitigkeit<\/strong>: Verschiedene Werkzeuge und Materialien lassen sich kombinieren, unabh\u00e4ngig vom Maschinenhersteller. Strategien k\u00f6nnen flexibel angepasst werden \u2013 f\u00fcr einfache wie komplexe Projekte.<\/li>\r\n \t<li><strong>Effizienz<\/strong>: Mehrere Bearbeitungsphasen \u2013 von der Projektplanung bis zum Drucken oder Fr\u00e4sen \u2013 lassen sich \u00fcber eine einzige Oberfl\u00e4che verwalten, was Zeit bei der Ausf\u00fchrung spart.<\/li>\r\n<\/ul>\r\n[\/vc_column_text][\/vc_column_inner][vc_column_inner width=&#8221;1\/4&#8243; css=&#8221;.vc_custom_1632926940021{padding-left: 20px !important;}&#8221;][vc_single_image image=&#8221;6739&#8243; img_size=&#8221;medium&#8221; css_animation=&#8221;fadeInLeft&#8221;][\/vc_column_inner][\/vc_row_inner][vc_separator][vc_separator][vc_row_inner][vc_column_inner width=&#8221;1\/4&#8243;][vc_single_image image=&#8221;6735&#8243; img_size=&#8221;medium&#8221; css_animation=&#8221;fadeInRight&#8221;][\/vc_column_inner][vc_column_inner width=&#8221;3\/4&#8243; css=&#8221;.vc_custom_1632926940021{padding-left: 20px !important;}&#8221;][vc_custom_heading text=&#8221;OEM&#8221; google_fonts=&#8221;font_family:Roboto%3A100%2C100italic%2C300%2C300italic%2Cregular%2Citalic%2C500%2C500italic%2C700%2C700italic%2C900%2C900italic|font_style:700%20bold%20regular%3A700%3Anormal&#8221; css_animation=&#8221;fadeInRight&#8221; el_class=&#8221;text-blue square-heading square-dental&#8221;][vc_column_text css_animation=&#8221;fadeInRight&#8221;]Unser Ziel ist es, Produkte anzubieten, die vielseitig, offen und erschwinglich sind. Manche Anwender m\u00f6chten die Software bis ins Detail selbst steuern, andere bevorzugen eine schl\u00fcsselfertige L\u00f6sung. In jedem Fall unterst\u00fctzen unsere Softwarel\u00f6sungen Sie zuverl\u00e4ssig \u2013 dank:\r\n<ul>\r\n \t<li><strong>Kompatibilit\u00e4t: <\/strong>Funktioniert zuverl\u00e4ssig mit allen Maschinen, Materialien und Werkzeugen.<strong>\r\n<\/strong><\/li>\r\n \t<li><strong>Anpassbarkeit<\/strong>: Individuelle L\u00f6sungen f\u00fcr optimale Leistung nach speziellen Anforderungen.<\/li>\r\n \t<li><strong>Innovation: <\/strong>Stetige Weiterentwicklung f\u00fcr modernste Ergebnisse.<strong>\r\n<\/strong><\/li>\r\n<\/ul>\r\n[\/vc_column_text][\/vc_column_inner][\/vc_row_inner][\/vc_column][\/vc_row][vc_row][vc_column][vc_empty_space][\/vc_column][\/vc_row][vc_row][vc_column width=&#8221;1\/6&#8243;][\/vc_column][vc_column width=&#8221;2\/3&#8243; css=&#8221;.vc_custom_1713280864787{background-color: #facd00 !important;}&#8221;][vc_tta_pageable no_fill_content_area=&#8221;true&#8221; active_section=&#8221;1&#8243; pagination_style=&#8221;flat-rounded&#8221; pagination_color=&#8221;black&#8221;][vc_tta_section title=&#8221;Section 1&#8243; tab_id=&#8221;1691268185879-a0bf36f4-6008&#8243;][vc_single_image image=&#8221;4668&#8243; alignment=&#8221;center&#8221; style=&#8221;vc_box_border_circle_2&#8243; border_color=&#8221;white&#8221;][vc_column_text el_class=&#8221;fs1rem&#8221;]\r\n<p style=\"text-align: center;\">\u201c<i>We chose\u00a0<strong>MillBox<\/strong>\u00a0because it\u2019s a reliable and friendly software, it allows me to do the most diverse types of jobs in different materials with the quality I need for my laboratory. I can count on\u00a0<strong>CIMsystem<\/strong>\u00a0at any time, whether it&#8217;s technical support or the development team&#8217;s commitment to understand our real need and implement tools and milling strategies that improve my digital workflow. I&#8217;ve been using CIMsystem&#8217;s software for almost 10 years and it keeps surprising me regarding the new features<\/i>\u201d.<\/p>\r\n<p style=\"text-align: center;\">Alexandre Matias \u2013 Owner &amp; Dental Technician\r\n<a href=\"https:\/\/www.bluedigitallab.com\/\"><strong>Blue Digital Lab &#8211; Brazil<\/strong><\/a><\/p>\r\n[\/vc_column_text][\/vc_tta_section][vc_tta_section title=&#8221;Section 2&#8243; tab_id=&#8221;1691268185885-f8f6a19a-9e7e&#8221;][vc_single_image image=&#8221;4670&#8243; alignment=&#8221;center&#8221; style=&#8221;vc_box_border_circle_2&#8243; border_color=&#8221;white&#8221;][vc_column_text el_class=&#8221;fs1rem&#8221;]\r\n<p style=\"text-align: center;\">\u201c<i>I feel I have several benefits of working with\u00a0<strong>CIMSystem<\/strong>, but if I had to choose one, it is my relationship with Luigi and the team at CIMsystem. From this highly collaborative approach, and understanding of what we need as a solely full jaw rehabilitation company, we have managed to innovate several unique strategies which have been extremely beneficial to patients. We also managed to innovate the Evo Solution, which is a two part milling strategy which is available in\u00a0<strong>MillBox<\/strong>\u00a0today.<\/i>\u201d<\/p>\r\n<p style=\"text-align: center;\">Manoj Vijay \u2013 Technology Director\r\n<strong>EvoDental &#8211; UK<\/strong><\/p>\r\n[\/vc_column_text][\/vc_tta_section][vc_tta_section title=&#8221;Section&#8221; tab_id=&#8221;1691268263070-dd0bbae4-fd20&#8243;][vc_single_image image=&#8221;4672&#8243; alignment=&#8221;center&#8221; style=&#8221;vc_box_border_circle_2&#8243; border_color=&#8221;white&#8221;][vc_column_text el_class=&#8221;fs1rem&#8221;]\r\n<p style=\"text-align: center;\">\u201c<i>We have chosen\u00a0<strong>MillBox<\/strong>\u00a0because it is an extremely efficient solution for the dental industry, capable of interpreting all types of data from the various CAD systems. It&#8217;s a very flexible software, which guarantees an extremely easy and intuitive workflow in daily use, but at the same time it&#8217;s able to offer infinite possibilities for customizing the software and the final product, thanks to the rapidity of the development team. Our collaboration with\u00a0<strong>CIMsystem<\/strong>\u00a0is long-lasting and extremely satisfying.<\/i>\u201d<\/p>\r\n<p style=\"text-align: center;\">Niccol\u00f2 Pesce \u2013 Digital Consultant\r\n<strong>Argen Group &#8211; Germany<\/strong><\/p>\r\n[\/vc_column_text][\/vc_tta_section][\/vc_tta_pageable][\/vc_column][vc_column width=&#8221;1\/6&#8243;][\/vc_column][\/vc_row][vc_row][vc_column][vc_empty_space height=&#8221;100px&#8221;][\/vc_column][\/vc_row]<\/section>","protected":false},"excerpt":{"rendered":"Unsere Kunden","protected":false},"author":2,"featured_media":0,"parent":0,"menu_order":0,"comment_status":"closed","ping_status":"closed","template":"","meta":[],"acf":[],"aioseo_notices":[],"_links":{"self":[{"href":"https:\/\/www.cimsystem.com\/dental\/de\/wp-json\/wp\/v2\/pages\/8743"}],"collection":[{"href":"https:\/\/www.cimsystem.com\/dental\/de\/wp-json\/wp\/v2\/pages"}],"about":[{"href":"https:\/\/www.cimsystem.com\/dental\/de\/wp-json\/wp\/v2\/types\/page"}],"author":[{"embeddable":true,"href":"https:\/\/www.cimsystem.com\/dental\/de\/wp-json\/wp\/v2\/users\/2"}],"replies":[{"embeddable":true,"href":"https:\/\/www.cimsystem.com\/dental\/de\/wp-json\/wp\/v2\/comments?post=8743"}],"version-history":[{"count":7,"href":"https:\/\/www.cimsystem.com\/dental\/de\/wp-json\/wp\/v2\/pages\/8743\/revisions"}],"predecessor-version":[{"id":9660,"href":"https:\/\/www.cimsystem.com\/dental\/de\/wp-json\/wp\/v2\/pages\/8743\/revisions\/9660"}],"wp:attachment":[{"href":"https:\/\/www.cimsystem.com\/dental\/de\/wp-json\/wp\/v2\/media?parent=8743"}],"curies":[{"name":"wp","href":"https:\/\/api.w.org\/{rel}","templated":true}]}}