{"id":8817,"date":"2018-01-01T12:06:08","date_gmt":"2018-01-01T11:06:08","guid":{"rendered":"https:\/\/www.cimsystem.com\/dental\/download-trials\/"},"modified":"2026-03-19T14:50:05","modified_gmt":"2026-03-19T13:50:05","slug":"testlizenz-herunterladen","status":"publish","type":"page","link":"https:\/\/www.cimsystem.com\/dental\/de\/testlizenz-herunterladen\/","title":{"rendered":"Testlizenz herunterladen"},"content":{"rendered":"<section class=\"wpb-content-wrapper\">[vc_row full_width=&#8221;stretch_row_content&#8221; equal_height=&#8221;yes&#8221; css=&#8221;.vc_custom_1690470444965{padding-top: 0px !important;padding-right: 0px !important;padding-bottom: 0px !important;padding-left: 0px !important;background-position: center !important;background-repeat: no-repeat !important;background-size: cover !important;}&#8221;][vc_column css=&#8221;.vc_custom_1693998489687{margin-top: 0px !important;margin-right: 0px !important;margin-bottom: 0px !important;margin-left: 0px !important;padding-top: 0px !important;padding-right: 0px !important;padding-bottom: 0px !important;padding-left: 0px !important;}&#8221; offset=&#8221;vc_hidden-lg vc_hidden-md&#8221;][vc_single_image image=&#8221;6383&#8243; img_size=&#8221;full&#8221; css=&#8221;.vc_custom_1722002373859{margin-top: 0px !important;margin-bottom: -35px !important;}&#8221;][\/vc_column][\/vc_row][vc_row full_width=&#8221;stretch_row_content&#8221; equal_height=&#8221;yes&#8221; css=&#8221;.vc_custom_1690470444965{padding-top: 0px !important;padding-right: 0px !important;padding-bottom: 0px !important;padding-left: 0px !important;background-position: center !important;background-repeat: no-repeat !important;background-size: cover !important;}&#8221;][vc_column css_animation=&#8221;fadeInLeft&#8221; width=&#8221;1\/3&#8243; css=&#8221;.vc_custom_1704465934579{margin-top: 0px !important;margin-right: 0px !important;margin-bottom: 0px !important;margin-left: 0px !important;padding-top: 0px !important;padding-right: 0px !important;padding-bottom: 0px !important;padding-left: 0px !important;background-color: #1b1464 !important;}&#8221; el_class=&#8221;product_hero_title&#8221;][vc_empty_space height=&#8221;50px&#8221;][vc_custom_heading text=&#8221;Downloads&#8221; font_container=&#8221;tag:h1|text_align:left|color:%23ffffff&#8221; google_fonts=&#8221;font_family:Roboto%20Condensed%3A300%2C300italic%2Cregular%2Citalic%2C700%2C700italic|font_style:700%20bold%20regular%3A700%3Anormal&#8221;][vc_custom_heading text=&#8221;Tests, Updates und Dokumentationen&#8221; font_container=&#8221;tag:h3|text_align:left|color:%23ffffff&#8221; google_fonts=&#8221;font_family:Roboto%3A100%2C100italic%2C300%2C300italic%2Cregular%2Citalic%2C500%2C500italic%2C700%2C700italic%2C900%2C900italic|font_style:400%20regular%3A400%3Anormal&#8221;][vc_empty_space height=&#8221;80px&#8221;][\/vc_column][vc_column css_animation=&#8221;fadeInLeft&#8221; width=&#8221;2\/3&#8243; css=&#8221;.vc_custom_1704468171636{margin-top: 0px !important;margin-right: 0px !important;margin-bottom: 0px !important;margin-left: 0px !important;padding-top: 0px !important;padding-right: 0px !important;padding-bottom: 0px !important;padding-left: 0px !important;background-image: url(https:\/\/www.cimsystem.com\/dental\/wp-content\/uploads\/sites\/2\/2024\/01\/cimsystem-software-trials-1.png?id=6383) !important;background-position: center !important;background-repeat: no-repeat !important;background-size: cover !important;}&#8221; offset=&#8221;vc_hidden-sm vc_hidden-xs&#8221;][vc_empty_space height=&#8221;500px&#8221;][\/vc_column][\/vc_row][vc_row][vc_column][vc_column_text]\r\n<div>\r\n<div><input type=\"hidden\" id=\"hid_mode\" name=\"hid_mode\" value=\"DENTALUPDATES\"><input type=\"hidden\" id=\"hid_prev_path\" name=\"hid_prev_path\" value=\"\"><input type=\"hidden\" id=\"hid_path\" name=\"hid_path\" value=\"\"><input type=\"hidden\" id=\"hid_style\" name=\"hid_style\" value=\"LIST\">\t<div id=\"dv_loading\" class=\"col-xs-12 col-sm-12 col-md-12 col-lg-12\" style=\"display:none;\">Ergebnisse laden...<\/div>\r\n\t\t\t\t\t<div id=\"dv_contents\" class=\"col-xs-12 col-sm-12 col-md-12 col-lg-12\" style=\"display:none;margin-bottom:100px;\"><\/div>\r\n\t\t\t\t\t<div id=\"dv_error\" class=\"col-xs-12 col-sm-12 col-md-12 col-lg-12\" style=\"display:none;\">Server-Fehler. Bitte warten und erneut versuchen.<\/div>\r\n\t\t\t\t\t<div id=\"dv_timeout\" class=\"col-xs-12 col-sm-12 col-md-12 col-lg-12\" style=\"display:none;\">Server-Timeout. Bitte warten und erneut versuchen.<\/div>\r\n\t<form class=\"form-basic cim-form\" method=\"post\" action=\"#\" id=\"frmTrialsAccess\">\r\n\t<input type=\"hidden\" id=\"act\" name=\"act\" value=\"act_lgn_trl\">\r\n\t\r\n\t<div class=\"col-sm-6\" style=\"padding:0px;padding-bottom:5px;margin-bottom:20px;padding-right:20px;\">\r\n\t\t<div class=\"col-xs-4\" style=\"padding:0px;padding-top:10px;font-size:1rem;color:black;\">Vollst\u00e4ndiger Name:\t<\/div>\r\n\t\t<div class=\"col-xs-8\" style=\"padding:0px;\">\r\n\t<input type=\"text\" id=\"fullname\" name=\"fullname\" class=\"xxxcim-form-input\" value=\"\" style=\"width:100%;font-size: 1rem;color:black;\" \/>\r\n\t\t<\/div>\r\n\t<\/div>\r\n\t\r\n\t<div class=\"col-sm-6\" style=\"padding:0px;padding-bottom:5px;margin-bottom:20px;\">\r\n\t\t<div class=\"col-xs-4\" style=\"padding:0px;padding-top:10px;font-size:1rem;color:black;\">Firma:\t<\/div>\r\n\t\t<div class=\"col-xs-8\" style=\"padding:0px;\">\r\n\t<input type=\"text\" id=\"companyname\" name=\"companyname\" class=\"xxxcim-form-input\" value=\"\" style=\"width:100%;font-size: 1rem;color:black;\" \/>\r\n\t\t<\/div>\r\n\t<\/div>\r\n\t\r\n\t<div class=\"col-sm-6\" style=\"padding:0px;padding-bottom:5px;margin-bottom:20px;padding-right:20px;\">\r\n\t\t<div class=\"col-xs-4\" style=\"padding:0px;padding-top:10px;font-size:1rem;color:black;\">Telefon:<\/div>\r\n\t\t<div class=\"col-xs-8\" style=\"padding:0px;\">\r\n\t<input type=\"text\" id=\"telephone\" name=\"telephone\" class=\"xxxcim-form-input\" value=\"\" style=\"width:100%;font-size: 1rem;color:black;\" \/>\r\n\t\t<\/div>\r\n\t<\/div>\r\n\t\r\n\t<div class=\"col-sm-6\" style=\"padding:0px;padding-bottom:5px;margin-bottom:20px;\">\r\n\t\t<div class=\"col-xs-4\" style=\"padding:0px;padding-top:10px;font-size:1rem;color:black;\">Email:<\/div>\r\n\t\t<div class=\"col-xs-8\" style=\"padding:0px;\">\r\n\t<input type=\"text\" id=\"email\" name=\"email\" class=\"xxxcim-form-input\" value=\"\" style=\"width:100%;font-size: 1rem;color:black;\" \/>\r\n\t\t<\/div>\r\n\t<\/div>\r\n\t\r\n\t<div class=\"col-xs-12 col-sm-12 col-md-12 col-lg-12\" style=\"margin-top:20px;padding:0px;\"><strong>Verarbeitung personenbezogener Daten im Einklang mit dem Datenschutz-GDPR-Regelung (GDPR) (EU) 2016\/679<\/strong><br>\r\n\t\tWir informieren Sie, dass die von Ihnen bereitgestellten Daten zur Abwicklung unserer Leistungen und der damit verbundenen Kommunikationen verarbeitet werden. Diese Daten werden nicht an Dritte weitergegeben und sind au\u00dferhalb der durch Gesetz oder von Unternehmen, die direkt mit Cimsystem s.r.l. in Kontakt stehen, vorgesehenen F\u00e4lle nicht zug\u00e4nglich. Durch die Eingabe Ihrer Daten geben Sie uns die Erlaubnis zur Verarbeitung.<\/div>\r\n\t\r\n\t\r\n\t<div class=\"col-sm-12 text-center\" style=\"margin-top:0px;\">\r\n\t\t<label>\r\n\t\t\t<input id=\"agreeY\" name=\"agree\" value=\"Y\" type=\"checkbox\">&nbsp;&nbsp;Ich stimme den Bedingungen der Datenverarbeitung zu\t<\/label>\r\n\t<\/div>\r\n\t<div class=\"col-sm-12 text-center\">\r\n\t\t<label>\r\n\t\t\t<input id=\"newsletterY\" name=\"newsletter\" value=\"Y\" type=\"checkbox\" checked=\"checked\">&nbsp;&nbsp;Ich m\u00f6chte die CIMsystem-Newsletter abonnieren<\/label>\r\n\t<\/div>\r\n\t\r\n\t<div class=\"col-xs-12 col-sm-12 col-md-12 col-lg-12\" style=\"margin-top:20px;margin-bottom:50px;text-align:center;\">\r\n\t<button type=\"button\" onclick=\"frm_check_submit('frmTrialsAccess');\" class=\"btn generic-form-submit-blue\">Senden<\/button>\r\n\t<\/div>\r\n\t\r\n\t<\/form>\r\n\t<script language=\"javascript\"><!--\r\n\tjQuery(document).ready(function(){ dw_trials_show(); });\r\n\t--><\/script><\/div>\r\n<\/div>\r\n[\/vc_column_text][\/vc_column][\/vc_row]<\/section>","protected":false},"excerpt":{"rendered":"Downloads von Testlizenzen, Dokumentationen usw.","protected":false},"author":2,"featured_media":0,"parent":0,"menu_order":0,"comment_status":"closed","ping_status":"closed","template":"","meta":[],"acf":[],"aioseo_notices":[],"_links":{"self":[{"href":"https:\/\/www.cimsystem.com\/dental\/de\/wp-json\/wp\/v2\/pages\/8817"}],"collection":[{"href":"https:\/\/www.cimsystem.com\/dental\/de\/wp-json\/wp\/v2\/pages"}],"about":[{"href":"https:\/\/www.cimsystem.com\/dental\/de\/wp-json\/wp\/v2\/types\/page"}],"author":[{"embeddable":true,"href":"https:\/\/www.cimsystem.com\/dental\/de\/wp-json\/wp\/v2\/users\/2"}],"replies":[{"embeddable":true,"href":"https:\/\/www.cimsystem.com\/dental\/de\/wp-json\/wp\/v2\/comments?post=8817"}],"version-history":[{"count":5,"href":"https:\/\/www.cimsystem.com\/dental\/de\/wp-json\/wp\/v2\/pages\/8817\/revisions"}],"predecessor-version":[{"id":9657,"href":"https:\/\/www.cimsystem.com\/dental\/de\/wp-json\/wp\/v2\/pages\/8817\/revisions\/9657"}],"wp:attachment":[{"href":"https:\/\/www.cimsystem.com\/dental\/de\/wp-json\/wp\/v2\/media?parent=8817"}],"curies":[{"name":"wp","href":"https:\/\/api.w.org\/{rel}","templated":true}]}}