{"id":9215,"date":"2025-09-16T23:42:48","date_gmt":"2025-09-16T21:42:48","guid":{"rendered":"https:\/\/www.cimsystem.com\/dental\/?page_id=9215"},"modified":"2026-03-19T16:13:59","modified_gmt":"2026-03-19T15:13:59","slug":"cad-cam-software-2","status":"publish","type":"page","link":"https:\/\/www.cimsystem.com\/dental\/de\/cad-cam-software-2\/","title":{"rendered":"Home page Dental (de) (temp)"},"content":{"rendered":"<section class=\"wpb-content-wrapper\">[vc_row full_width=&#8221;stretch_row_content&#8221; equal_height=&#8221;yes&#8221;][vc_column css_animation=&#8221;fadeInLeft&#8221; width=&#8221;1\/2&#8243; css=&#8221;.vc_custom_1712754280065{background-color: #e7e9ee !important;}&#8221;][vc_row_inner][vc_column_inner width=&#8221;1\/4&#8243;][\/vc_column_inner][vc_column_inner width=&#8221;1\/2&#8243;][vc_empty_space][vc_custom_heading text=&#8221;Dentale CAD\/CAM-Software&#8221; font_container=&#8221;tag:h1|text_align:left&#8221; google_fonts=&#8221;font_family:Roboto%20Condensed%3A300%2C300italic%2Cregular%2Citalic%2C700%2C700italic|font_style:700%20bold%20regular%3A700%3Anormal&#8221;][vc_custom_heading text=&#8221;F\u00fcr Fr\u00e4szentren und Dentallabore&#8221; font_container=&#8221;tag:h3|text_align:left&#8221; google_fonts=&#8221;font_family:Roboto%3A100%2C100italic%2C300%2C300italic%2Cregular%2Citalic%2C500%2C500italic%2C700%2C700italic%2C900%2C900italic|font_style:400%20regular%3A400%3Anormal&#8221;][vc_empty_space height=&#8221;80px&#8221;][vc_btn title=&#8221;<strong>MILLBOX<\/strong> latest release notes&#8221; style=&#8221;flat&#8221; shape=&#8221;square&#8221; color=&#8221;sky&#8221; size=&#8221;lg&#8221; i_align=&#8221;right&#8221; i_icon_fontawesome=&#8221;fas fa-caret-right&#8221; add_icon=&#8221;true&#8221; link=&#8221;url:%2Fdental%2Fproducts%2Fmillbox-news%2F&#8221; el_class=&#8221;bck_cim_blue&#8221;][\/vc_column_inner][vc_column_inner width=&#8221;1\/4&#8243;][\/vc_column_inner][\/vc_row_inner][\/vc_column][vc_column css_animation=&#8221;fadeInLeft&#8221; width=&#8221;1\/2&#8243; css=&#8221;.vc_custom_1712754269752{margin-top: 0px !important;margin-right: 0px !important;margin-bottom: 0px !important;margin-left: 0px !important;padding-top: 0px !important;padding-right: 0px !important;padding-bottom: 0px !important;padding-left: 0px !important;}&#8221;][vc_single_image image=&#8221;5316&#8243; img_size=&#8221;full&#8221; css_animation=&#8221;fadeInLeft&#8221; css=&#8221;.vc_custom_1693379779490{margin-top: 0px !important;margin-right: 0px !important;margin-bottom: 0px !important;margin-left: 0px !important;}&#8221; el_class=&#8221;hmimgdx1&#8243;][\/vc_column][\/vc_row][vc_row css_animation=&#8221;fadeInDown&#8221;][vc_column][vc_empty_space height=&#8221;80px&#8221;][vc_row_inner][vc_column_inner width=&#8221;1\/4&#8243;][vc_single_image image=&#8221;5321&#8243; img_size=&#8221;320&#215;320&#8243; alignment=&#8221;center&#8221; css_animation=&#8221;none&#8221;][\/vc_column_inner][vc_column_inner width=&#8221;3\/4&#8243;][vc_custom_heading text=&#8221;Innovative und anwenderfreundliche CAD\/CAM-Software&#8221; google_fonts=&#8221;font_family:Roboto%20Condensed%3A300%2C300italic%2Cregular%2Citalic%2C700%2C700italic|font_style:700%20bold%20regular%3A700%3Anormal&#8221;][vc_custom_heading text=&#8221;CIMsystem entwickelt und vertreibt CAD\/CAM-Software f\u00fcr den dentalen Fertigungssektor. Mit technologisch innovativen L\u00f6sungen steigern wir die Qualit\u00e4t und Effizienz von Dentallaboren, Kliniken und Fr\u00e4szentren entlang des gesamten dentalen Fertigungsprozesses.&#8221; font_container=&#8221;tag:p|text_align:left&#8221; google_fonts=&#8221;font_family:Roboto%3A100%2C100italic%2C300%2C300italic%2Cregular%2Citalic%2C500%2C500italic%2C700%2C700italic%2C900%2C900italic|font_style:400%20regular%3A400%3Anormal&#8221;][\/vc_column_inner][\/vc_row_inner][vc_empty_space][\/vc_column][\/vc_row][vc_row css_animation=&#8221;fadeInDown&#8221;][vc_column][vc_custom_heading text=&#8221;Entdecken Sie unsere f\u00fchrenden Dental-CAM-L\u00f6sungen&#8221; font_container=&#8221;tag:h2|text_align:center|color:%23000000&#8243; google_fonts=&#8221;font_family:Roboto%20Condensed%3A300%2C300italic%2Cregular%2Citalic%2C700%2C700italic|font_style:700%20bold%20regular%3A700%3Anormal&#8221;][vc_empty_space height=&#8221;16px&#8221;][\/vc_column][\/vc_row][vc_row gap=&#8221;10&#8243; css_animation=&#8221;fadeInDown&#8221; css=&#8221;.vc_custom_1712754317030{margin-bottom: 140px !important;}&#8221;][vc_column width=&#8221;1\/3&#8243; css=&#8221;.vc_custom_1690317027274{padding-top: 0px !important;padding-right: 0px !important;padding-bottom: 0px !important;padding-left: 0px !important;}&#8221; el_class=&#8221;h-col-center&#8221;][vc_custom_heading text=&#8221;MillBox&#8221; google_fonts=&#8221;font_family:Roboto%3A100%2C100italic%2C300%2C300italic%2Cregular%2Citalic%2C500%2C500italic%2C700%2C700italic%2C900%2C900italic|font_style:700%20bold%20regular%3A700%3Anormal&#8221; el_class=&#8221;square-heading square-dental&#8221;][vc_column_text css_animation=&#8221;fadeIn&#8221; css=&#8221;.vc_custom_1773931578642{margin-top: 40px !important;padding-right: 20px !important;padding-left: 20px !important;}&#8221;]\r\n<p style=\"text-align: left;\"><strong>MillBox<\/strong> \u2013 Dental-CAM f\u00fcr jede Restauration<\/p>\r\n<p style=\"text-align: left;\">Fr\u00e4sen Sie jede Restauration aus jedem Material auf jeder Maschine. Voll kompatibel mit allen CAD-Systemen, hochgradig anpassbar und mit zahlreichen vorkonfigurierten Strategien ausgestattet \u2013 oder erstellen Sie eigene mit dem Advanced-Strategy-Modul.<\/p>\r\n[\/vc_column_text][vc_btn title=&#8221;Mehr erfahren&#8221; style=&#8221;flat&#8221; shape=&#8221;square&#8221; color=&#8221;primary&#8221; i_align=&#8221;right&#8221; i_icon_fontawesome=&#8221;fas fa-caret-right&#8221; css_animation=&#8221;fadeIn&#8221; add_icon=&#8221;true&#8221; link=&#8221;url:https%3A%2F%2Fwww.cimsystem.com%2Fdental%2Fde%2Fproducts%2Fmillbox%2F&#8221; el_class=&#8221;bck_cim_blue&#8221; css=&#8221;.vc_custom_1758102619995{margin-left: 18px !important;}&#8221;][\/vc_column][vc_column width=&#8221;1\/3&#8243; css=&#8221;.vc_custom_1690317134397{padding-top: 0px !important;padding-right: 0px !important;padding-bottom: 0px !important;padding-left: 0px !important;}&#8221; el_class=&#8221;h-col-center&#8221;][vc_custom_heading text=&#8221;Make&amp;Mill&#8221; google_fonts=&#8221;font_family:Roboto%3A100%2C100italic%2C300%2C300italic%2Cregular%2Citalic%2C500%2C500italic%2C700%2C700italic%2C900%2C900italic|font_style:700%20bold%20regular%3A700%3Anormal&#8221; el_class=&#8221;square-heading square-dental&#8221;][vc_column_text css_animation=&#8221;fadeIn&#8221; css=&#8221;.vc_custom_1773932961896{margin-top: 40px !important;padding-right: 20px !important;padding-left: 20px !important;}&#8221;]\r\n<p style=\"text-align: left;\"><strong data-start=\"100\" data-end=\"168\">Make&amp;Mill<\/strong> \u2013 additive und subtraktive Fertigung in einer Software<\/p>\r\n<p style=\"text-align: left;\">Das Zusatzmodul f\u00fcr MillBox vereint 3D-Druck und Fr\u00e4sen in einem Workflow. Nach der additiven Fertigung eines Objekts aus gesintertem Metall oder Harzen erm\u00f6glicht Make&amp;Mill, \u00fcbersch\u00fcssiges Material pr\u00e4zise abzutragen.<\/p>\r\n[\/vc_column_text][vc_btn title=&#8221;Mehr erfahren&#8221; style=&#8221;flat&#8221; shape=&#8221;square&#8221; color=&#8221;primary&#8221; i_align=&#8221;right&#8221; i_icon_fontawesome=&#8221;fas fa-caret-right&#8221; css_animation=&#8221;fadeIn&#8221; add_icon=&#8221;true&#8221; link=&#8221;url:https%3A%2F%2Fwww.cimsystem.com%2Fdental%2Fde%2Fproducts%2Fmakemill%2F|target:_blank&#8221; el_class=&#8221;bck_cim_blue&#8221; css=&#8221;.vc_custom_1758102605866{margin-left: 18px !important;}&#8221;][\/vc_column][vc_column width=&#8221;1\/3&#8243; css=&#8221;.vc_custom_1690317037444{padding-top: 0px !important;padding-right: 0px !important;padding-bottom: 0px !important;padding-left: 0px !important;}&#8221; el_class=&#8221;h-col-center&#8221;][vc_custom_heading text=&#8221;Pyramis&#8221; google_fonts=&#8221;font_family:Roboto%3A100%2C100italic%2C300%2C300italic%2Cregular%2Citalic%2C500%2C500italic%2C700%2C700italic%2C900%2C900italic|font_style:700%20bold%20regular%3A700%3Anormal&#8221; el_class=&#8221;square-heading square-dental&#8221;][vc_column_text css_animation=&#8221;fadeIn&#8221; css=&#8221;.vc_custom_1773933023278{margin-top: 40px !important;padding-right: 20px !important;padding-left: 20px !important;}&#8221;]\r\n<p style=\"text-align: left;\"><strong>Pyramis<\/strong> &#8211; 3D-Druckprozesse effizient managen<\/p>\r\n<p style=\"text-align: left;\">Pyramis ist die umfassende L\u00f6sung f\u00fcr das Management Ihrer 3D-Druckprozesse. Zahlreiche automatisierte Funktionen machen die Fertigung beliebiger 3D-gedruckter Objekte einfach und effizient \u2013 darunter automatisches Nesting, automatische Teilerkennung sowie Ausrichtungs- und Stiftpositionierung.<\/p>\r\n[\/vc_column_text][vc_btn title=&#8221;Mehr erfahren&#8221; style=&#8221;flat&#8221; shape=&#8221;square&#8221; color=&#8221;primary&#8221; align=&#8221;left&#8221; i_align=&#8221;right&#8221; i_icon_fontawesome=&#8221;fas fa-caret-right&#8221; css_animation=&#8221;fadeIn&#8221; add_icon=&#8221;true&#8221; link=&#8221;url:https%3A%2F%2Fwww.cimsystem.com%2Fdental%2Fde%2Fproducts%2Fpyramis%2F&#8221; el_class=&#8221;bck_cim_blue&#8221; css=&#8221;.vc_custom_1758102575823{margin-left: 18px !important;}&#8221;][\/vc_column][\/vc_row][vc_section css=&#8221;.vc_custom_1712848458824{margin-top: -50px !important;}&#8221;][vc_row full_width=&#8221;stretch_row_content&#8221; equal_height=&#8221;yes&#8221; css=&#8221;.vc_custom_1712848396741{margin-top: 120px !important;margin-bottom: -35px !important;padding-top: 30px !important;padding-bottom: 20px !important;background-position: center !important;background-repeat: no-repeat !important;background-size: cover !important;}&#8221; el_class=&#8221;product_bottom&#8221;][vc_column width=&#8221;1\/2&#8243; css=&#8221;.vc_custom_1712848818715{background-color: #facd00 !important;}&#8221;][vc_empty_space height=&#8221;0px&#8221;][vc_column_text]\r\n<h3 style=\"text-align: center;\"><strong>Sind Sie an unseren Produkten interessiert?<\/strong><\/h3>\r\n[\/vc_column_text][vc_btn title=&#8221;Kontaktieren Sie uns&#8221; style=&#8221;flat&#8221; shape=&#8221;round&#8221; color=&#8221;primary&#8221; size=&#8221;lg&#8221; align=&#8221;center&#8221; link=&#8221;url:%2Fdental%2Fcontact-us%2F|title:Contact%20us&#8221;][vc_empty_space height=&#8221;57px&#8221;][\/vc_column][vc_column width=&#8221;1\/2&#8243; css=&#8221;.vc_custom_1712848185468{background-color: #ededed !important;}&#8221;][vc_empty_space height=&#8221;0px&#8221;][vc_column_text]\r\n<h3 style=\"text-align: center;\"><strong>M\u00f6chten Sie mehr \u00fcber CIMsystem erfahren?\r\n<\/strong><\/h3>\r\n[\/vc_column_text][vc_btn title=&#8221;\u00dcber uns&#8221; style=&#8221;flat&#8221; shape=&#8221;round&#8221; color=&#8221;primary&#8221; size=&#8221;lg&#8221; align=&#8221;center&#8221; link=&#8221;url:%2Fdental%2Fabout-us%2F|title:Chi%20siamo&#8221;][vc_empty_space height=&#8221;57px&#8221;][\/vc_column][\/vc_row][\/vc_section]<\/section>","protected":false},"excerpt":{"rendered":"CIMsystem entwickelt CAD\/CAM-Software f\u00fcr die dentale Fertigung und steigert Qualit\u00e4t und Effizienz von Laboren, Kliniken und Fr\u00e4szentren.","protected":false},"author":2,"featured_media":0,"parent":0,"menu_order":0,"comment_status":"closed","ping_status":"closed","template":"","meta":[],"acf":[],"aioseo_notices":[],"_links":{"self":[{"href":"https:\/\/www.cimsystem.com\/dental\/de\/wp-json\/wp\/v2\/pages\/9215"}],"collection":[{"href":"https:\/\/www.cimsystem.com\/dental\/de\/wp-json\/wp\/v2\/pages"}],"about":[{"href":"https:\/\/www.cimsystem.com\/dental\/de\/wp-json\/wp\/v2\/types\/page"}],"author":[{"embeddable":true,"href":"https:\/\/www.cimsystem.com\/dental\/de\/wp-json\/wp\/v2\/users\/2"}],"replies":[{"embeddable":true,"href":"https:\/\/www.cimsystem.com\/dental\/de\/wp-json\/wp\/v2\/comments?post=9215"}],"version-history":[{"count":10,"href":"https:\/\/www.cimsystem.com\/dental\/de\/wp-json\/wp\/v2\/pages\/9215\/revisions"}],"predecessor-version":[{"id":9664,"href":"https:\/\/www.cimsystem.com\/dental\/de\/wp-json\/wp\/v2\/pages\/9215\/revisions\/9664"}],"wp:attachment":[{"href":"https:\/\/www.cimsystem.com\/dental\/de\/wp-json\/wp\/v2\/media?parent=9215"}],"curies":[{"name":"wp","href":"https:\/\/api.w.org\/{rel}","templated":true}]}}