{"id":9865,"date":"2023-09-05T08:01:37","date_gmt":"2023-09-05T06:01:37","guid":{"rendered":"https:\/\/www.cimsystem.com\/dental\/fields-of-application\/"},"modified":"2026-04-23T10:49:03","modified_gmt":"2026-04-23T08:49:03","slug":"anwendungsbereiche","status":"publish","type":"page","link":"https:\/\/www.cimsystem.com\/dental\/de\/anwendungsbereiche\/","title":{"rendered":"Anwendungsbereiche"},"content":{"rendered":"<section class=\"wpb-content-wrapper\">[vc_row full_width=&#8221;stretch_row_content&#8221; equal_height=&#8221;yes&#8221; css=&#8221;.vc_custom_1690470444965{padding-top: 0px !important;padding-right: 0px !important;padding-bottom: 0px !important;padding-left: 0px !important;background-position: center !important;background-repeat: no-repeat !important;background-size: cover !important;}&#8221;][vc_column css=&#8221;.vc_custom_1693998489687{margin-top: 0px !important;margin-right: 0px !important;margin-bottom: 0px !important;margin-left: 0px !important;padding-top: 0px !important;padding-right: 0px !important;padding-bottom: 0px !important;padding-left: 0px !important;}&#8221; offset=&#8221;vc_hidden-lg vc_hidden-md&#8221;][vc_single_image image=&#8221;6325&#8243; img_size=&#8221;full&#8221; css=&#8221;.vc_custom_1722002098864{margin-top: 0px !important;margin-bottom: -35px !important;}&#8221;][\/vc_column][\/vc_row][vc_row full_width=&#8221;stretch_row_content&#8221; equal_height=&#8221;yes&#8221; css=&#8221;.vc_custom_1690470444965{padding-top: 0px !important;padding-right: 0px !important;padding-bottom: 0px !important;padding-left: 0px !important;background-position: center !important;background-repeat: no-repeat !important;background-size: cover !important;}&#8221;][vc_column css_animation=&#8221;fadeInLeft&#8221; width=&#8221;1\/3&#8243; css=&#8221;.vc_custom_1705937218888{margin-top: 0px !important;margin-right: 0px !important;margin-bottom: 0px !important;margin-left: 0px !important;padding-top: 0px !important;padding-right: 0px !important;padding-bottom: 0px !important;padding-left: 0px !important;background-color: #892787 !important;}&#8221; el_class=&#8221;product_hero_title&#8221;][vc_empty_space height=&#8221;140px&#8221;][vc_custom_heading text=&#8221;Anwendungsbereiche&#8221; font_container=&#8221;tag:h1|text_align:left|color:%23ffffff&#8221; google_fonts=&#8221;font_family:Roboto%20Condensed%3A300%2C300italic%2Cregular%2Citalic%2C700%2C700italic|font_style:700%20bold%20regular%3A700%3Anormal&#8221;][vc_empty_space height=&#8221;140px&#8221;][\/vc_column][vc_column css_animation=&#8221;fadeInLeft&#8221; width=&#8221;2\/3&#8243; css=&#8221;.vc_custom_1705936903602{margin-top: 0px !important;margin-right: 0px !important;margin-bottom: 0px !important;margin-left: 0px !important;padding-top: 0px !important;padding-right: 0px !important;padding-bottom: 0px !important;padding-left: 0px !important;background-image: url(https:\/\/www.cimsystem.com\/dental\/wp-content\/uploads\/sites\/2\/2023\/11\/Fileds-of-application.png?id=5894) !important;background-position: center !important;background-repeat: no-repeat !important;background-size: cover !important;}&#8221; offset=&#8221;vc_hidden-sm vc_hidden-xs&#8221;][vc_empty_space height=&#8221;600px&#8221;][\/vc_column][\/vc_row][vc_row css_animation=&#8221;fadeInDown&#8221; el_class=&#8221;tablet-rows tablet-rows-reverse anchor-space&#8221; css=&#8221;.vc_custom_1718973875397{margin-top: 4.625rem !important;margin-bottom: 2.75rem !important;}&#8221; el_id=&#8221;milling&#8221;][vc_column css=&#8221;.vc_custom_1703684441691{padding-top: 0px !important;padding-bottom: 0px !important;}&#8221;][vc_row_inner][vc_column_inner width=&#8221;1\/4&#8243; css=&#8221;.vc_custom_1703686914568{margin-bottom: 0px !important;}&#8221;][vc_single_image image=&#8221;5385&#8243; img_size=&#8221;full&#8221; css_animation=&#8221;none&#8221; css=&#8221;.vc_custom_1718973882896{margin-bottom: 0px !important;}&#8221;][\/vc_column_inner][vc_column_inner el_class=&#8221;last-child-no-margin&#8221; width=&#8221;3\/4&#8243;][vc_custom_heading text=&#8221;Fr\u00e4sen&#8221; google_fonts=&#8221;font_family:Roboto%3A100%2C100italic%2C300%2C300italic%2Cregular%2Citalic%2C500%2C500italic%2C700%2C700italic%2C900%2C900italic|font_style:700%20bold%20regular%3A700%3Anormal&#8221; css_animation=&#8221;none&#8221; el_class=&#8221;text-blue square-heading square-dental&#8221;][vc_custom_heading text=&#8221;Die am h\u00e4ufigsten eingesetzte Methode f\u00fcr hochwertige dentale Restaurationen&#8221; font_container=&#8221;tag:h3|text_align:left&#8221; use_theme_fonts=&#8221;yes&#8221; css_animation=&#8221;none&#8221;][vc_column_text css_animation=&#8221;none&#8221;]\r\n<p data-start=\"212\" data-end=\"499\">Trotz des materialabtragenden Verfahrens steht das Fr\u00e4sen f\u00fcr konstant hohe Qualit\u00e4t und pr\u00e4zise, reproduzierbare Ergebnisse \u2013 h\u00e4ufig ganz ohne Nachbearbeitung. Gleichzeitig profitieren Sie von modernster dentaler Fertigungstechnologie und einer \u00fcberzeugenden Investitionsrentabilit\u00e4t.<\/p>\r\n<p data-start=\"212\" data-end=\"499\">Mit MillBox, unserer leistungsstarken Dental-CAM-Software, fertigen Sie flexibel auf nahezu jeder offenen Fr\u00e4smaschine \u2013 unabh\u00e4ngig von Material und Restaurationsart. Die intuitive Benutzeroberfl\u00e4che und intelligente Automatisierungen sorgen f\u00fcr effiziente Prozesse und machen MillBox zu einer zuverl\u00e4ssigen, anwenderfreundlichen Komplettl\u00f6sung.<\/p>\r\nErfahren Sie mehr auf der <a href=\"https:\/\/www.cimsystem.com\/dental\/products\/millbox\/\"><strong>MillBox<\/strong> Seite<\/a>![\/vc_column_text][\/vc_column_inner][\/vc_row_inner][\/vc_column][\/vc_row][vc_row css=&#8221;.vc_custom_1703684188922{margin-top: 2.75rem !important;margin-bottom: 2.75rem !important;}&#8221;][vc_column css=&#8221;.vc_custom_1703684454519{padding-top: 0px !important;padding-bottom: 0px !important;}&#8221;][vc_separator css=&#8221;.vc_custom_1703684531579{margin-bottom: 0px !important;}&#8221;][\/vc_column][\/vc_row][vc_row equal_height=&#8221;yes&#8221; css_animation=&#8221;fadeInDown&#8221; el_class=&#8221;tablet-rows tablet-rows-reverse anchor-space&#8221; css=&#8221;.vc_custom_1718973919579{margin-top: 2.75rem !important;margin-bottom: 2.75rem !important;}&#8221; el_id=&#8221;3dprinting&#8221;][vc_column css=&#8221;.vc_custom_1703684461141{padding-top: 0px !important;padding-bottom: 0px !important;}&#8221;][vc_row_inner][vc_column_inner width=&#8221;3\/4&#8243; css=&#8221;.vc_custom_1703686869586{margin-bottom: 0px !important;}&#8221;][vc_custom_heading text=&#8221;3D-Druck&#8221; google_fonts=&#8221;font_family:Roboto%3A100%2C100italic%2C300%2C300italic%2Cregular%2Citalic%2C500%2C500italic%2C700%2C700italic%2C900%2C900italic|font_style:700%20bold%20regular%3A700%3Anormal&#8221; css_animation=&#8221;none&#8221; el_class=&#8221;text-blue square-heading square-dental&#8221;][vc_custom_heading text=&#8221;Die 3D-Drucktechnologie gewinnt in der dentalen Fertigung zunehmend an Bedeutung&#8221; font_container=&#8221;tag:h3|text_align:left&#8221; use_theme_fonts=&#8221;yes&#8221; css_animation=&#8221;none&#8221;][vc_column_text css_animation=&#8221;none&#8221;]\r\n<p data-start=\"90\" data-end=\"358\">3D-Druck steht f\u00fcr pr\u00e4zise, schnelle Fertigung bei reduziertem Materialeinsatz \u2013 auf Basis digitaler Daten aus 3D-Intraoralscannern. Unterschiedliche Verfahren erm\u00f6glichen die Verarbeitung verschiedenster Materialien, von Kunststoffen und Harzen bis hin zu Metallen.<\/p>\r\n<p data-start=\"365\" data-end=\"722\">Mit Pyramis bietet CIMsystem eine leistungsstarke L\u00f6sung f\u00fcr den dentalen 3D-Druck. Die moderne Slicing-Software \u00fcberzeugt durch intelligente Automatisierungen, minimiert manuelle Fehler und sorgt f\u00fcr effiziente, zuverl\u00e4ssige Prozesse. Unterst\u00fctzt werden alle g\u00e4ngigen Technologien (SLM, SLA, DLP, PolyJet, FFF\/FDM) sowie eine breite Palette an Materialien.<\/p>\r\n<a href=\"https:\/\/www.cimsystem.com\/dental\/products\/pyramis-overview\/\"><strong>Erfahren Sie mehr auf der\u00a0Pyramis<\/strong> Seite<\/a>![\/vc_column_text][\/vc_column_inner][vc_column_inner el_class=&#8221;last-child-no-margin&#8221; width=&#8221;1\/4&#8243;][vc_single_image image=&#8221;5377&#8243; img_size=&#8221;full&#8221; css_animation=&#8221;none&#8221; css=&#8221;.vc_custom_1718973812037{margin-bottom: 0px !important;}&#8221;][\/vc_column_inner][\/vc_row_inner][\/vc_column][\/vc_row][vc_row css=&#8221;.vc_custom_1703684211805{margin-top: 2.75rem !important;margin-bottom: 2.75rem !important;}&#8221;][vc_column css=&#8221;.vc_custom_1703684466475{padding-top: 0px !important;padding-bottom: 0px !important;}&#8221;][vc_separator css=&#8221;.vc_custom_1703684541335{margin-bottom: 0px !important;}&#8221;][\/vc_column][\/vc_row][vc_row css_animation=&#8221;fadeInDown&#8221; css=&#8221;.vc_custom_1718973936685{margin-top: 2.75rem !important;margin-bottom: 4.625rem !important;}&#8221; el_class=&#8221;tablet-rows anchor-space&#8221; el_id=&#8221;hybridsolution&#8221;][vc_column css=&#8221;.vc_custom_1703684472362{padding-top: 0px !important;padding-bottom: 0px !important;}&#8221;][vc_row_inner][vc_column_inner el_class=&#8221;last-child-no-margin&#8221; width=&#8221;1\/4&#8243;][vc_single_image image=&#8221;5381&#8243; img_size=&#8221;full&#8221; css_animation=&#8221;none&#8221; css=&#8221;.vc_custom_1718973820699{margin-bottom: 0px !important;}&#8221;][\/vc_column_inner][vc_column_inner width=&#8221;3\/4&#8243; css=&#8221;.vc_custom_1703685621125{margin-bottom: 0px !important;}&#8221;][vc_custom_heading text=&#8221;Hybrid-L\u00f6sung&#8221; google_fonts=&#8221;font_family:Roboto%3A100%2C100italic%2C300%2C300italic%2Cregular%2Citalic%2C500%2C500italic%2C700%2C700italic%2C900%2C900italic|font_style:700%20bold%20regular%3A700%3Anormal&#8221; css_animation=&#8221;none&#8221; el_class=&#8221;text-blue square-heading square-dental&#8221;][vc_custom_heading text=&#8221;Additiv &amp; subtraktiv: Der neue Standard der dentalen Fertigung&#8221; font_container=&#8221;tag:h3|text_align:left&#8221; use_theme_fonts=&#8221;yes&#8221; css_animation=&#8221;none&#8221;][vc_column_text css_animation=&#8221;none&#8221;]So vereinen Sie die Vorteile von additiver und subtraktiver Fertigung in einem durchg\u00e4ngigen Workflow. Der 3D-Druck steht f\u00fcr Effizienz bei Zeit und Material, w\u00e4hrend das Fr\u00e4sen h\u00f6chste Qualit\u00e4tsanspr\u00fcche erf\u00fcllt. Mit Make&amp;Mill und Pyramis integriert CIMsystem beide Technologien in einer leistungsstarken L\u00f6sung.\r\n\r\nErfahren Sie mer auf der <a href=\"https:\/\/www.cimsystem.com\/dental\/products\/pyramis\/\"><strong>Pyramis<\/strong> u<\/a>nd <a href=\"https:\/\/www.cimsystem.com\/dental\/products\/makemill\/\"><strong>Make&amp;Mill<\/strong><\/a> Seite![\/vc_column_text][\/vc_column_inner][\/vc_row_inner][\/vc_column][\/vc_row][vc_row css=&#8221;.vc_custom_1703684211805{margin-top: 2.75rem !important;margin-bottom: 2.75rem !important;}&#8221;][vc_column css=&#8221;.vc_custom_1703684466475{padding-top: 0px !important;padding-bottom: 0px !important;}&#8221;][vc_separator css=&#8221;.vc_custom_1703684541335{margin-bottom: 0px !important;}&#8221;][\/vc_column][\/vc_row][vc_row css=&#8221;.vc_custom_1703690539031{margin-top: 7.75rem !important;margin-bottom: 7.75rem !important;}&#8221;][vc_column][vc_custom_heading text=&#8221;Haben Sie Fragen oder Interesse an unseren Produkten?&#8221; font_container=&#8221;tag:h3|font_size:1.875rem|text_align:center|color:%23005597|line_height:0.86em&#8221; use_theme_fonts=&#8221;yes&#8221; css=&#8221;.vc_custom_1776932675905{margin-bottom: 2rem !important;}&#8221;][vc_btn title=&#8221;KONTAKTIEREN SIE UNS&#8221; style=&#8221;custom&#8221; custom_background=&#8221;&#8221; custom_text=&#8221;&#8221; align=&#8221;center&#8221; css_animation=&#8221;bounceInRight&#8221; link=&#8221;url:%23|title:Explore%20DENTAL&#8221; el_class=&#8221;btn-w-lg cim-btn cim-btn-dental&#8221;][\/vc_column][\/vc_row]<\/section>","protected":false},"excerpt":{"rendered":"[vc_row full_width=&#8221;stretch_row_content&#8221; equal_height=&#8221;yes&#8221; css=&#8221;.vc_custom_1690470444965{padding-top: 0px !important;padding-right: 0px !important;padding-bottom: 0px !important;padding-left: 0px !important;background-position: center !important;background-repeat: no-repeat !important;background-size: cover !important;}&#8221;][vc_column css=&#8221;.vc_custom_1693998489687{margin-top: 0px !important;margin-right: 0px !important;margin-bottom: 0px !important;margin-left: 0px<span class=\"excerpt-hellip\"> [\u2026]<\/span>","protected":false},"author":2,"featured_media":0,"parent":0,"menu_order":0,"comment_status":"closed","ping_status":"closed","template":"","meta":[],"acf":[],"aioseo_notices":[],"_links":{"self":[{"href":"https:\/\/www.cimsystem.com\/dental\/de\/wp-json\/wp\/v2\/pages\/9865"}],"collection":[{"href":"https:\/\/www.cimsystem.com\/dental\/de\/wp-json\/wp\/v2\/pages"}],"about":[{"href":"https:\/\/www.cimsystem.com\/dental\/de\/wp-json\/wp\/v2\/types\/page"}],"author":[{"embeddable":true,"href":"https:\/\/www.cimsystem.com\/dental\/de\/wp-json\/wp\/v2\/users\/2"}],"replies":[{"embeddable":true,"href":"https:\/\/www.cimsystem.com\/dental\/de\/wp-json\/wp\/v2\/comments?post=9865"}],"version-history":[{"count":9,"href":"https:\/\/www.cimsystem.com\/dental\/de\/wp-json\/wp\/v2\/pages\/9865\/revisions"}],"predecessor-version":[{"id":9874,"href":"https:\/\/www.cimsystem.com\/dental\/de\/wp-json\/wp\/v2\/pages\/9865\/revisions\/9874"}],"wp:attachment":[{"href":"https:\/\/www.cimsystem.com\/dental\/de\/wp-json\/wp\/v2\/media?parent=9865"}],"curies":[{"name":"wp","href":"https:\/\/api.w.org\/{rel}","templated":true}]}}