{"id":4905,"date":"2023-08-02T17:48:09","date_gmt":"2023-08-02T15:48:09","guid":{"rendered":"https:\/\/www.cimsystem.com\/dental\/fields-of-application\/"},"modified":"2025-04-10T16:18:30","modified_gmt":"2025-04-10T14:18:30","slug":"settori-di-applicazione","status":"publish","type":"page","link":"https:\/\/www.cimsystem.com\/dental\/it\/settori-di-applicazione\/","title":{"rendered":"Settori di applicazione"},"content":{"rendered":"<section class=\"wpb-content-wrapper\">[vc_row full_width=&#8221;stretch_row_content&#8221; equal_height=&#8221;yes&#8221; css=&#8221;.vc_custom_1690470444965{padding-top: 0px !important;padding-right: 0px !important;padding-bottom: 0px !important;padding-left: 0px !important;background-position: center !important;background-repeat: no-repeat !important;background-size: cover !important;}&#8221;][vc_column css=&#8221;.vc_custom_1693998489687{margin-top: 0px !important;margin-right: 0px !important;margin-bottom: 0px !important;margin-left: 0px !important;padding-top: 0px !important;padding-right: 0px !important;padding-bottom: 0px !important;padding-left: 0px !important;}&#8221; offset=&#8221;vc_hidden-lg vc_hidden-md&#8221;][vc_single_image image=&#8221;6326&#8243; img_size=&#8221;full&#8221; css=&#8221;.vc_custom_1722004400683{margin-top: 0px !important;margin-bottom: -35px !important;}&#8221;][\/vc_column][\/vc_row][vc_row full_width=&#8221;stretch_row_content&#8221; equal_height=&#8221;yes&#8221; css=&#8221;.vc_custom_1690470444965{padding-top: 0px !important;padding-right: 0px !important;padding-bottom: 0px !important;padding-left: 0px !important;background-position: center !important;background-repeat: no-repeat !important;background-size: cover !important;}&#8221;][vc_column css_animation=&#8221;fadeInLeft&#8221; width=&#8221;1\/3&#8243; css=&#8221;.vc_custom_1708341527609{margin-top: 0px !important;margin-right: 0px !important;margin-bottom: 0px !important;margin-left: 0px !important;padding-top: 0px !important;padding-right: 0px !important;padding-bottom: 0px !important;padding-left: 0px !important;background-color: #892787 !important;}&#8221; el_class=&#8221;product_hero_title&#8221;][vc_empty_space height=&#8221;140px&#8221;][vc_custom_heading text=&#8221;Settori di Applicazione&#8221; font_container=&#8221;tag:h1|text_align:left|color:%23ffffff&#8221; google_fonts=&#8221;font_family:Roboto%20Condensed%3A300%2C300italic%2Cregular%2Citalic%2C700%2C700italic|font_style:700%20bold%20regular%3A700%3Anormal&#8221;][vc_empty_space height=&#8221;140px&#8221;][\/vc_column][vc_column css_animation=&#8221;fadeInLeft&#8221; width=&#8221;2\/3&#8243; css=&#8221;.vc_custom_1708341361230{margin-top: 0px !important;margin-right: 0px !important;margin-bottom: 0px !important;margin-left: 0px !important;padding-top: 0px !important;padding-right: 0px !important;padding-bottom: 0px !important;padding-left: 0px !important;background-image: url(https:\/\/www.cimsystem.com\/dental\/wp-content\/uploads\/sites\/2\/2023\/11\/Settori-di-applicazione.png?id=5887) !important;background-position: center !important;background-repeat: no-repeat !important;background-size: cover !important;}&#8221; offset=&#8221;vc_hidden-sm vc_hidden-xs&#8221;][vc_empty_space height=&#8221;500px&#8221;][\/vc_column][\/vc_row][vc_row css=&#8221;.vc_custom_1715891470153{margin-top: 4.625rem !important;margin-bottom: 2.75rem !important;}&#8221; el_class=&#8221;tablet-rows tablet-rows-reverse anchor-space&#8221; el_id=&#8221;fresatura&#8221;][vc_column css=&#8221;.vc_custom_1706882508592{padding-top: 0px !important;padding-bottom: 0px !important;}&#8221;][vc_row_inner][vc_column_inner width=&#8221;1\/4&#8243; css=&#8221;.vc_custom_1706882551772{margin-bottom: 0px !important;}&#8221;][vc_single_image image=&#8221;5388&#8243; img_size=&#8221;full&#8221; css_animation=&#8221;none&#8221;][\/vc_column_inner][vc_column_inner width=&#8221;3\/4&#8243;][vc_custom_heading text=&#8221;Fresatura&#8221; font_container=&#8221;tag:h2|text_align:left|color:%23000000&#8243; google_fonts=&#8221;font_family:Roboto%20Condensed%3A300%2C300italic%2Cregular%2Citalic%2C700%2C700italic|font_style:700%20bold%20regular%3A700%3Anormal&#8221; css_animation=&#8221;none&#8221; el_class=&#8221;text-blue square-heading square-dental&#8221;][vc_column_text css_animation=&#8221;none&#8221;]\r\n<h3>La <strong>fresatura<\/strong> rimane oggi la tecnica pi\u00f9 utilizzata per produrre oggetti dentali da una grande variet\u00e0 di materiali.<\/h3>\r\n[\/vc_column_text][vc_column_text css_animation=&#8221;none&#8221;]E\u2019 una tecnica che, pur lavorando per sottrazione e quindi causando una certa perdita di materiale, garantisce risultati qualitativi elevati e ripetibili per i quali, molto spesso, al termine della lavorazione, non \u00e8 necessario eseguire ulteriori operazioni.\r\n\r\nLa fresatura consente anche di avere accesso agli ultimi sviluppi del settore, produrre in tempi rapidi ed ottimizzare il ritorno sugli investimenti. <strong>MillBox<\/strong> \u00e8 il <strong>software CAM<\/strong> sviluppato per ogni macchina fresatrice ed ogni tipo di materiale e oggetto che supporta l\u2019operatore in maniera guidata in tutte le operazioni di settaggio ed esecuzione del lavoro.\r\n\r\nScopri di pi\u00f9. <a href=\"https:\/\/www.cimsystem.com\/dental\/it\/products\/millbox\"><strong>Vai a MillBox<\/strong><\/a>![\/vc_column_text][\/vc_column_inner][\/vc_row_inner][\/vc_column][\/vc_row][vc_row equal_height=&#8221;yes&#8221; css=&#8221;.vc_custom_1706882995338{padding-top: 0px !important;padding-right: 0px !important;padding-bottom: 0px !important;padding-left: 0px !important;background-position: center !important;background-repeat: no-repeat !important;background-size: cover !important;}&#8221;][vc_column css=&#8221;.vc_custom_1694015019926{margin-top: 0px !important;margin-right: 0px !important;margin-bottom: 0px !important;margin-left: 0px !important;padding-top: 0px !important;padding-right: 0px !important;padding-bottom: 0px !important;padding-left: 0px !important;}&#8221;][vc_separator][\/vc_column][\/vc_row][vc_row css_animation=&#8221;fadeInDown&#8221; css=&#8221;.vc_custom_1718974334374{margin-top: 4.625rem !important;margin-bottom: 2.75rem !important;}&#8221; el_class=&#8221;tablet-rows tablet-rows-reverse anchor-space&#8221; el_id=&#8221;stampa3d&#8221;][vc_column css=&#8221;.vc_custom_1706882508592{padding-top: 0px !important;padding-bottom: 0px !important;}&#8221;][vc_row_inner][vc_column_inner width=&#8221;3\/4&#8243; css=&#8221;.vc_custom_1706882551772{margin-bottom: 0px !important;}&#8221;][vc_custom_heading text=&#8221;Stampa 3D&#8221; font_container=&#8221;tag:h2|text_align:left|color:%23000000&#8243; google_fonts=&#8221;font_family:Roboto%20Condensed%3A300%2C300italic%2Cregular%2Citalic%2C700%2C700italic|font_style:700%20bold%20regular%3A700%3Anormal&#8221; css_animation=&#8221;none&#8221; el_class=&#8221;text-blue square-heading square-dental&#8221;][vc_column_text css_animation=&#8221;none&#8221;]\r\n<h3>Il processo di <strong>stampa 3D<\/strong> in ambito dentale sta prendendo sempre pi\u00f9 piede.<\/h3>\r\n[\/vc_column_text][vc_column_text css_animation=&#8221;none&#8221;]Assicura una produzione pi\u00f9 precisa e rapida grazie all\u2019utilizzo di scanner intraorali e riduce i costi di utilizzo materiale perch\u00e9 permette di produrre ci\u00f2 che realmente serve, minimizzando gli sprechi. Le tecnologie a supporto di questo processo sono diverse, da quelle per fotopolimerizzazione<strong> (SLA, DPL)<\/strong> a quelle a stampa su metallo, principalmente utilizzate per la produzione di impianti.\r\n\r\nCIMsystem gestisce la produzione di oggetti in stampa 3D tramite il <strong>Pyramis, il software per stampa 3D e di slicing<\/strong>,\u00a0 strumento all\u2019avanguardia nella produzione additiva, ricco di automatismi, che riducono lo spazio per errori manuali. Il software gestisce tutte le tecnologie disponibili: <strong>(SLM, SLA, DLP, POLYJET, FFF\/FDM)<\/strong> e i materiali pi\u00f9 utilizzati (nylon, resine, metalli, plastica etc.).\r\n\r\nScopri di pi\u00f9. Vai a <strong><a href=\"https:\/\/www.cimsystem.com\/dental\/it\/products\/pyramis\">Pyramis<\/a><\/strong>![\/vc_column_text][\/vc_column_inner][vc_column_inner width=&#8221;1\/4&#8243;][vc_single_image image=&#8221;5394&#8243; img_size=&#8221;full&#8221; css_animation=&#8221;none&#8221;][\/vc_column_inner][\/vc_row_inner][\/vc_column][\/vc_row][vc_row equal_height=&#8221;yes&#8221; css=&#8221;.vc_custom_1706882995338{padding-top: 0px !important;padding-right: 0px !important;padding-bottom: 0px !important;padding-left: 0px !important;background-position: center !important;background-repeat: no-repeat !important;background-size: cover !important;}&#8221;][vc_column css=&#8221;.vc_custom_1694015019926{margin-top: 0px !important;margin-right: 0px !important;margin-bottom: 0px !important;margin-left: 0px !important;padding-top: 0px !important;padding-right: 0px !important;padding-bottom: 0px !important;padding-left: 0px !important;}&#8221;][vc_separator][\/vc_column][\/vc_row][vc_row css_animation=&#8221;fadeInDown&#8221; css=&#8221;.vc_custom_1718974354759{margin-top: 4.625rem !important;margin-bottom: 2.75rem !important;}&#8221; el_class=&#8221;tablet-rows anchor-space&#8221; el_id=&#8221;soluzione-ibrida&#8221;][vc_column css=&#8221;.vc_custom_1706882508592{padding-top: 0px !important;padding-bottom: 0px !important;}&#8221;][vc_row_inner][vc_column_inner width=&#8221;1\/4&#8243; css=&#8221;.vc_custom_1706882551772{margin-bottom: 0px !important;}&#8221;][vc_single_image image=&#8221;5390&#8243; img_size=&#8221;full&#8221; css_animation=&#8221;none&#8221;][\/vc_column_inner][vc_column_inner width=&#8221;3\/4&#8243;][vc_custom_heading text=&#8221;Soluzione ibrida&#8221; font_container=&#8221;tag:h2|text_align:left|color:%23000000&#8243; google_fonts=&#8221;font_family:Roboto%20Condensed%3A300%2C300italic%2Cregular%2Citalic%2C700%2C700italic|font_style:700%20bold%20regular%3A700%3Anormal&#8221; css_animation=&#8221;none&#8221; el_class=&#8221;text-blue square-heading square-dental&#8221;][vc_column_text css_animation=&#8221;none&#8221;]\r\n<h3>La combinazione tra la tecnologia additiva e tecnologia sottrattiva \u00e8 la nuova frontiera dell\u2019ottimizzazione del flusso di lavoro di produzione dentale poich\u00e9 permette di ottenere, in un unico processo, i vantaggi di entrambe le tecnologie.<\/h3>\r\n[\/vc_column_text][vc_column_text css_animation=&#8221;none&#8221;]Nello specifico, questa modalit\u00e0 ibrida consente di rifinire parti ben determinate dell\u2019oggetto stampato, conferendogli quella precisione e qualit\u00e0 estetica che senza il <strong>processo di finitura<\/strong> non sarebbe possibile raggiungere.\r\n\r\nCIMsystem offre soluzioni combinate tra il <strong>software di rifinitura Make&amp;Mill<\/strong> e <strong>Pyramis, il software per stampa 3D<\/strong> integrati in un unico flusso operativo.\r\n\r\nScopri di pi\u00f9. Vai a <strong><a href=\"https:\/\/www.cimsystem.com\/dental\/it\/products\/make&amp;mill\">Make&amp;Mill<\/a><\/strong> e <a href=\"https:\/\/www.cimsystem.com\/dental\/it\/products\/pyramis\"><strong>Pyramis<\/strong><\/a>![\/vc_column_text][\/vc_column_inner][\/vc_row_inner][\/vc_column][\/vc_row][vc_row equal_height=&#8221;yes&#8221; css=&#8221;.vc_custom_1706882995338{padding-top: 0px !important;padding-right: 0px !important;padding-bottom: 0px !important;padding-left: 0px !important;background-position: center !important;background-repeat: no-repeat !important;background-size: cover !important;}&#8221;][vc_column css=&#8221;.vc_custom_1694015019926{margin-top: 0px !important;margin-right: 0px !important;margin-bottom: 0px !important;margin-left: 0px !important;padding-top: 0px !important;padding-right: 0px !important;padding-bottom: 0px !important;padding-left: 0px !important;}&#8221;][vc_separator][\/vc_column][\/vc_row][vc_row css=&#8221;.vc_custom_1706883460575{margin-top: 4.625rem !important;margin-bottom: 2.75rem !important;}&#8221; el_class=&#8221;tablet-rows tablet-rows-reverse anchor-space&#8221; el_id=&#8221;cad&#8221;][vc_column css=&#8221;.vc_custom_1706882508592{padding-top: 0px !important;padding-bottom: 0px !important;}&#8221;][vc_row_inner][vc_column_inner width=&#8221;3\/4&#8243; css=&#8221;.vc_custom_1706882551772{margin-bottom: 0px !important;}&#8221;][vc_custom_heading text=&#8221;CAD&#8221; font_container=&#8221;tag:h2|text_align:left|color:%23000000&#8243; google_fonts=&#8221;font_family:Roboto%20Condensed%3A300%2C300italic%2Cregular%2Citalic%2C700%2C700italic|font_style:700%20bold%20regular%3A700%3Anormal&#8221; css_animation=&#8221;none&#8221; el_class=&#8221;text-blue square-heading square-dental&#8221;][vc_column_text css_animation=&#8221;none&#8221;]\r\n<h3>Rivenditori ufficiali di DentalCAD Exocad per l\u2019Italia, il principale software CAD dentale per principianti e per utenti esperti.<\/h3>\r\n[\/vc_column_text][vc_column_text css_animation=&#8221;none&#8221;]\r\n<p class=\"western\">E&#8217; noto per la sua rapidit\u00e0 di funzionamento e facilit\u00e0 d&#8217;uso, che consente di ridurre al minimo i costi di formazione e di massimizzare la produttivit\u00e0. \u00c8 affidabile e adatto a risolvere casi complessi dell&#8217;odontoiatria.<\/p>\r\nScopri di pi\u00f9. Vai a <a href=\"https:\/\/www.cimsystem.com\/dental\/it\/products\/dentalcad-exocad\/\"><strong>Exocad<\/strong><\/a>![\/vc_column_text][\/vc_column_inner][vc_column_inner width=&#8221;1\/4&#8243;][vc_single_image image=&#8221;5396&#8243; img_size=&#8221;full&#8221; css_animation=&#8221;none&#8221;][\/vc_column_inner][\/vc_row_inner][\/vc_column][\/vc_row]<\/section>","protected":false},"excerpt":{"rendered":"[vc_row full_width=&#8221;stretch_row_content&#8221; equal_height=&#8221;yes&#8221; css=&#8221;.vc_custom_1690470444965{padding-top: 0px !important;padding-right: 0px !important;padding-bottom: 0px !important;padding-left: 0px !important;background-position: center !important;background-repeat: no-repeat !important;background-size: cover !important;}&#8221;][vc_column css=&#8221;.vc_custom_1693998489687{margin-top: 0px !important;margin-right: 0px !important;margin-bottom: 0px !important;margin-left: 0px<span class=\"excerpt-hellip\"> [\u2026]<\/span>","protected":false},"author":2,"featured_media":0,"parent":0,"menu_order":0,"comment_status":"closed","ping_status":"closed","template":"","meta":[],"acf":[],"aioseo_notices":[],"_links":{"self":[{"href":"https:\/\/www.cimsystem.com\/dental\/it\/wp-json\/wp\/v2\/pages\/4905"}],"collection":[{"href":"https:\/\/www.cimsystem.com\/dental\/it\/wp-json\/wp\/v2\/pages"}],"about":[{"href":"https:\/\/www.cimsystem.com\/dental\/it\/wp-json\/wp\/v2\/types\/page"}],"author":[{"embeddable":true,"href":"https:\/\/www.cimsystem.com\/dental\/it\/wp-json\/wp\/v2\/users\/2"}],"replies":[{"embeddable":true,"href":"https:\/\/www.cimsystem.com\/dental\/it\/wp-json\/wp\/v2\/comments?post=4905"}],"version-history":[{"count":43,"href":"https:\/\/www.cimsystem.com\/dental\/it\/wp-json\/wp\/v2\/pages\/4905\/revisions"}],"predecessor-version":[{"id":7678,"href":"https:\/\/www.cimsystem.com\/dental\/it\/wp-json\/wp\/v2\/pages\/4905\/revisions\/7678"}],"wp:attachment":[{"href":"https:\/\/www.cimsystem.com\/dental\/it\/wp-json\/wp\/v2\/media?parent=4905"}],"curies":[{"name":"wp","href":"https:\/\/api.w.org\/{rel}","templated":true}]}}