{"id":4916,"date":"2021-09-29T15:32:21","date_gmt":"2021-09-29T13:32:21","guid":{"rendered":"https:\/\/www.cimsystem.com\/dental\/our-customers\/"},"modified":"2024-04-16T17:18:12","modified_gmt":"2024-04-16T15:18:12","slug":"i-nostri-clienti","status":"publish","type":"page","link":"https:\/\/www.cimsystem.com\/dental\/it\/i-nostri-clienti\/","title":{"rendered":"I nostri clienti"},"content":{"rendered":"<section class=\"wpb-content-wrapper\">[vc_row full_width=&#8221;stretch_row_content&#8221; equal_height=&#8221;yes&#8221; css=&#8221;.vc_custom_1690470444965{padding-top: 0px !important;padding-right: 0px !important;padding-bottom: 0px !important;padding-left: 0px !important;background-position: center !important;background-repeat: no-repeat !important;background-size: cover !important;}&#8221;][vc_column css=&#8221;.vc_custom_1693998489687{margin-top: 0px !important;margin-right: 0px !important;margin-bottom: 0px !important;margin-left: 0px !important;padding-top: 0px !important;padding-right: 0px !important;padding-bottom: 0px !important;padding-left: 0px !important;}&#8221; offset=&#8221;vc_hidden-lg vc_hidden-md&#8221;][vc_single_image image=&#8221;4772&#8243; img_size=&#8221;full&#8221; css=&#8221;.vc_custom_1694067440755{margin-top: 0px !important;margin-bottom: -35px !important;}&#8221;][\/vc_column][\/vc_row][vc_row full_width=&#8221;stretch_row_content&#8221; equal_height=&#8221;yes&#8221; css=&#8221;.vc_custom_1690470444965{padding-top: 0px !important;padding-right: 0px !important;padding-bottom: 0px !important;padding-left: 0px !important;background-position: center !important;background-repeat: no-repeat !important;background-size: cover !important;}&#8221;][vc_column css_animation=&#8221;fadeInLeft&#8221; width=&#8221;1\/3&#8243; css=&#8221;.vc_custom_1708353219546{margin-top: 0px !important;margin-right: 0px !important;margin-bottom: 0px !important;margin-left: 0px !important;padding-top: 0px !important;padding-right: 0px !important;padding-bottom: 0px !important;padding-left: 0px !important;background-color: #1a588a !important;}&#8221; el_class=&#8221;product_hero_title&#8221;][vc_empty_space height=&#8221;140px&#8221;][vc_custom_heading text=&#8221;I nostri clienti&#8221; font_container=&#8221;tag:h1|text_align:left|color:%23ffffff&#8221; google_fonts=&#8221;font_family:Roboto%20Condensed%3A300%2C300italic%2Cregular%2Citalic%2C700%2C700italic|font_style:700%20bold%20regular%3A700%3Anormal&#8221;][vc_empty_space height=&#8221;140px&#8221;][\/vc_column][vc_column css_animation=&#8221;fadeInLeft&#8221; width=&#8221;2\/3&#8243; css=&#8221;.vc_custom_1708353225827{margin-top: 0px !important;margin-right: 0px !important;margin-bottom: 0px !important;margin-left: 0px !important;padding-top: 0px !important;padding-right: 0px !important;padding-bottom: 0px !important;padding-left: 0px !important;background-image: url(https:\/\/www.cimsystem.com\/dental\/wp-content\/uploads\/sites\/2\/2023\/09\/Cimsystem-clienti.png?id=5625) !important;background-position: center !important;background-repeat: no-repeat !important;background-size: cover !important;}&#8221; offset=&#8221;vc_hidden-sm vc_hidden-xs&#8221;][vc_empty_space height=&#8221;500px&#8221;][\/vc_column][\/vc_row][vc_row css_animation=&#8221;fadeInDown&#8221; css=&#8221;.vc_custom_1694697684325{background-color: #ffffff !important;background-position: center !important;background-repeat: no-repeat !important;background-size: cover !important;}&#8221;][vc_column][vc_row_inner el_class=&#8221;products_header_row&#8221; css=&#8221;.vc_custom_1632923472781{padding-bottom: 40px !important;}&#8221;][vc_column_inner][vc_empty_space height=&#8221;16px&#8221;][vc_custom_heading text=&#8221;Software CAD\/CAM personalizzati&#8221; font_container=&#8221;tag:h2|text_align:left|color:%23000000&#8243; google_fonts=&#8221;font_family:Roboto%3A100%2C100italic%2C300%2C300italic%2Cregular%2Citalic%2C500%2C500italic%2C700%2C700italic%2C900%2C900italic|font_style:700%20bold%20regular%3A700%3Anormal&#8221; el_class=&#8221;square-heading square-cimsystem&#8221; css=&#8221;.vc_custom_1713196553626{margin-left: 250px !important;padding-left: px !important;}&#8221;][vc_empty_space height=&#8221;8px&#8221;][vc_column_text]\r\n<p style=\"text-align: left;\">Nel corso degli anni abbiamo affiancato piccole, medie e grandi aziende dell\u2019industria meccanica e dentale, fornendo software CAD\/CAM innovativi, al passo con l\u2019evoluzione tecnologica del mercato ed ogni giorno continuiamo ad investire per i nostri clienti su prodotti sempre pi\u00f9 efficienti e personalizzati.<\/p>\r\n<p style=\"text-align: left;\">Sia che tu faccia parte di uno <strong>studio dentistico<\/strong>, di un <strong>centro di fresaggio<\/strong>, di un <strong>laboratorio odontotecnico<\/strong>, che sia un <strong>utilizzatore<\/strong>, <strong>costruttore<\/strong> o <strong>distributore di macchine utensili<\/strong>, le nostre soluzioni saranno in grado di soddisfare le tue aspettative perch\u00e9 sono costruite insieme a te e per te.<\/p>\r\n[\/vc_column_text][vc_empty_space height=&#8221;16px&#8221;][vc_column_text]\r\n<h2 style=\"text-align: center;\"><span style=\"color: #00429a;\"><strong>I nostri clienti:<\/strong><\/span><\/h2>\r\n[\/vc_column_text][\/vc_column_inner][\/vc_row_inner][\/vc_column][\/vc_row][vc_row full_width=&#8221;stretch_row&#8221; css_animation=&#8221;none&#8221; css=&#8221;.vc_custom_1708351116385{background-position: center !important;background-repeat: no-repeat !important;background-size: cover !important;}&#8221;][vc_column][vc_row_inner][vc_column_inner width=&#8221;1\/4&#8243;][vc_single_image image=&#8221;6726&#8243; img_size=&#8221;medium&#8221; css_animation=&#8221;fadeInRight&#8221;][\/vc_column_inner][vc_column_inner width=&#8221;3\/4&#8243; css=&#8221;.vc_custom_1632926940021{padding-left: 20px !important;}&#8221;][vc_custom_heading text=&#8221;Professionisti&#8221; google_fonts=&#8221;font_family:Roboto%20Condensed%3A300%2C300italic%2Cregular%2Citalic%2C700%2C700italic|font_style:700%20bold%20regular%3A700%3Anormal&#8221; css_animation=&#8221;fadeInRight&#8221; el_class=&#8221;text-blue square-heading square-dental&#8221;][vc_column_text css_animation=&#8221;fadeInRight&#8221;]I nostri software CAD\/CAM aperti e flessibili, ti permettono di fornire ai tuoi clienti un servizio superiore in termini di: personalizzazione, qualit\u00e0 dei pezzi e rapidit\u00e0 di realizzazione. Scopri i nostri vantaggi in termini di:\r\n<ul>\r\n \t<li><strong>Semplicit\u00e0<\/strong> d\u2019uso, meno tempo necessario all\u2019apprendimento per l\u2019utilizzo del software<\/li>\r\n \t<li><strong>Risparmio<\/strong>, soluzioni altamente personalizzabili alla portata di tutti<\/li>\r\n \t<li><strong>Affidabilit\u00e0<\/strong>, risultati sicuri indipendentemente dal tipo di lavorazione, materiale o macchina utensile<\/li>\r\n \t<li><strong>Supporto<\/strong>, assistenza qualificata per ridurre al minimo le interruzioni del tuo lavoro<\/li>\r\n<\/ul>\r\n[\/vc_column_text][\/vc_column_inner][\/vc_row_inner][vc_separator][vc_separator][vc_row_inner][vc_column_inner width=&#8221;3\/4&#8243;][vc_custom_heading text=&#8221;Centri di Fresaggio&#8221; google_fonts=&#8221;font_family:Roboto%20Condensed%3A300%2C300italic%2Cregular%2Citalic%2C700%2C700italic|font_style:700%20bold%20regular%3A700%3Anormal&#8221; css_animation=&#8221;fadeInLeft&#8221; el_class=&#8221;text-blue square-heading square-dental&#8221;][vc_column_text css_animation=&#8221;fadeInLeft&#8221;]Sia che tu abbia un\u2019attivit\u00e0 produttiva elevata e variegata, sia che ti occupi prevalentemente di progetti semplici, disponiamo delle soluzioni pi\u00f9 adatte a te. Scopri i nostri vantaggi in termini di:\r\n<ul>\r\n \t<li><strong>Produttivit\u00e0<\/strong>, i nostri software contengono numerosi automatismi proprio per aiutarti a sostenere alti ritmi produttivi, senza compromettere la qualit\u00e0 delle lavorazioni<\/li>\r\n \t<li><strong>Versatilit\u00e0<\/strong>, adatti a produzioni semplici e complesse, potrai combinare tra loro differenti tipologie di utensili e materiali e personalizzare le tue strategie<\/li>\r\n \t<li><strong>Efficienza<\/strong>, \u00e8 possibile gestirei pi\u00f9 fasi della lavorazione: dall\u2019impostazione del progetto, alla stampa al fresaggio attraverso un\u2019unica interfaccia<\/li>\r\n<\/ul>\r\n[\/vc_column_text][\/vc_column_inner][vc_column_inner width=&#8221;1\/4&#8243; css=&#8221;.vc_custom_1632926940021{padding-left: 20px !important;}&#8221;][vc_single_image image=&#8221;6738&#8243; img_size=&#8221;medium&#8221; css_animation=&#8221;fadeInLeft&#8221;][\/vc_column_inner][\/vc_row_inner][vc_separator][vc_separator][vc_row_inner][vc_column_inner width=&#8221;1\/4&#8243;][vc_single_image image=&#8221;6734&#8243; img_size=&#8221;medium&#8221; css_animation=&#8221;fadeInRight&#8221;][\/vc_column_inner][vc_column_inner width=&#8221;3\/4&#8243; css=&#8221;.vc_custom_1632926940021{padding-left: 20px !important;}&#8221;][vc_custom_heading text=&#8221;OEM&#8221; google_fonts=&#8221;font_family:Roboto%20Condensed%3A300%2C300italic%2Cregular%2Citalic%2C700%2C700italic|font_style:700%20bold%20regular%3A700%3Anormal&#8221; css_animation=&#8221;fadeInRight&#8221; el_class=&#8221;text-blue square-heading square-dental&#8221;][vc_column_text css_animation=&#8221;fadeInRight&#8221;]La nostra filosofia \u00e8 quella di offrire prodotti versatili, aperti e accessibili. Molti operatori desiderano semplicemente cambiare software, mentre molti altri cercano una soluzione chiavi in mano. In ogni caso i nostri software rappresentano per te una garanzia. Scopri i nostri vantaggi in termini di:\r\n<ul>\r\n \t<li><strong>Compatibilit\u00e0<\/strong>, i nostri prodotti funzionano indipendentemente dal tipo di lavorazione, materiale o macchina utensile<\/li>\r\n \t<li><strong>Personalizzazione<\/strong>, sviluppi ad-hoc possono essere implementati dai nostri esperti per assicurarti le performance pi\u00f9 adatte alle tue esigenze<\/li>\r\n \t<li><strong>Innovazione<\/strong>, i nostri prodotti sono in continuo aggiornamento per garantirti i risultati pi\u00f9 all\u2019avanguardia<\/li>\r\n<\/ul>\r\n[\/vc_column_text][\/vc_column_inner][\/vc_row_inner][\/vc_column][\/vc_row][vc_row gap=&#8221;20&#8243; full_height=&#8221;yes&#8221; equal_height=&#8221;yes&#8221;][vc_column width=&#8221;1\/6&#8243;][\/vc_column][vc_column width=&#8221;2\/3&#8243; css=&#8221;.vc_custom_1713280183381{background-color: #facd00 !important;}&#8221;][vc_tta_pageable no_fill_content_area=&#8221;true&#8221; active_section=&#8221;1&#8243; pagination_style=&#8221;flat-rounded&#8221; pagination_color=&#8221;black&#8221;][vc_tta_section title=&#8221;Section 1&#8243; tab_id=&#8221;1691268185879-a0bf36f4-6008&#8243;][vc_single_image image=&#8221;4668&#8243; alignment=&#8221;center&#8221; style=&#8221;vc_box_border_circle_2&#8243; border_color=&#8221;white&#8221;][vc_column_text el_class=&#8221;fs1rem&#8221;]\r\n<p style=\"text-align: center;\">\u201c<i>Abbiamo scelto\u00a0<strong>MillBox<\/strong> perch\u00e9 \u00e8 un software affidabile e user-friendly, mi permette di fare diversi tipi di lavorazioni con differenti materiali mantenendo la qualit\u00e0 di cui ho bisogno per il mio laboratorio. Utilizzo il software di CIMsystem da quasi 10 anni e continua a sorprendermi per quanto riguarda le nuove funzionalit\u00e0<\/i>\u201d.<\/p>\r\n<p style=\"text-align: center;\">Alexandre Matias \u2013 CEO &amp; Tecnico Dentale\r\n<a href=\"https:\/\/www.bluedigitallab.com\/\"><strong>Blue Digital Lab &#8211; Brazil<\/strong><\/a><\/p>\r\n[\/vc_column_text][\/vc_tta_section][vc_tta_section title=&#8221;Section 2&#8243; tab_id=&#8221;1691268185885-f8f6a19a-9e7e&#8221;][vc_single_image image=&#8221;4670&#8243; alignment=&#8221;center&#8221; style=&#8221;vc_box_border_circle_2&#8243; border_color=&#8221;white&#8221;][vc_column_text el_class=&#8221;fs1rem&#8221;]\r\n<p style=\"text-align: center;\">\u201c<i>Ho diversi benefici nel lavorare con\u00a0<strong>CIMsystem<\/strong>, ma se dovessi sceglierne uno, \u00e8 il mio rapporto con Luigi e il team di CIMsystem. Grazie ad un approccio altamente collaborativo e alla elevata capacit\u00e0 di comprendere ci\u00f2 di cui avevamo bisogno, in qualit\u00e0 di azienda per la riabilitazione, siamo riusciti a innovare diverse strategie uniche che sono state estremamente vantaggiose per i pazienti. Siamo riusciti anche a innovare la soluzione Evo, che \u00e8 una strategia di fresatura in due parti disponibile oggi in\u00a0<strong>MillBox<\/strong>.<\/i>\u201d<\/p>\r\n<p style=\"text-align: center;\">Manoj Vijay \u2013 Direttore Tecnico\r\n<a href=\"https:\/\/www.evodental.com\/\"><strong>EvoDental &#8211; UK<\/strong><\/a><\/p>\r\n[\/vc_column_text][\/vc_tta_section][vc_tta_section title=&#8221;Section&#8221; tab_id=&#8221;1691268263070-dd0bbae4-fd20&#8243;][vc_single_image image=&#8221;4672&#8243; alignment=&#8221;center&#8221; style=&#8221;vc_box_border_circle_2&#8243; border_color=&#8221;white&#8221;][vc_column_text el_class=&#8221;fs1rem&#8221;]\r\n<p style=\"text-align: center;\">\u201c<i>Abbiamo scelto\u00a0<strong>MillBox<\/strong>\u00a0perch\u00e9 \u00e8 una soluzione estremamente efficace per il settore dentale, riesce a interpretare ogni tipologia di dato proveniente dai vari CAD. E&#8217; un software molto flessibile, che garantisce un workflow estremamente facile e intuitivo nell&#8217;uso quotidiano, ma allo stesso tempo \u00e8 in grado di offrire infinite possibilit\u00e0 di personalizzazione del software e del prodotto finale, grazie soprattutto alla velocit\u00e0 del team di sviluppo. La nostra collaborazione con\u00a0<strong>CIMsystem<\/strong>\u00a0\u00e8 longeva ed estremamente soddisfacente.<\/i>\u201d<\/p>\r\n<p style=\"text-align: center;\">Niccol\u00f2 Pesce \u2013 Digital Consultant\r\n<a href=\"https:\/\/argen.com\/\"><strong>Argen Group &#8211; Germany<\/strong><\/a><\/p>\r\n[\/vc_column_text][\/vc_tta_section][\/vc_tta_pageable][\/vc_column][vc_column width=&#8221;1\/6&#8243;][\/vc_column][\/vc_row][vc_row][vc_column][vc_empty_space height=&#8221;100px&#8221;][\/vc_column][\/vc_row]<\/section>","protected":false},"excerpt":{"rendered":"[vc_row full_width=&#8221;stretch_row_content&#8221; equal_height=&#8221;yes&#8221; css=&#8221;.vc_custom_1690470444965{padding-top: 0px !important;padding-right: 0px !important;padding-bottom: 0px !important;padding-left: 0px !important;background-position: center !important;background-repeat: no-repeat !important;background-size: cover !important;}&#8221;][vc_column css=&#8221;.vc_custom_1693998489687{margin-top: 0px !important;margin-right: 0px !important;margin-bottom: 0px !important;margin-left: 0px<span class=\"excerpt-hellip\"> [\u2026]<\/span>","protected":false},"author":2,"featured_media":0,"parent":0,"menu_order":0,"comment_status":"closed","ping_status":"closed","template":"","meta":[],"acf":[],"aioseo_notices":[],"_links":{"self":[{"href":"https:\/\/www.cimsystem.com\/dental\/it\/wp-json\/wp\/v2\/pages\/4916"}],"collection":[{"href":"https:\/\/www.cimsystem.com\/dental\/it\/wp-json\/wp\/v2\/pages"}],"about":[{"href":"https:\/\/www.cimsystem.com\/dental\/it\/wp-json\/wp\/v2\/types\/page"}],"author":[{"embeddable":true,"href":"https:\/\/www.cimsystem.com\/dental\/it\/wp-json\/wp\/v2\/users\/2"}],"replies":[{"embeddable":true,"href":"https:\/\/www.cimsystem.com\/dental\/it\/wp-json\/wp\/v2\/comments?post=4916"}],"version-history":[{"count":45,"href":"https:\/\/www.cimsystem.com\/dental\/it\/wp-json\/wp\/v2\/pages\/4916\/revisions"}],"predecessor-version":[{"id":6928,"href":"https:\/\/www.cimsystem.com\/dental\/it\/wp-json\/wp\/v2\/pages\/4916\/revisions\/6928"}],"wp:attachment":[{"href":"https:\/\/www.cimsystem.com\/dental\/it\/wp-json\/wp\/v2\/media?parent=4916"}],"curies":[{"name":"wp","href":"https:\/\/api.w.org\/{rel}","templated":true}]}}