{"id":4922,"date":"2018-01-01T12:07:51","date_gmt":"2018-01-01T11:07:51","guid":{"rendered":"https:\/\/www.cimsystem.com\/dental\/about-us\/"},"modified":"2025-01-23T12:36:34","modified_gmt":"2025-01-23T11:36:34","slug":"chi-siamo","status":"publish","type":"page","link":"https:\/\/www.cimsystem.com\/dental\/it\/chi-siamo\/","title":{"rendered":"Chi siamo"},"content":{"rendered":"<section class=\"wpb-content-wrapper\">[vc_row full_width=&#8221;stretch_row_content&#8221; equal_height=&#8221;yes&#8221; css=&#8221;.vc_custom_1690470444965{padding-top: 0px !important;padding-right: 0px !important;padding-bottom: 0px !important;padding-left: 0px !important;background-position: center !important;background-repeat: no-repeat !important;background-size: cover !important;}&#8221;][vc_column css=&#8221;.vc_custom_1693998489687{margin-top: 0px !important;margin-right: 0px !important;margin-bottom: 0px !important;margin-left: 0px !important;padding-top: 0px !important;padding-right: 0px !important;padding-bottom: 0px !important;padding-left: 0px !important;}&#8221; offset=&#8221;vc_hidden-lg vc_hidden-md&#8221;][vc_single_image image=&#8221;4824&#8243; img_size=&#8221;full&#8221; css=&#8221;.vc_custom_1694067721575{margin-top: 0px !important;margin-bottom: -35px !important;}&#8221;][\/vc_column][\/vc_row][vc_row full_width=&#8221;stretch_row_content&#8221; equal_height=&#8221;yes&#8221; css=&#8221;.vc_custom_1690470444965{padding-top: 0px !important;padding-right: 0px !important;padding-bottom: 0px !important;padding-left: 0px !important;background-position: center !important;background-repeat: no-repeat !important;background-size: cover !important;}&#8221;][vc_column css_animation=&#8221;fadeInLeft&#8221; width=&#8221;1\/3&#8243; css=&#8221;.vc_custom_1694687598388{margin-top: 0px !important;margin-right: 0px !important;margin-bottom: 0px !important;margin-left: 0px !important;padding-top: 0px !important;padding-right: 0px !important;padding-bottom: 0px !important;padding-left: 0px !important;background-color: #1a588a !important;}&#8221; el_class=&#8221;product_hero_title&#8221;][vc_empty_space height=&#8221;50px&#8221;][vc_custom_heading text=&#8221;Chi siamo&#8221; font_container=&#8221;tag:h1|text_align:left|color:%23ffffff&#8221; google_fonts=&#8221;font_family:Roboto%20Condensed%3A300%2C300italic%2Cregular%2Citalic%2C700%2C700italic|font_style:700%20bold%20regular%3A700%3Anormal&#8221;][vc_custom_heading text=&#8221;Software CAD\/CAM per il settore dentale e industriale&#8221; font_container=&#8221;tag:h3|text_align:left|color:%23ffffff&#8221; google_fonts=&#8221;font_family:Roboto%3A100%2C100italic%2C300%2C300italic%2Cregular%2Citalic%2C500%2C500italic%2C700%2C700italic%2C900%2C900italic|font_style:400%20regular%3A400%3Anormal&#8221;][vc_empty_space height=&#8221;80px&#8221;][\/vc_column][vc_column css_animation=&#8221;fadeInLeft&#8221; width=&#8221;2\/3&#8243; css=&#8221;.vc_custom_1694708089500{margin-top: 0px !important;margin-right: 0px !important;margin-bottom: 0px !important;margin-left: 0px !important;padding-top: 0px !important;padding-right: 0px !important;padding-bottom: 0px !important;padding-left: 0px !important;background-image: url(https:\/\/www.cimsystem.com\/dental\/wp-content\/uploads\/sites\/2\/2023\/09\/Cimsystem-su-di-noi.png?id=5588) !important;background-position: center !important;background-repeat: no-repeat !important;background-size: cover !important;}&#8221; offset=&#8221;vc_hidden-sm vc_hidden-xs&#8221;][vc_empty_space height=&#8221;500px&#8221;][\/vc_column][\/vc_row][vc_row css_animation=&#8221;fadeInDown&#8221;][vc_column][vc_empty_space][vc_custom_heading text=&#8221;CHI SIAMO&#8221; font_container=&#8221;tag:h2|text_align:left|color:%23000000&#8243; google_fonts=&#8221;font_family:Roboto%20Condensed%3A300%2C300italic%2Cregular%2Citalic%2C700%2C700italic|font_style:700%20bold%20regular%3A700%3Anormal&#8221; el_class=&#8221;square-heading square-cimsystem&#8221; css=&#8221;.vc_custom_1718895050146{margin-left: 500px !important;}&#8221;][vc_empty_space height=&#8221;16px&#8221;][vc_column_text]\r\n<p style=\"text-align: left;\"><strong>CIMsystem<\/strong> \u00e8 uno dei principali sviluppatori di <strong>software CAD\/CAM<\/strong> nella <strong>produzione industriale<\/strong> e <strong>dentale<\/strong>, nonch\u00e9 nelle applicazioni di <strong>stampa 3D<\/strong>. La Societ\u00e0 \u00e8 stata fondata in Italia nel 1999 come realt\u00e0 commerciale di Lab Numerical Control Software (1994), azienda originariamente dedita allo sviluppo di <strong>applicazioni CAD\\CAM<\/strong> ad hoc e per <strong>stampisti<\/strong> e aziende di <strong>produzione meccanica<\/strong>.<\/p>\r\n<p style=\"text-align: left;\">Con pi\u00f9 uffici negli <strong>Stati Uniti,<\/strong> in <strong>Europa<\/strong> e in <strong>Asia<\/strong> e una <strong>rete di distributori<\/strong> <strong>in<\/strong> continua <strong>espansione<\/strong>,<strong> CIMsystem<\/strong> serve attualmente pi\u00f9 di <strong>30.000 clienti in tutto il mondo<\/strong>, di cui oltre<strong> 20.000<\/strong> in ambito dentale fornendo soluzioni all&#8217;avanguardia, efficaci e personalizzabili. Proprio le elevate possibilit\u00e0 di personalizzazione dei prodotti e dei servizi offerti, rendono CIMsystem diversa dai concorrenti.<\/p>\r\n<p style=\"text-align: left;\">L&#8217;azienda lavora con l&#8217;obiettivo di contribuire efficacemente alla digitalizzazione del settore manifatturiero in ambienti <strong>meccanica, stampi, marmo, oro, lavorazione del legno, biomedicale e odontoiatria.<\/strong> Oltre ai suoi prodotti, estremamente semplici e versatili, la Societ\u00e0 fornisce anche servizi a valore aggiunto come consulenza, assistenza post-vendita, formazione e sviluppo.<\/p>\r\n[\/vc_column_text][\/vc_column][\/vc_row][vc_row][vc_column][vc_empty_space][vc_custom_heading text=&#8221;PUNTI DI FORZA&#8221; font_container=&#8221;tag:h2|text_align:center|color:%2300429c&#8221; google_fonts=&#8221;font_family:Roboto%20Condensed%3A300%2C300italic%2Cregular%2Citalic%2C700%2C700italic|font_style:700%20bold%20regular%3A700%3Anormal&#8221;][vc_empty_space][vc_row_inner equal_height=&#8221;yes&#8221; gap=&#8221;20&#8243;][vc_column_inner width=&#8221;1\/3&#8243;][vc_icon type=&#8221;typicons&#8221; icon_typicons=&#8221;typcn typcn-tick&#8221; background_style=&#8221;rounded&#8221; align=&#8221;center&#8221;][vc_custom_heading text=&#8221;ESPERIENZA&#8221; font_container=&#8221;tag:h3|text_align:center|color:%2300429c&#8221; google_fonts=&#8221;font_family:Roboto%20Condensed%3A300%2C300italic%2Cregular%2Citalic%2C700%2C700italic|font_style:700%20bold%20regular%3A700%3Anormal&#8221; css_animation=&#8221;fadeIn&#8221;][vc_column_text css_animation=&#8221;fadeIn&#8221;]\r\n<p style=\"text-align: center;\">Abbiamo pi\u00f9 di 30 anni di esperienza nello sviluppo di software per ottimizzare le prestazioni aziendali e fornire risultati di qualit\u00e0.<\/p>\r\n[\/vc_column_text][\/vc_column_inner][vc_column_inner width=&#8221;1\/3&#8243;][vc_icon type=&#8221;typicons&#8221; icon_typicons=&#8221;typcn typcn-tick&#8221; background_style=&#8221;rounded&#8221; align=&#8221;center&#8221;][vc_custom_heading text=&#8221;SUPPORTO&#8221; font_container=&#8221;tag:h3|text_align:center|color:%2300429c&#8221; google_fonts=&#8221;font_family:Roboto%20Condensed%3A300%2C300italic%2Cregular%2Citalic%2C700%2C700italic|font_style:700%20bold%20regular%3A700%3Anormal&#8221; css_animation=&#8221;fadeIn&#8221;][vc_column_text css_animation=&#8221;fadeIn&#8221;]\r\n<p style=\"text-align: center;\">Un team internazionale di esperti supporta i nostri clienti in tutte le fasi di utilizzo dei nostri prodotti. Consulenza, formazione e assistenza sempre disponibili.<\/p>\r\n[\/vc_column_text][\/vc_column_inner][vc_column_inner width=&#8221;1\/3&#8243;][vc_icon type=&#8221;typicons&#8221; icon_typicons=&#8221;typcn typcn-tick&#8221; background_style=&#8221;rounded&#8221; align=&#8221;center&#8221;][vc_custom_heading text=&#8221;FLESSIBILITA'&#8221; font_container=&#8221;tag:h3|text_align:center|color:%2300429c&#8221; google_fonts=&#8221;font_family:Roboto%20Condensed%3A300%2C300italic%2Cregular%2Citalic%2C700%2C700italic|font_style:700%20bold%20regular%3A700%3Anormal&#8221; css_animation=&#8221;fadeIn&#8221;][vc_column_text css_animation=&#8221;fadeIn&#8221;]\r\n<p style=\"text-align: center;\">Tutte le nostre soluzioni sono altamente personalizzabili, per venire incontro alle esigenze dei nostri clienti, presenti e futuri.<\/p>\r\n[\/vc_column_text][\/vc_column_inner][\/vc_row_inner][\/vc_column][\/vc_row][vc_row title=&#8221;Explore DENTAL&#8221; style=&#8221;modern&#8221; gradient_color_1=&#8221;turquoise&#8221; gradient_color_2=&#8221;blue&#8221; gradient_custom_color_1=&#8221;#dd3333&#8243; gradient_custom_color_2=&#8221;#eeee22&#8243; gradient_text_color=&#8221;#ffffff&#8221; custom_background=&#8221;#ededed&#8221; custom_text=&#8221;#666666&#8243; outline_custom_color=&#8221;#666666&#8243; outline_custom_hover_background=&#8221;#666666&#8243; outline_custom_hover_text=&#8221;#ffffff&#8221; shape=&#8221;rounded&#8221; color=&#8221;grey&#8221; size=&#8221;md&#8221; align=&#8221;inline&#8221; button_block=&#8221;&#8221; add_icon=&#8221;&#8221; i_align=&#8221;left&#8221; i_type=&#8221;fontawesome&#8221; i_icon_fontawesome=&#8221;fas fa-adjust&#8221; i_icon_openiconic=&#8221;vc-oi vc-oi-dial&#8221; i_icon_typicons=&#8221;typcn typcn-adjust-brightness&#8221; i_icon_entypo=&#8221;entypo-icon entypo-icon-note&#8221; i_icon_linecons=&#8221;vc_li vc_li-heart&#8221; i_icon_monosocial=&#8221;vc-mono vc-mono-fivehundredpx&#8221; i_icon_material=&#8221;vc-material vc-material-cake&#8221; i_icon_pixelicons=&#8221;vc_pixel_icon vc_pixel_icon-alert&#8221; custom_onclick=&#8221;&#8221; el_class=&#8221;cim-btn cim-btn-dental&#8221; link=&#8221;&#8221; custom_onclick_code=&#8221;&#8221;][vc_column][vc_btn title=&#8221;<strong>SCARICA LA BROCHURE<\/strong>&#8221; style=&#8221;flat&#8221; shape=&#8221;square&#8221; size=&#8221;lg&#8221; align=&#8221;center&#8221; el_class=&#8221;cim-btn cim-btn-dental&#8221; link=&#8221;url:https%3A%2F%2Fwww.cimsystem.com%2Fdental%2Fwp-content%2Fuploads%2Fsites%2F2%2F2025%2F01%2FCIMsystem_Brochure-Corporate_ITA_2023_DEF_LR.pdf|target:_blank&#8221;][\/vc_column][\/vc_row]<\/section>","protected":false},"excerpt":{"rendered":"[vc_row full_width=&#8221;stretch_row_content&#8221; equal_height=&#8221;yes&#8221; css=&#8221;.vc_custom_1690470444965{padding-top: 0px !important;padding-right: 0px !important;padding-bottom: 0px !important;padding-left: 0px !important;background-position: center !important;background-repeat: no-repeat !important;background-size: cover !important;}&#8221;][vc_column css=&#8221;.vc_custom_1693998489687{margin-top: 0px !important;margin-right: 0px !important;margin-bottom: 0px !important;margin-left: 0px<span class=\"excerpt-hellip\"> [\u2026]<\/span>","protected":false},"author":2,"featured_media":0,"parent":0,"menu_order":0,"comment_status":"closed","ping_status":"closed","template":"","meta":[],"acf":[],"aioseo_notices":[],"_links":{"self":[{"href":"https:\/\/www.cimsystem.com\/dental\/it\/wp-json\/wp\/v2\/pages\/4922"}],"collection":[{"href":"https:\/\/www.cimsystem.com\/dental\/it\/wp-json\/wp\/v2\/pages"}],"about":[{"href":"https:\/\/www.cimsystem.com\/dental\/it\/wp-json\/wp\/v2\/types\/page"}],"author":[{"embeddable":true,"href":"https:\/\/www.cimsystem.com\/dental\/it\/wp-json\/wp\/v2\/users\/2"}],"replies":[{"embeddable":true,"href":"https:\/\/www.cimsystem.com\/dental\/it\/wp-json\/wp\/v2\/comments?post=4922"}],"version-history":[{"count":25,"href":"https:\/\/www.cimsystem.com\/dental\/it\/wp-json\/wp\/v2\/pages\/4922\/revisions"}],"predecessor-version":[{"id":7572,"href":"https:\/\/www.cimsystem.com\/dental\/it\/wp-json\/wp\/v2\/pages\/4922\/revisions\/7572"}],"wp:attachment":[{"href":"https:\/\/www.cimsystem.com\/dental\/it\/wp-json\/wp\/v2\/media?parent=4922"}],"curies":[{"name":"wp","href":"https:\/\/api.w.org\/{rel}","templated":true}]}}