{"id":4934,"date":"2018-01-01T11:41:10","date_gmt":"2018-01-01T10:41:10","guid":{"rendered":"https:\/\/www.cimsystem.com\/dental\/terms-and-conditions\/"},"modified":"2023-09-07T08:25:48","modified_gmt":"2023-09-07T06:25:48","slug":"termini-e-condizioni","status":"publish","type":"page","link":"https:\/\/www.cimsystem.com\/dental\/it\/termini-e-condizioni\/","title":{"rendered":"Termini e Condizioni"},"content":{"rendered":"<section class=\"wpb-content-wrapper\"><p>[vc_row full_width=&#8221;stretch_row_content&#8221; equal_height=&#8221;yes&#8221; css=&#8221;.vc_custom_1690470444965{padding-top: 0px !important;padding-right: 0px !important;padding-bottom: 0px !important;padding-left: 0px !important;background-position: center !important;background-repeat: no-repeat !important;background-size: cover !important;}&#8221;][vc_column css=&#8221;.vc_custom_1693998489687{margin-top: 0px !important;margin-right: 0px !important;margin-bottom: 0px !important;margin-left: 0px !important;padding-top: 0px !important;padding-right: 0px !important;padding-bottom: 0px !important;padding-left: 0px !important;}&#8221; offset=&#8221;vc_hidden-lg vc_hidden-md&#8221;][vc_single_image image=&#8221;5478&#8243; img_size=&#8221;full&#8221; css=&#8221;.vc_custom_1694067940423{margin-top: 0px !important;margin-bottom: -35px !important;}&#8221;][\/vc_column][\/vc_row][vc_row full_width=&#8221;stretch_row_content&#8221; equal_height=&#8221;yes&#8221; css=&#8221;.vc_custom_1690470444965{padding-top: 0px !important;padding-right: 0px !important;padding-bottom: 0px !important;padding-left: 0px !important;background-position: center !important;background-repeat: no-repeat !important;background-size: cover !important;}&#8221;][vc_column width=&#8221;1\/3&#8243; css=&#8221;.vc_custom_1690472277751{margin-top: 0px !important;margin-right: 0px !important;margin-bottom: 0px !important;margin-left: 0px !important;padding-top: 0px !important;padding-right: 0px !important;padding-bottom: 0px !important;padding-left: 0px !important;background-color: #1a588a !important;}&#8221; el_class=&#8221;product_hero_title&#8221;][vc_empty_space height=&#8221;50px&#8221;][vc_custom_heading text=&#8221;Termini e Condizioni&#8221; font_container=&#8221;tag:h1|text_align:left|color:%23ffffff&#8221; google_fonts=&#8221;font_family:Roboto%20Condensed%3A300%2C300italic%2Cregular%2Citalic%2C700%2C700italic|font_style:700%20bold%20regular%3A700%3Anormal&#8221;][vc_custom_heading text=&#8221;Condizioni di utilizzo&#8221; font_container=&#8221;tag:h3|text_align:left|color:%23ffffff&#8221; google_fonts=&#8221;font_family:Roboto%3A100%2C100italic%2C300%2C300italic%2Cregular%2Citalic%2C500%2C500italic%2C700%2C700italic%2C900%2C900italic|font_style:400%20regular%3A400%3Anormal&#8221;][vc_empty_space height=&#8221;80px&#8221;][\/vc_column][vc_column width=&#8221;2\/3&#8243; css=&#8221;.vc_custom_1694067945854{margin-top: 0px !important;margin-right: 0px !important;margin-bottom: 0px !important;margin-left: 0px !important;padding-top: 0px !important;padding-right: 0px !important;padding-bottom: 0px !important;padding-left: 0px !important;background-image: url(https:\/\/www.cimsystem.com\/dental\/wp-content\/uploads\/sites\/2\/2017\/06\/header.jpg?id=3663) !important;background-position: center !important;background-repeat: no-repeat !important;background-size: cover !important;}&#8221; offset=&#8221;vc_hidden-sm vc_hidden-xs&#8221;][\/vc_column][\/vc_row][vc_row el_class=&#8221;generic_center_row&#8221;][vc_column][vc_column_text]<\/p>\r\n<h5 data-fontsize=\"20\" data-lineheight=\"25\">Accettazione delle condizioni<\/h5>\r\n<p>[\/vc_column_text][vc_column_text el_class=&#8221;two-columns&#8221;]CIMsystem srl (\u201cCIMsystem\u201d) mette a vostra disposizione attraverso questo sito Web (il \u201cSito\u201d) informazioni, documenti software e prodotti (indicati collettivamente come il \u201cMateriale\u201d) e servizi vari (i \u201cServizi\u201d), soggetti a termini e condizioni esposti nel seguito di questo documento (le \u201cCondizioni di utilizzo\u201d). Accedendo al Sito, accettate le Condizioni di utilizzo. CIMsystem si riserva il diritto di modificare le Condizioni di utilizzo a propria esclusiva discrezione. L\u2019uso del Sito sar\u00e0 disciplinato dalla pi\u00f9 recente versione delle Condizioni di utilizzo pubblicate sul Sito al momento dell\u2019uso. Inoltre, utilizzando particolari Servizi o Materiali del Sito, sarete soggetti alle linee guida e alle norme applicabili a tali Servizi o Materiali. Queste potrebbero contenere termini e condizioni aggiuntive rispetto alle Condizioni di utilizzo. Tutte le linee guida e le norme fanno riferimento alle Condizioni di utilizzo. Infrangendo una delle Condizioni di utilizzo, verr\u00e0 automaticamente meno il diritto ad accedere al sito e il Materiale scaricato o stampato dovr\u00e0 essere immediatamente distrutto.[\/vc_column_text][\/vc_column][\/vc_row][vc_row el_class=&#8221;generic_center_row&#8221;][vc_column][vc_column_text]<\/p>\r\n<div class=\"wpb_text_column wpb_content_element \">\r\n<div class=\"wpb_wrapper\">\r\n<h5 data-fontsize=\"20\" data-lineheight=\"25\">Copyright \u2013 Licenza Limitata<\/h5>\r\n<\/div>\r\n<\/div>\r\n<p>[\/vc_column_text][vc_column_text]I Materiali e i Servizi offerti dal Sito sono protetti da copyright e\/o da altre leggi sulla propriet\u00e0 intellettuale. Ogni utilizzo non autorizzato di Materiali e Servizi rappresenter\u00e0 una violazione di tali leggi. CIMsystem e i suoi fornitori non vi riconoscono alcun diritto espresso o implicito derivato da brevetti, copyright, marchi di fabbrica o informazioni confidenziali in relazione a Materiali e Servizi, se non secondo quanto espressamente indicato in questo documento. Se non secondo quanto esplicitamente ammesso in questo documento, nessuna parte di informazione o documento contenuto nel Sito potr\u00e0 essere riprodotto sotto alcuna forma o con alcun mezzo senza una precedente autorizzazione scritta di CIMsystem. Uso del software. Il software e la documentazione allegata, ordinabili attraverso il Sito, sono propriet\u00e0 di CIMsystem e sono protetti da copyright. L\u2019uso del software \u00e8 determinato dalle condizioni presenti nella licenza dell\u2019utente finale che \u00e8 abbinata al software o \u00e8 inclusa nello stesso software. Non potete decompilare, disassemblare o tentare in alcun modo di conoscere il codice sorgente del software disponibile sul Sito. Uso delle informazioni presenti sul sito. A meno che non sia indicato diversamente in altra parte del Sito, potete visualizzare, scaricare e stampare documenti e informazioni disponibili sul Sito solo alle condizioni che seguono:<br \/>\r\n\u2013 Documenti e informazioni possono essere utilizzati esclusivamente per scopo personale, di natura informativa, interna e non commerciale.<br \/>\r\n\u2013 Documenti e informazioni non possono essere modificati o alterati in alcun modo.<br \/>\r\n\u2013 Documenti e informazioni presenti sul Sito non possono essere distribuiti.<br \/>\r\n\u2013 Non \u00e8 lecito eliminare informazioni che riguardino diritti di copyright o di possesso contenuti nei documenti o nelle informazioni.<br \/>\r\n\u2013 CIMsystem si riserva il diritto di revocare l\u2019autorizzazione a visualizzare, scaricare e stampare documenti ed informazioni presenti sul Sito in qualsiasi momento. Ogni uso dovr\u00e0 cessare immediatamente a seguito dell\u2019invio di una comunicazione scritta da parte di CIMsystem.<br \/>\r\n\u2013 I diritti di cui godete costituiscono una licenza d\u2019uso e non un trasferimento di titolo di possesso. Il diritto sopra indicato a visualizzare, scaricare e stampare documenti e informazioni presenti sul Sito non pu\u00f2 essere esteso al design o al layout del Sito. Gli elementi che compongono il Sito sono protetti dalle leggi sul marchio e da altre leggi e non possono essere copiati o riprodotti per intero o in parte.[\/vc_column_text][\/vc_column][\/vc_row][vc_row el_class=&#8221;generic_center_row&#8221;][vc_column][vc_column_text]<\/p>\r\n<h5 data-fontsize=\"20\" data-lineheight=\"25\">Uso e protezione del numero di account e della password<\/h5>\r\n<p>[\/vc_column_text][vc_column_text el_class=&#8221;two-columns&#8221;]Siete responsabili del rispetto delle segretezza del vostro numero di account e\/o password, se applicabile. Siete responsabili per ogni uso che possa essere fatto del vostro account, sia esso autorizzato espressamente da voi o meno.[\/vc_column_text][\/vc_column][\/vc_row][vc_row el_class=&#8221;generic_center_row&#8221;][vc_column][vc_column_text]<\/p>\r\n<h5 data-fontsize=\"20\" data-lineheight=\"25\">Garanzie e declino di responsabilit\u00e0<\/h5>\r\n<p>[\/vc_column_text][vc_column_text el_class=&#8221;two-columns&#8221;]Se non altrimenti espressamente specificato mediante accordo scritto tra voi e CIMsystem o in conformit\u00e0 alle leggi vigenti, tutti i materiali e i servizi del sito sono forniti \u201ca scatola chiusa\u201d senza garanzie di alcun tipo, sia implicite sia espresse, che includono ma non si limitano a garanzie implicite di commerciabilit\u00e0 o di idoneit\u00e0 per un fine particolare o la garanzia di non violazione. Senza limitare quanto detto in precedenza, CIMsystem non fornisce garanzie<\/p>\r\n<ol>\r\n<li>che i servizi e il materiale proposto rispondano alle vostre esigenze,<\/li>\r\n<li>che i servizi e il materiale non presentino interruzioni, siano appropriati, sicuri o liberi da errori,<\/li>\r\n<li>che i risultati che si possono ottenere dall\u2019uso di servizi e materiali siano efficaci, esatti e affidabili,<\/li>\r\n<li>che la qualit\u00e0 di ogni prodotto, servizio o informazione acquistata o ottenuta attraverso il sito soddisfi le vostre attese e<\/li>\r\n<li>che ogni errore nel software proveniente dal sito venga corretto.<\/li>\r\n<\/ol>\r\n<p>Alcuni stati o giurisdizioni non permettono l\u2019esclusione di garanzie implicite o limitazioni sulla durata di una garanzia implicita, quindi i limiti sopra citati potrebbero non essere applicabili al vostro caso. Secondo la durata concessa, ogni garanzia implicita \u00e8 limitata a novanta (90) giorni.<\/p>\r\n<p>Il sito potrebbe includere errori tecnici o di altro tipo, inesattezze o refusi tipografici. CIMsystem pu\u00f2 modificare materiali e servizi, inclusi prezzi e descrizioni dei prodotti elencati, in qualsiasi momento senza darne avviso. Materiali o servizi del sito potrebbero non essere aggiornati.<\/p>\r\n<p>CIMsystem non si assume alcun impegno nell\u2019aggiornamento di tali materiali o servizi. CIMsystem non si assume responsabilit\u00e0 per errori o omissioni in informazioni, documenti, software, materiali e\/o servizi cui si fa riferimento o a cui si rinvia.<\/p>\r\n<p>Riferimenti a societ\u00e0, servizi e prodotti sono fornite \u201ca scatola chiusa\u201d senza garanzie di alcun tipo, espresse o implicite. In nessuna occasione CIMsystem o i suoi fornitori saranno responsabili nei vostri confronti o nei confronti di altri per alcun tipo di evento eccezionale, incidente, danno direttamente o indirettamente causato o qualunque danno di altra natura, includendo, senza limitazioni, quelli risultanti dalla perdita di funzionalit\u00e0, di dati o di profitti, sia stata CIMsystem al corrente o meno della possibilit\u00e0 di tali danni. N\u00e9 \u00e8 riconosciuta responsabilit\u00e0 che scaturisca da o in connessione con l\u2019uso del sito o di ogni sito cui si faccia riferimento o a cui si rimandi.<\/p>\r\n<p>Alcune giurisdizioni vietano l\u2019esclusione o la limitazione di Responsabilit\u00e0 per danni direttamente derivati o incidentalmente prodotti, cos\u00ec la limitazione indicata sopra potrebbe non essere applicabile al vostro caso.<\/p>\r\n<p>Il download o altre acquisizioni di materiale dal sito avvengono a vostra discrezionalit\u00e0 e a vostro rischio. Sarete inoltre gli unici responsabili di eventuali danni al vostro sistema operativo o della perdita di dati che possano verificarsi in seguito al download o all\u2019acquisizione di un qualunque tipo di materiale. nessun avviso o informazione, sia orale che scritta, che CIMsystem possa aver ricevuto da voi attraverso il sito costituir\u00e0 garanzia se non espressamente fissata nelle condizioni di utilizzo.<\/p>\r\n<p>Il sito contiene link a siti web di terze parti che non sono sotto il controllo di CIMsystem. CIMsystem non si assume responsabilit\u00e0 in relazione ad altri siti ai quali si possa accedere attraverso questo sito.<\/p>\r\n<p>Quando accedete a un sito non-CIMsystem, lo fate a vostro rischio e CIMsystem non \u00e8 responsabile dell\u2019accuratezza o dell\u2019affidabilit\u00e0 di informazioni, dati, opinioni, avvisi o dichiarazioni presenti nei siti o della qualit\u00e0 di prodotti e servizi offerti da quegli stessi siti. CIMsystem fornisce tali link per pura comodit\u00e0 e l\u2019inserimento di tali link non implica che CIMsystem condivida o accetti responsabilit\u00e0 per il contenuto o gli usi che di tali siti si possono fare.[\/vc_column_text][\/vc_column][\/vc_row][vc_row el_class=&#8221;generic_center_row&#8221;][vc_column][vc_column_text]<\/p>\r\n<h5 data-fontsize=\"20\" data-lineheight=\"25\">Informazioni di natura confidenziale, privacy<\/h5>\r\n<p>[\/vc_column_text][vc_column_text el_class=&#8221;two-columns&#8221;]Vi preghiamo di osservare che CIMsystem non vuole ricevere attraverso il sito informazioni di natura confidenziale che vi riguardino. Informazioni di carattere non personale o materiale da voi inviato a CIMsystem sar\u00e0 considerato NON confidenziale. Inviando a CIMsystem informazioni non personali o materiale, concedete a CIMsystem diritto illimitato e non revocabile ad utilizzare, riprodurre, mostrare, mettere in atto, modificare, trasmettere e distribuire tale materiale e tali informazioni. Siete inoltre d\u2019accordo che CIMsystem sia libera di servirsi di idee, conoscenze o tecniche da voi fatte pervenire a CIMsystem per un qualunque scopo. Non diffonderemo comunque il vostro nome n\u00e9 pubblicizzeremo il fatto che ci avete fatto pervenire materiali o informazioni se non nel caso in cui: (a) non ci concediate il diritto a fare ci\u00f2; (b) non siate stati informati in precedenza che il materiale e le informazioni da voi indirizzate ad una parte del sito sarebbero state pubblicate o usate con l\u2019indicazione del vostro nome; (c) la legge renda questo obbligatorio. Per maggiori informazioni su come CIMsystem protegga le informazioni personali, quali nome e indirizzo, vi preghiamo di far riferimento alla Politica di Privacy Online di CIMsystem.[\/vc_column_text][\/vc_column][\/vc_row][vc_row el_class=&#8221;generic_center_row&#8221;][vc_column][vc_column_text]<\/p>\r\n<h5 data-fontsize=\"20\" data-lineheight=\"25\">Indennizzo<\/h5>\r\n<p>[\/vc_column_text][vc_column_text el_class=&#8221;two-columns&#8221;]Accettate di indennizzare CIMsystem e le societ\u00e0 consociate, le affiliate, i rappresentanti, gli agenti, quanti condividono il marchio o gli altri partner, come pure i dipendenti, e di sollevarli da qualunque contestazione o richiesta, includendo ragionevoli spese legali, sostenute da terze parti e derivate, indirettamente o direttamente, dai contenuti da voi inviati, depositati o trasmessi attraverso il Sito, dal vostro uso del Sito, dalla vostra connessione al Sito, dalla violazione delle Condizioni d\u2019utilizzo o dalla violazione di ogni sorta di diritto di persone fisiche o personalit\u00e0 giuridiche.[\/vc_column_text][\/vc_column][\/vc_row][vc_row el_class=&#8221;generic_center_row&#8221;][vc_column][vc_column_text]<\/p>\r\n<h5 data-fontsize=\"20\" data-lineheight=\"25\">Informazioni sul marchio<\/h5>\r\n<p>[\/vc_column_text][vc_column_text el_class=&#8221;two-columns&#8221;]<\/p>\r\n<p align=\"left\">I marchi, i loghi e i contrassegni (\u201cMarchi\u201d) che appaiono nel sito sono di propriet\u00e0 di CIMsystem o di terze parti. Non \u00e8 concesso utilizzarli senza previo consenso scritto dei proprietari dei rispettivi Marchi.<\/p>\r\n<p>[\/vc_column_text][\/vc_column][\/vc_row][vc_row][vc_column][vc_empty_space height=&#8221;70px&#8221;][\/vc_column][\/vc_row][vc_row][vc_column][vc_column_text]<\/p>\r\n<p>[\/vc_column_text][\/vc_column][\/vc_row]<\/p>\r\n<\/section>","protected":false},"excerpt":{"rendered":"[vc_row full_width=&#8221;stretch_row_content&#8221; equal_height=&#8221;yes&#8221; css=&#8221;.vc_custom_1690470444965{padding-top: 0px !important;padding-right: 0px !important;padding-bottom: 0px !important;padding-left: 0px !important;background-position: center !important;background-repeat: no-repeat !important;background-size: cover !important;}&#8221;][vc_column css=&#8221;.vc_custom_1693998489687{margin-top: 0px !important;margin-right: 0px !important;margin-bottom: 0px !important;margin-left: 0px<span class=\"excerpt-hellip\"> [\u2026]<\/span>","protected":false},"author":2,"featured_media":0,"parent":0,"menu_order":0,"comment_status":"closed","ping_status":"closed","template":"","meta":[],"acf":[],"aioseo_notices":[],"_links":{"self":[{"href":"https:\/\/www.cimsystem.com\/dental\/it\/wp-json\/wp\/v2\/pages\/4934"}],"collection":[{"href":"https:\/\/www.cimsystem.com\/dental\/it\/wp-json\/wp\/v2\/pages"}],"about":[{"href":"https:\/\/www.cimsystem.com\/dental\/it\/wp-json\/wp\/v2\/types\/page"}],"author":[{"embeddable":true,"href":"https:\/\/www.cimsystem.com\/dental\/it\/wp-json\/wp\/v2\/users\/2"}],"replies":[{"embeddable":true,"href":"https:\/\/www.cimsystem.com\/dental\/it\/wp-json\/wp\/v2\/comments?post=4934"}],"version-history":[{"count":3,"href":"https:\/\/www.cimsystem.com\/dental\/it\/wp-json\/wp\/v2\/pages\/4934\/revisions"}],"predecessor-version":[{"id":5494,"href":"https:\/\/www.cimsystem.com\/dental\/it\/wp-json\/wp\/v2\/pages\/4934\/revisions\/5494"}],"wp:attachment":[{"href":"https:\/\/www.cimsystem.com\/dental\/it\/wp-json\/wp\/v2\/media?parent=4934"}],"curies":[{"name":"wp","href":"https:\/\/api.w.org\/{rel}","templated":true}]}}