{"id":8387,"date":"2021-06-11T17:03:17","date_gmt":"2021-06-11T15:03:17","guid":{"rendered":"https:\/\/www.cimsystem.com\/industrial\/about-us\/"},"modified":"2026-04-30T09:37:02","modified_gmt":"2026-04-30T07:37:02","slug":"ueber-uns","status":"publish","type":"page","link":"https:\/\/www.cimsystem.com\/industrial\/de\/ueber-uns\/","title":{"rendered":"\u00dcber Uns"},"content":{"rendered":"<section class=\"wpb-content-wrapper\">[vc_row full_width=&#8221;stretch_row_content&#8221; equal_height=&#8221;yes&#8221; css=&#8221;.vc_custom_1690470444965{padding-top: 0px !important;padding-right: 0px !important;padding-bottom: 0px !important;padding-left: 0px !important;background-position: center !important;background-repeat: no-repeat !important;background-size: cover !important;}&#8221;][vc_column css=&#8221;.vc_custom_1693998489687{margin-top: 0px !important;margin-right: 0px !important;margin-bottom: 0px !important;margin-left: 0px !important;padding-top: 0px !important;padding-right: 0px !important;padding-bottom: 0px !important;padding-left: 0px !important;}&#8221; offset=&#8221;vc_hidden-lg vc_hidden-md&#8221;][vc_single_image image=&#8221;4598&#8243; img_size=&#8221;full&#8221; css=&#8221;.vc_custom_1722238636480{margin-top: 0px !important;margin-bottom: -35px !important;}&#8221;][\/vc_column][\/vc_row][vc_row full_width=&#8221;stretch_row_content&#8221; equal_height=&#8221;yes&#8221; css=&#8221;.vc_custom_1690470444965{padding-top: 0px !important;padding-right: 0px !important;padding-bottom: 0px !important;padding-left: 0px !important;background-position: center !important;background-repeat: no-repeat !important;background-size: cover !important;}&#8221;][vc_column css_animation=&#8221;none&#8221; width=&#8221;1\/3&#8243; css=&#8221;.vc_custom_1763733761471{margin-top: 0px !important;margin-right: 0px !important;margin-bottom: 0px !important;margin-left: 0px !important;padding-top: 0px !important;padding-right: 0px !important;padding-bottom: 0px !important;padding-left: 0px !important;background-color: #1a588a !important;}&#8221; el_class=&#8221;product_hero_title&#8221;][vc_empty_space height=&#8221;120px&#8221;][vc_custom_heading text=&#8221;\u00dcber uns&#8221; font_container=&#8221;tag:h1|text_align:left|color:%23ffffff&#8221; google_fonts=&#8221;font_family:Roboto%20Condensed%3A300%2C300italic%2Cregular%2Citalic%2C700%2C700italic|font_style:700%20bold%20regular%3A700%3Anormal&#8221;][vc_custom_heading text=&#8221;Innovative CAD\/CAM-L\u00f6sungen&#8221; font_container=&#8221;tag:h3|text_align:left|color:%23ffffff&#8221; google_fonts=&#8221;font_family:Roboto%3A100%2C100italic%2C300%2C300italic%2Cregular%2Citalic%2C500%2C500italic%2C700%2C700italic%2C900%2C900italic|font_style:400%20regular%3A400%3Anormal&#8221;][vc_empty_space height=&#8221;120px&#8221;][\/vc_column][vc_column css_animation=&#8221;none&#8221; width=&#8221;2\/3&#8243; css=&#8221;.vc_custom_1763733768840{margin-top: 0px !important;margin-right: 0px !important;margin-bottom: 0px !important;margin-left: 0px !important;padding-top: 0px !important;padding-right: 0px !important;padding-bottom: 0px !important;padding-left: 0px !important;background-image: url(https:\/\/www.cimsystem.com\/industrial\/wp-content\/uploads\/sites\/3\/2023\/09\/Cimsystem-chi-siamo.png?id=4598) !important;background-position: center !important;background-repeat: no-repeat !important;background-size: cover !important;}&#8221; offset=&#8221;vc_hidden-sm vc_col-xs-12 vc_hidden-xs&#8221;][vc_empty_space height=&#8221;500px&#8221;][\/vc_column][\/vc_row][vc_row css_animation=&#8221;none&#8221;][vc_column][vc_empty_space][vc_custom_heading text=&#8221;\u00dcBER UNS&#8221; font_container=&#8221;tag:h2|text_align:left|color:%23000000&#8243; google_fonts=&#8221;font_family:Roboto%20Condensed%3A300%2C300italic%2Cregular%2Citalic%2C700%2C700italic|font_style:700%20bold%20regular%3A700%3Anormal&#8221; el_class=&#8221;square-heading square-cimsystem&#8221; css=&#8221;.vc_custom_1776693281588{margin-left: 500px !important;}&#8221;][vc_empty_space height=&#8221;16px&#8221;][vc_column_text]\r\n<p data-start=\"106\" data-end=\"517\">CIMsystem ist ein f\u00fchrender Entwickler von CAD\/CAM-Software f\u00fcr die industrielle und dentale Fertigung sowie f\u00fcr Anwendungen im 3D-Druck. Das Unternehmen wurde 1999 in Italien gegr\u00fcndet und fungiert als kommerzielle Einheit der Lab Numerical Control Software Company (gegr\u00fcndet 1994), deren urspr\u00fcnglicher Schwerpunkt auf der Entwicklung von CAD\/CAM-L\u00f6sungen f\u00fcr den Formenbau und die mechanische Fertigung lag.<\/p>\r\n<p data-start=\"519\" data-end=\"915\">Mit mehreren Standorten in den USA, Europa und Asien sowie einem stetig wachsenden Vertriebsnetz betreut CIMsystem heute weltweit mehr als 30.000 Kunden, darunter \u00fcber 20.000 Anwender im Dentalbereich. Das Unternehmen bietet innovative, leistungsstarke und individuell anpassbare L\u00f6sungen. Insbesondere der hohe Grad an Individualisierung hebt die L\u00f6sungen von CIMsystem deutlich vom Wettbewerb ab.<\/p>\r\n<p data-start=\"917\" data-end=\"1332\">CIMsystem verfolgt das Ziel, die Digitalisierung der Fertigung in verschiedenen Branchen aktiv voranzutreiben \u2013 darunter Maschinenbau, Formenbau, Marmorverarbeitung, Schmuckherstellung, Holzverarbeitung sowie die biomedizinische und dentale Industrie. Neben der Softwareentwicklung bietet das Unternehmen auch Mehrwertleistungen wie Beratung, After-Sales-Support, Schulungen und individuelle Weiterentwicklungen an.<\/p>\r\n[\/vc_column_text][\/vc_column][\/vc_row][vc_row css_animation=&#8221;none&#8221;][vc_column][vc_empty_space][vc_row_inner][vc_column_inner width=&#8221;1\/3&#8243;][\/vc_column_inner][vc_column_inner width=&#8221;1\/3&#8243;][vc_column_text]\r\n<h5 style=\"text-align: center;\">UNSERE ST\u00c4RKEN<\/h5>\r\n[\/vc_column_text][\/vc_column_inner][vc_column_inner width=&#8221;1\/3&#8243;][\/vc_column_inner][\/vc_row_inner][vc_empty_space height=&#8221;16px&#8221;][vc_row_inner equal_height=&#8221;yes&#8221; gap=&#8221;20&#8243;][vc_column_inner width=&#8221;1\/3&#8243; css=&#8221;.vc_custom_1708612673521{padding-top: 26px !important;padding-right: 26px !important;padding-bottom: 26px !important;padding-left: 26px !important;}&#8221;][vc_icon type=&#8221;typicons&#8221; icon_typicons=&#8221;typcn typcn-tick&#8221; background_style=&#8221;rounded&#8221; align=&#8221;center&#8221;][vc_custom_heading text=&#8221;ERFAHRUNG&#8221; font_container=&#8221;tag:h3|font_size:30px|text_align:center|color:%23005597|line_height:26px&#8221; google_fonts=&#8221;font_family:Roboto%20Condensed%3A300%2C300italic%2Cregular%2Citalic%2C700%2C700italic|font_style:700%20bold%20regular%3A700%3Anormal&#8221; css_animation=&#8221;none&#8221;][vc_column_text css_animation=&#8221;none&#8221; css=&#8221;.vc_custom_1777281462667{margin-bottom: 0px !important;}&#8221;]\r\n<p style=\"text-align: center;\">\u00dcber 30 Jahre Erfahrung in der Softwareentwicklung \u2013 um Gesch\u00e4ftsprozesse zu optimieren und hochwertige Ergebnisse zu liefern.<\/p>\r\n[\/vc_column_text][\/vc_column_inner][vc_column_inner width=&#8221;1\/3&#8243; css=&#8221;.vc_custom_1708612679429{padding-top: 26px !important;padding-right: 26px !important;padding-bottom: 26px !important;padding-left: 26px !important;}&#8221;][vc_icon type=&#8221;typicons&#8221; icon_typicons=&#8221;typcn typcn-tick&#8221; background_style=&#8221;rounded&#8221; align=&#8221;center&#8221;][vc_custom_heading text=&#8221;INTERNATIONALE EXPERTISE&#8221; font_container=&#8221;tag:h3|font_size:30px|text_align:center|color:%23005597|line_height:26px&#8221; google_fonts=&#8221;font_family:Roboto%20Condensed%3A300%2C300italic%2Cregular%2Citalic%2C700%2C700italic|font_style:700%20bold%20regular%3A700%3Anormal&#8221; css_animation=&#8221;none&#8221;][vc_column_text css_animation=&#8221;none&#8221; css=&#8221;.vc_custom_1777281510203{margin-bottom: 0px !important;}&#8221;]\r\n<p style=\"text-align: center;\">Internationales Expertenteam \u2013 Beratung, Schulung und Support in allen Nutzungsphasen, jederzeit verf\u00fcgbar.<\/p>\r\n[\/vc_column_text][\/vc_column_inner][vc_column_inner width=&#8221;1\/3&#8243; css=&#8221;.vc_custom_1708612685194{padding-top: 26px !important;padding-right: 26px !important;padding-bottom: 26px !important;padding-left: 26px !important;}&#8221;][vc_icon type=&#8221;typicons&#8221; icon_typicons=&#8221;typcn typcn-tick&#8221; background_style=&#8221;rounded&#8221; align=&#8221;center&#8221;][vc_custom_heading text=&#8221;FLEXIBILIT\u00c4T&#8221; font_container=&#8221;tag:h3|font_size:30px|text_align:center|color:%23005597|line_height:26px&#8221; google_fonts=&#8221;font_family:Roboto%20Condensed%3A300%2C300italic%2Cregular%2Citalic%2C700%2C700italic|font_style:700%20bold%20regular%3A700%3Anormal&#8221; css_animation=&#8221;none&#8221;][vc_column_text css_animation=&#8221;none&#8221; css=&#8221;.vc_custom_1777281728305{margin-bottom: 0px !important;}&#8221;]\r\n<p style=\"text-align: center;\">Unsere L\u00f6sungen lassen sich flexibel anpassen \u2013 f\u00fcr die heutigen und zuk\u00fcnftigen Anforderungen unserer Kunden.<\/p>\r\n[\/vc_column_text][\/vc_column_inner][\/vc_row_inner][\/vc_column][\/vc_row][vc_row][vc_column][vc_empty_space height=&#8221;64px&#8221;][\/vc_column][\/vc_row]<\/section>","protected":false},"excerpt":{"rendered":"CIMsystem: leistungsstarke CAD\/CAM-Software seit 1999 f\u00fcr Industrie, Dentaltechnik und 3D-Druck \u2013 pr\u00e4zise, effizient und innovativ, entwickelt in Italien.","protected":false},"author":1,"featured_media":0,"parent":0,"menu_order":0,"comment_status":"closed","ping_status":"closed","template":"","meta":[],"acf":[],"aioseo_notices":[],"_links":{"self":[{"href":"https:\/\/www.cimsystem.com\/industrial\/de\/wp-json\/wp\/v2\/pages\/8387"}],"collection":[{"href":"https:\/\/www.cimsystem.com\/industrial\/de\/wp-json\/wp\/v2\/pages"}],"about":[{"href":"https:\/\/www.cimsystem.com\/industrial\/de\/wp-json\/wp\/v2\/types\/page"}],"author":[{"embeddable":true,"href":"https:\/\/www.cimsystem.com\/industrial\/de\/wp-json\/wp\/v2\/users\/1"}],"replies":[{"embeddable":true,"href":"https:\/\/www.cimsystem.com\/industrial\/de\/wp-json\/wp\/v2\/comments?post=8387"}],"version-history":[{"count":11,"href":"https:\/\/www.cimsystem.com\/industrial\/de\/wp-json\/wp\/v2\/pages\/8387\/revisions"}],"predecessor-version":[{"id":8546,"href":"https:\/\/www.cimsystem.com\/industrial\/de\/wp-json\/wp\/v2\/pages\/8387\/revisions\/8546"}],"wp:attachment":[{"href":"https:\/\/www.cimsystem.com\/industrial\/de\/wp-json\/wp\/v2\/media?parent=8387"}],"curies":[{"name":"wp","href":"https:\/\/api.w.org\/{rel}","templated":true}]}}