{"id":4178,"date":"2023-08-02T18:02:22","date_gmt":"2023-08-02T16:02:22","guid":{"rendered":"https:\/\/www.cimsystem.com\/industry\/fields-of-application\/"},"modified":"2025-11-21T16:17:15","modified_gmt":"2025-11-21T15:17:15","slug":"settori-di-applicazione-software-cam","status":"publish","type":"page","link":"https:\/\/www.cimsystem.com\/industrial\/it\/settori-di-applicazione-software-cam\/","title":{"rendered":"Settori di applicazione software CAM"},"content":{"rendered":"<section class=\"wpb-content-wrapper\">[vc_row full_width=&#8221;stretch_row_content&#8221; equal_height=&#8221;yes&#8221; css=&#8221;.vc_custom_1690470444965{padding-top: 0px !important;padding-right: 0px !important;padding-bottom: 0px !important;padding-left: 0px !important;background-position: center !important;background-repeat: no-repeat !important;background-size: cover !important;}&#8221;][vc_column css=&#8221;.vc_custom_1693998489687{margin-top: 0px !important;margin-right: 0px !important;margin-bottom: 0px !important;margin-left: 0px !important;padding-top: 0px !important;padding-right: 0px !important;padding-bottom: 0px !important;padding-left: 0px !important;}&#8221; offset=&#8221;vc_hidden-lg vc_hidden-md&#8221;][vc_single_image image=&#8221;4752&#8243; img_size=&#8221;full&#8221; css=&#8221;.vc_custom_1722267928435{margin-top: 0px !important;margin-bottom: -35px !important;}&#8221;][\/vc_column][\/vc_row][vc_row full_width=&#8221;stretch_row_content&#8221; equal_height=&#8221;yes&#8221; css=&#8221;.vc_custom_1690470444965{padding-top: 0px !important;padding-right: 0px !important;padding-bottom: 0px !important;padding-left: 0px !important;background-position: center !important;background-repeat: no-repeat !important;background-size: cover !important;}&#8221;][vc_column css_animation=&#8221;none&#8221; width=&#8221;1\/3&#8243; css=&#8221;.vc_custom_1763737683833{margin-top: 0px !important;margin-right: 0px !important;margin-bottom: 0px !important;margin-left: 0px !important;padding-top: 0px !important;padding-right: 0px !important;padding-bottom: 0px !important;padding-left: 0px !important;background-color: #892787 !important;}&#8221; el_class=&#8221;product_hero_title&#8221;][vc_empty_space height=&#8221;50px&#8221;][vc_custom_heading text=&#8221;Settori di applicazione&#8221; font_container=&#8221;tag:h1|text_align:left|color:%23ffffff&#8221; google_fonts=&#8221;font_family:Roboto%20Condensed%3A300%2C300italic%2Cregular%2Citalic%2C700%2C700italic|font_style:700%20bold%20regular%3A700%3Anormal&#8221;][vc_empty_space height=&#8221;80px&#8221;][\/vc_column][vc_column css_animation=&#8221;none&#8221; width=&#8221;2\/3&#8243; css=&#8221;.vc_custom_1763737676961{margin-top: 0px !important;margin-right: 0px !important;margin-bottom: 0px !important;margin-left: 0px !important;padding-top: 0px !important;padding-right: 0px !important;padding-bottom: 0px !important;padding-left: 0px !important;background-image: url(https:\/\/www.cimsystem.com\/industrial\/wp-content\/uploads\/sites\/3\/2023\/11\/Fields-pf-applicationsl.png?id=4752) !important;background-position: center !important;background-repeat: no-repeat !important;background-size: cover !important;}&#8221; offset=&#8221;vc_hidden-sm vc_col-xs-12 vc_hidden-xs&#8221;][vc_empty_space height=&#8221;500px&#8221;][\/vc_column][\/vc_row][vc_row css_animation=&#8221;none&#8221; el_class=&#8221;tablet-rows tablet-rows-reverse anchor-space&#8221; css=&#8221;.vc_custom_1763737690955{margin-top: 4.625rem !important;margin-bottom: 2.75rem !important;}&#8221; el_id=&#8221;lightweight-materials&#8221;][vc_column][vc_row_inner][vc_column_inner width=&#8221;1\/4&#8243;][vc_single_image image=&#8221;4407&#8243; img_size=&#8221;full&#8221;][\/vc_column_inner][vc_column_inner width=&#8221;3\/4&#8243;][vc_custom_heading text=&#8221;Materiali leggeri&#8221; use_theme_fonts=&#8221;yes&#8221; el_class=&#8221;square-heading square-industrial h2&#8243;][vc_custom_heading text=&#8221;Lavorazioni di Taglio: carbonio e tessuti materiali plastici&#8221; font_container=&#8221;tag:h3|text_align:left&#8221; use_theme_fonts=&#8221;yes&#8221; el_class=&#8221;h3&#8243;][vc_column_text css=&#8221;.vc_custom_1763737470509{margin-top: 20px !important;}&#8221;]<a href=\"https:\/\/www.cimsystem.com\/industrial\/it\/products\/rhinonc\/\">RhinoNC<\/a> crea strategie ad hoc per il taglio da 2 a 5 assi di profili in cui \u00e8 possibile gestire gli orientamenti specifici dell\u2019utensile, gli avanzamenti personalizzati su ogni tratto del percorso utensile. Questa lavorazione \u00e8 ottima per il taglio dal carbonio ai tessuti, dalla plastica alle resine. Utilizzate nell\u2019industria della cartotecnica, del confezionamento e della moda oppure nei materiali speciali.[\/vc_column_text][\/vc_column_inner][\/vc_row_inner][\/vc_column][\/vc_row][vc_row equal_height=&#8221;yes&#8221; css=&#8221;.vc_custom_1706888208925{margin-top: 2.75rem !important;margin-bottom: 2.75rem !important;background-position: center !important;background-repeat: no-repeat !important;background-size: cover !important;}&#8221;][vc_column css=&#8221;.vc_custom_1706888331245{padding-top: 0px !important;padding-bottom: 0px !important;}&#8221;][vc_separator][\/vc_column][\/vc_row][vc_row equal_height=&#8221;yes&#8221; css_animation=&#8221;none&#8221; css=&#8221;.vc_custom_1763737706019{margin-top: 2.75rem !important;margin-bottom: 2.75rem !important;}&#8221; el_id=&#8221;design-and-furniture&#8221;][vc_column][vc_row_inner][vc_column_inner width=&#8221;3\/4&#8243;][vc_custom_heading text=&#8221;Design e arredamento&#8221; use_theme_fonts=&#8221;yes&#8221; el_class=&#8221;square-heading square-industrial h2&#8243;][vc_custom_heading text=&#8221;Lavorazioni su legno&#8221; font_container=&#8221;tag:h3|text_align:left&#8221; use_theme_fonts=&#8221;yes&#8221; el_class=&#8221;h3&#8243;][vc_column_text css=&#8221;.vc_custom_1763737478945{margin-top: 20px !important;}&#8221;]<a href=\"https:\/\/www.cimsystem.com\/industrial\/it\/products\/rhinonc\/\">RhinoNC<\/a> crea strategie di svuotamento, taglio e finitura con utensili speciali e con movimenti studiati per tutti i tipi di legno. Questa lavorazione \u00e8 ottima per i mobilieri e i falegnami sia per prodotti piani come ante e mensole, ed \u00e8 utilizzata anche per oggetti pi\u00f9 complessi come supporti, modelli o scenografie parti di stand od espositori fieristici.[\/vc_column_text][\/vc_column_inner][vc_column_inner width=&#8221;1\/4&#8243;][vc_single_image image=&#8221;4409&#8243; img_size=&#8221;full&#8221;][\/vc_column_inner][\/vc_row_inner][\/vc_column][\/vc_row][vc_row equal_height=&#8221;yes&#8221; css=&#8221;.vc_custom_1706888208925{margin-top: 2.75rem !important;margin-bottom: 2.75rem !important;background-position: center !important;background-repeat: no-repeat !important;background-size: cover !important;}&#8221;][vc_column css=&#8221;.vc_custom_1706888331245{padding-top: 0px !important;padding-bottom: 0px !important;}&#8221;][vc_separator][\/vc_column][\/vc_row][vc_row css_animation=&#8221;none&#8221; el_class=&#8221;tablet-rows tablet-rows-reverse anchor-space&#8221; css=&#8221;.vc_custom_1763737718896{margin-top: 2.75rem !important;margin-bottom: 2.75rem !important;}&#8221; el_id=&#8221;robot-milling&#8221;][vc_column][vc_row_inner][vc_column_inner width=&#8221;1\/4&#8243;][vc_single_image image=&#8221;4412&#8243; img_size=&#8221;full&#8221;][\/vc_column_inner][vc_column_inner width=&#8221;3\/4&#8243;][vc_custom_heading text=&#8221;Fresatura robotizzata&#8221; use_theme_fonts=&#8221;yes&#8221; el_class=&#8221;square-heading square-industrial h2&#8243;][vc_custom_heading text=&#8221;Lavorazioni con robot antropomorfi su marmo e pietre&#8221; font_container=&#8221;tag:h3|text_align:left&#8221; use_theme_fonts=&#8221;yes&#8221; el_class=&#8221;h3&#8243;][vc_column_text css=&#8221;.vc_custom_1763737489751{margin-top: 20px !important;}&#8221;]<a href=\"https:\/\/www.cimsystem.com\/industrial\/it\/products\/rhinonc\/\">RhinoNC<\/a> crea strategie ad hoc per robot antropomorfi multiassi; lavorazioni di svuotamento e finitura vengono utilizzate per lavorare marmi e pietre su oggetti artistici o nell\u2019edilizia, oppure strategie di molatura o taglio con utensili a disco per rifilare pezzi di grandi dimensioni, nelle fonderie o in grosse produzioni di parti metalliche.[\/vc_column_text][\/vc_column_inner][\/vc_row_inner][\/vc_column][\/vc_row][vc_row equal_height=&#8221;yes&#8221; css_animation=&#8221;none&#8221; css=&#8221;.vc_custom_1763737726813{margin-top: 2.75rem !important;margin-bottom: 2.75rem !important;background-position: center !important;background-repeat: no-repeat !important;background-size: cover !important;}&#8221;][vc_column css=&#8221;.vc_custom_1706888331245{padding-top: 0px !important;padding-bottom: 0px !important;}&#8221;][vc_separator][\/vc_column][\/vc_row][vc_row equal_height=&#8221;yes&#8221; css_animation=&#8221;none&#8221; css=&#8221;.vc_custom_1763737734728{margin-top: 2.75rem !important;margin-bottom: 2.75rem !important;}&#8221; el_id=&#8221;thermoforming-and-small-molds&#8221;][vc_column][vc_row_inner][vc_column_inner width=&#8221;3\/4&#8243;][vc_custom_heading text=&#8221;Termoformatura e piccoli stampi&#8221; use_theme_fonts=&#8221;yes&#8221; el_class=&#8221;square-heading square-industrial h2&#8243;][vc_custom_heading text=&#8221;Lavorazioni su resine per modelli&#8221; font_container=&#8221;tag:h3|text_align:left&#8221; use_theme_fonts=&#8221;yes&#8221; el_class=&#8221;h3&#8243;][vc_column_text css=&#8221;.vc_custom_1763737515848{margin-top: 20px !important;}&#8221;]<a href=\"https:\/\/www.cimsystem.com\/industrial\/it\/products\/rhinonc\/\">RhinoNC<\/a> crea strategie di sgrossatura, finitura avanzata su parti artistiche o modelli funzionali, utilizzate in modelleria per prototipi o stampi, nell\u2019industria navale o in carrozzeria. Oppure su materiali plastici come supporti o in figure artistiche come la produzione di statue o di stampi per fonderie.\r\n\r\n[\/vc_column_text][\/vc_column_inner][vc_column_inner width=&#8221;1\/4&#8243;][vc_single_image image=&#8221;4415&#8243; img_size=&#8221;full&#8221;][\/vc_column_inner][\/vc_row_inner][\/vc_column][\/vc_row][vc_row equal_height=&#8221;yes&#8221; css=&#8221;.vc_custom_1706888208925{margin-top: 2.75rem !important;margin-bottom: 2.75rem !important;background-position: center !important;background-repeat: no-repeat !important;background-size: cover !important;}&#8221;][vc_column css=&#8221;.vc_custom_1706888331245{padding-top: 0px !important;padding-bottom: 0px !important;}&#8221;][vc_separator][\/vc_column][\/vc_row][vc_row css_animation=&#8221;none&#8221; el_class=&#8221;tablet-rows tablet-rows-reverse anchor-space&#8221; css=&#8221;.vc_custom_1763737747384{margin-top: 2.75rem !important;margin-bottom: 2.75rem !important;}&#8221; el_id=&#8221;biomedical-and-orthopedics&#8221;][vc_column][vc_row_inner][vc_column_inner width=&#8221;1\/4&#8243;][vc_single_image image=&#8221;4417&#8243; img_size=&#8221;full&#8221;][\/vc_column_inner][vc_column_inner width=&#8221;3\/4&#8243;][vc_custom_heading text=&#8221;Biomedica e ortopedia&#8221; use_theme_fonts=&#8221;yes&#8221; el_class=&#8221;square-heading square-industrial h2&#8243;][vc_custom_heading text=&#8221;Lavorazioni metalli e non&#8221; font_container=&#8221;tag:h3|text_align:left&#8221; use_theme_fonts=&#8221;yes&#8221; el_class=&#8221;h3&#8243;][vc_column_text css=&#8221;.vc_custom_1763737536776{margin-top: 20px !important;}&#8221;]<a href=\"https:\/\/www.cimsystem.com\/industrial\/it\/products\/rhinonc\/\">RhinoNC<\/a> crea strategie di fresatura e tornitura fino a 5 assi in continuo oppure di posizionamento per lavorare oggetti a tutto tondo, dalle lavorazioni meccaniche generiche in produzione nell\u2019industria meccanica e nelle attrezzature in campo medicale.[\/vc_column_text][\/vc_column_inner][\/vc_row_inner][\/vc_column][\/vc_row][vc_row equal_height=&#8221;yes&#8221; css=&#8221;.vc_custom_1706888208925{margin-top: 2.75rem !important;margin-bottom: 2.75rem !important;background-position: center !important;background-repeat: no-repeat !important;background-size: cover !important;}&#8221;][vc_column css=&#8221;.vc_custom_1706888331245{padding-top: 0px !important;padding-bottom: 0px !important;}&#8221;][vc_separator][\/vc_column][\/vc_row][vc_row equal_height=&#8221;yes&#8221; css_animation=&#8221;none&#8221; css=&#8221;.vc_custom_1763737754266{margin-top: 2.75rem !important;margin-bottom: 2.75rem !important;}&#8221; el_id=&#8221;fashion-and-accessories&#8221;][vc_column][vc_row_inner][vc_column_inner width=&#8221;3\/4&#8243;][vc_custom_heading text=&#8221;Moda e accessori&#8221; use_theme_fonts=&#8221;yes&#8221; el_class=&#8221;square-heading square-industrial h2&#8243;][vc_custom_heading text=&#8221;Esempio lavorazioni su materiali preziosi&#8221; font_container=&#8221;tag:h3|text_align:left&#8221; use_theme_fonts=&#8221;yes&#8221; el_class=&#8221;h3&#8243;][vc_column_text css=&#8221;.vc_custom_1763737547738{margin-top: 20px !important;}&#8221;]<a href=\"https:\/\/www.cimsystem.com\/industrial\/it\/products\/rhinonc\/\">RhinoNC<\/a> crea strategie di fresatura ottimizzate per oggetti complessi o di piccole dimensioni come gioielli nell\u2019industria orafa, parti ed accessori per calzature o vestiti nell\u2019industria della moda, o per articoli tecnici altamente complessi come nell\u2019orologeria e meccanica di precisione.[\/vc_column_text][\/vc_column_inner][vc_column_inner width=&#8221;1\/4&#8243;][vc_single_image image=&#8221;4421&#8243; img_size=&#8221;full&#8221;][\/vc_column_inner][\/vc_row_inner][\/vc_column][\/vc_row][vc_row equal_height=&#8221;yes&#8221; css=&#8221;.vc_custom_1706888208925{margin-top: 2.75rem !important;margin-bottom: 2.75rem !important;background-position: center !important;background-repeat: no-repeat !important;background-size: cover !important;}&#8221;][vc_column css=&#8221;.vc_custom_1706888331245{padding-top: 0px !important;padding-bottom: 0px !important;}&#8221;][vc_separator][\/vc_column][\/vc_row][vc_row css_animation=&#8221;none&#8221; el_class=&#8221;tablet-rows tablet-rows-reverse anchor-space&#8221; css=&#8221;.vc_custom_1763737766887{margin-top: 2.75rem !important;margin-bottom: 2.75rem !important;}&#8221; el_id=&#8221;welding-and-bonding&#8221;][vc_column][vc_row_inner][vc_column_inner width=&#8221;1\/4&#8243;][vc_single_image image=&#8221;4425&#8243; img_size=&#8221;full&#8221;][\/vc_column_inner][vc_column_inner width=&#8221;3\/4&#8243;][vc_custom_heading text=&#8221;Saldatura e incollaggio&#8221; use_theme_fonts=&#8221;yes&#8221; el_class=&#8221;square-heading square-industrial h2&#8243;][vc_custom_heading text=&#8221;Lavorazioni di saldatura e incollaggio&#8221; font_container=&#8221;tag:h3|text_align:left&#8221; use_theme_fonts=&#8221;yes&#8221; el_class=&#8221;h3&#8243;][vc_column_text css=&#8221;.vc_custom_1763737580727{margin-top: 20px !important;}&#8221;]<a href=\"https:\/\/www.cimsystem.com\/industrial\/it\/products\/rhinonc\/\">RhinoNC<\/a> crea strategie specifiche di contornatura, deposito o incollaggio, anche a 5 assi; per oggetti metallici in saldatura, nelle incisoria e taglio laser, ma anche per percorsi estremamente precisi ed ottimizzati per schede e componenti elettronici nell\u2019industria elettrotecnica ed impiantistica.[\/vc_column_text][\/vc_column_inner][\/vc_row_inner][\/vc_column][\/vc_row][vc_row equal_height=&#8221;yes&#8221; css=&#8221;.vc_custom_1706888208925{margin-top: 2.75rem !important;margin-bottom: 2.75rem !important;background-position: center !important;background-repeat: no-repeat !important;background-size: cover !important;}&#8221;][vc_column css=&#8221;.vc_custom_1706888331245{padding-top: 0px !important;padding-bottom: 0px !important;}&#8221;][vc_separator][\/vc_column][\/vc_row][vc_row equal_height=&#8221;yes&#8221; css_animation=&#8221;none&#8221; css=&#8221;.vc_custom_1763737774657{margin-top: 2.75rem !important;margin-bottom: 2.75rem !important;}&#8221; el_id=&#8221;3d-printing&#8221;][vc_column][vc_row_inner][vc_column_inner width=&#8221;3\/4&#8243;][vc_custom_heading text=&#8221;Stampa 3D&#8221; use_theme_fonts=&#8221;yes&#8221; el_class=&#8221;square-heading square-industrial h2&#8243;][vc_column_text css=&#8221;.vc_custom_1763737623257{margin-top: 20px !important;}&#8221;]<a href=\"https:\/\/www.cimsystem.com\/industrial\/it\/products\/pyramis\/\">Pyramis<\/a> soddisfa un ampio portfolio di applicazioni per stampa 3D dedicate alle tecnologie (SLM, SLA, DLP, POLYJET, FFF\/FDM) e ai materiali pi\u00f9 usati con tecnica additiva, su sistemi aperti.[\/vc_column_text][\/vc_column_inner][vc_column_inner width=&#8221;1\/4&#8243;][vc_single_image image=&#8221;4427&#8243; img_size=&#8221;full&#8221;][\/vc_column_inner][\/vc_row_inner][\/vc_column][\/vc_row][vc_row equal_height=&#8221;yes&#8221; css=&#8221;.vc_custom_1706888208925{margin-top: 2.75rem !important;margin-bottom: 2.75rem !important;background-position: center !important;background-repeat: no-repeat !important;background-size: cover !important;}&#8221;][vc_column css=&#8221;.vc_custom_1706888331245{padding-top: 0px !important;padding-bottom: 0px !important;}&#8221;][vc_separator][\/vc_column][\/vc_row][vc_row css_animation=&#8221;none&#8221; el_class=&#8221;tablet-rows tablet-rows-reverse anchor-space&#8221; css=&#8221;.vc_custom_1763737792687{margin-top: 2.75rem !important;margin-bottom: 2.75rem !important;}&#8221; el_id=&#8221;general-mechanics&#8221;][vc_column][vc_row_inner][vc_column_inner width=&#8221;1\/4&#8243;][vc_single_image image=&#8221;4429&#8243; img_size=&#8221;full&#8221;][\/vc_column_inner][vc_column_inner width=&#8221;3\/4&#8243;][vc_custom_heading text=&#8221;Meccanica generale&#8221; use_theme_fonts=&#8221;yes&#8221; el_class=&#8221;square-heading square-industrial h2&#8243;][vc_column_text css=&#8221;.vc_custom_1763737656149{margin-top: 20px !important;}&#8221;]<a href=\"https:\/\/www.cimsystem.com\/industrial\/it\/products\/camworks\/\">CAMWorks<\/a> offre un ampio portfolio di applicazioni per alta produzione e lavorazione stampi, anche a bordo macchina. Possibilit\u00e0 di gestire operazioni su gestioni di modelli e geometrie 3D come pure di semilavorati, in campo navale, aerospaziale, petrolchimica ed energia, automazione e robot e molto altro.[\/vc_column_text][\/vc_column_inner][\/vc_row_inner][\/vc_column][\/vc_row][vc_row equal_height=&#8221;yes&#8221; css=&#8221;.vc_custom_1706888208925{margin-top: 2.75rem !important;margin-bottom: 2.75rem !important;background-position: center !important;background-repeat: no-repeat !important;background-size: cover !important;}&#8221;][vc_column css=&#8221;.vc_custom_1706888331245{padding-top: 0px !important;padding-bottom: 0px !important;}&#8221;][vc_separator][\/vc_column][\/vc_row][vc_row equal_height=&#8221;yes&#8221; css_animation=&#8221;none&#8221; css=&#8221;.vc_custom_1763738232797{margin-top: 2.75rem !important;margin-bottom: 4.625rem !important;}&#8221; el_id=&#8221;cad&#8221;][vc_column][vc_row_inner][vc_column_inner width=&#8221;3\/4&#8243;][vc_custom_heading text=&#8221;CAD&#8221; use_theme_fonts=&#8221;yes&#8221; el_class=&#8221;square-heading square-industrial h2&#8243;][vc_column_text css=&#8221;.vc_custom_1763737818253{margin-top: 20px !important;}&#8221;]Rivenditori ufficiali di <a href=\"https:\/\/www.cimsystem.com\/industrial\/it\/products\/rhinoceros\/\">Rhinoceros<\/a>, il software CAD che consente di creare, modificare, analizzare, documentare, renderizzare, animare e tradurre curve NURBS, superfici, solidi , geometria di suddivisione SubD, nuvole di punti e mesh poligonali. Non ci sono limiti di complessit\u00e0, grado o dimensioni e inoltre offre strumenti di modellazione 3D free-form illimitati. Con Rhino, \u00e8 possibile modellare ogni forma possibile ed immaginabile.[\/vc_column_text][\/vc_column_inner][vc_column_inner width=&#8221;1\/4&#8243;][vc_single_image image=&#8221;4432&#8243; img_size=&#8221;full&#8221;][\/vc_column_inner][\/vc_row_inner][\/vc_column][\/vc_row]<\/section>","protected":false},"excerpt":{"rendered":"I settori di applicazione dei software CAM di CIMsystem sono molti: termoformatura, stampi, robot, marmo, legno e design, moda e accessori, biomedicina e altro. ","protected":false},"author":1,"featured_media":0,"parent":0,"menu_order":0,"comment_status":"closed","ping_status":"closed","template":"","meta":[],"acf":[],"aioseo_notices":[],"_links":{"self":[{"href":"https:\/\/www.cimsystem.com\/industrial\/it\/wp-json\/wp\/v2\/pages\/4178"}],"collection":[{"href":"https:\/\/www.cimsystem.com\/industrial\/it\/wp-json\/wp\/v2\/pages"}],"about":[{"href":"https:\/\/www.cimsystem.com\/industrial\/it\/wp-json\/wp\/v2\/types\/page"}],"author":[{"embeddable":true,"href":"https:\/\/www.cimsystem.com\/industrial\/it\/wp-json\/wp\/v2\/users\/1"}],"replies":[{"embeddable":true,"href":"https:\/\/www.cimsystem.com\/industrial\/it\/wp-json\/wp\/v2\/comments?post=4178"}],"version-history":[{"count":36,"href":"https:\/\/www.cimsystem.com\/industrial\/it\/wp-json\/wp\/v2\/pages\/4178\/revisions"}],"predecessor-version":[{"id":8158,"href":"https:\/\/www.cimsystem.com\/industrial\/it\/wp-json\/wp\/v2\/pages\/4178\/revisions\/8158"}],"wp:attachment":[{"href":"https:\/\/www.cimsystem.com\/industrial\/it\/wp-json\/wp\/v2\/media?parent=4178"}],"curies":[{"name":"wp","href":"https:\/\/api.w.org\/{rel}","templated":true}]}}