{"id":4187,"date":"2021-06-11T17:03:17","date_gmt":"2021-06-11T15:03:17","guid":{"rendered":"https:\/\/www.cimsystem.com\/industry\/about-us\/"},"modified":"2025-11-21T15:49:26","modified_gmt":"2025-11-21T14:49:26","slug":"chi-siamo","status":"publish","type":"page","link":"https:\/\/www.cimsystem.com\/industrial\/it\/chi-siamo\/","title":{"rendered":"Chi siamo"},"content":{"rendered":"<section class=\"wpb-content-wrapper\">[vc_row full_width=&#8221;stretch_row_content&#8221; equal_height=&#8221;yes&#8221; css=&#8221;.vc_custom_1690470444965{padding-top: 0px !important;padding-right: 0px !important;padding-bottom: 0px !important;padding-left: 0px !important;background-position: center !important;background-repeat: no-repeat !important;background-size: cover !important;}&#8221;][vc_column css=&#8221;.vc_custom_1693998489687{margin-top: 0px !important;margin-right: 0px !important;margin-bottom: 0px !important;margin-left: 0px !important;padding-top: 0px !important;padding-right: 0px !important;padding-bottom: 0px !important;padding-left: 0px !important;}&#8221; offset=&#8221;vc_hidden-lg vc_hidden-md&#8221;][vc_single_image image=&#8221;4739&#8243; img_size=&#8221;full&#8221; css=&#8221;.vc_custom_1722268114171{margin-top: 0px !important;margin-bottom: -35px !important;}&#8221;][\/vc_column][\/vc_row][vc_row full_width=&#8221;stretch_row_content&#8221; equal_height=&#8221;yes&#8221; css=&#8221;.vc_custom_1690470444965{padding-top: 0px !important;padding-right: 0px !important;padding-bottom: 0px !important;padding-left: 0px !important;background-position: center !important;background-repeat: no-repeat !important;background-size: cover !important;}&#8221;][vc_column css_animation=&#8221;none&#8221; width=&#8221;1\/3&#8243; css=&#8221;.vc_custom_1763733075280{margin-top: 0px !important;margin-right: 0px !important;margin-bottom: 0px !important;margin-left: 0px !important;padding-top: 0px !important;padding-right: 0px !important;padding-bottom: 0px !important;padding-left: 0px !important;background-color: #1a588a !important;}&#8221; el_class=&#8221;product_hero_title&#8221;][vc_empty_space height=&#8221;120px&#8221;][vc_custom_heading text=&#8221;Chi siamo&#8221; font_container=&#8221;tag:h1|text_align:left|color:%23ffffff&#8221; google_fonts=&#8221;font_family:Roboto%20Condensed%3A300%2C300italic%2Cregular%2Citalic%2C700%2C700italic|font_style:700%20bold%20regular%3A700%3Anormal&#8221;][vc_custom_heading text=&#8221;Software CAD\/CAM industriali&#8221; font_container=&#8221;tag:h3|text_align:left|color:%23ffffff&#8221; google_fonts=&#8221;font_family:Roboto%3A100%2C100italic%2C300%2C300italic%2Cregular%2Citalic%2C500%2C500italic%2C700%2C700italic%2C900%2C900italic|font_style:400%20regular%3A400%3Anormal&#8221;][vc_empty_space height=&#8221;120px&#8221;][\/vc_column][vc_column css_animation=&#8221;none&#8221; width=&#8221;2\/3&#8243; css=&#8221;.vc_custom_1763733068321{margin-top: 0px !important;margin-right: 0px !important;margin-bottom: 0px !important;margin-left: 0px !important;padding-top: 0px !important;padding-right: 0px !important;padding-bottom: 0px !important;padding-left: 0px !important;background-image: url(https:\/\/www.cimsystem.com\/industrial\/wp-content\/uploads\/sites\/3\/2023\/09\/Cimsystem-chi-siamo.png?id=4597) !important;background-position: center !important;background-repeat: no-repeat !important;background-size: cover !important;}&#8221; offset=&#8221;vc_hidden-sm vc_col-xs-12 vc_hidden-xs&#8221;][vc_empty_space height=&#8221;500px&#8221;][\/vc_column][\/vc_row][vc_row css_animation=&#8221;none&#8221;][vc_column][vc_empty_space][vc_custom_heading text=&#8221;Chi Siamo&#8221; font_container=&#8221;tag:h2|text_align:justify|color:%23000000&#8243; google_fonts=&#8221;font_family:Roboto%20Condensed%3A300%2C300italic%2Cregular%2Citalic%2C700%2C700italic|font_style:700%20bold%20regular%3A700%3Anormal&#8221; el_class=&#8221;square-heading square-cimsystem&#8221; css=&#8221;.vc_custom_1717411543388{margin-left: 500px !important;}&#8221;][vc_empty_space height=&#8221;16px&#8221;][vc_column_text]\r\n<p style=\"text-align: left;\"><strong>CIMsystem<\/strong> \u00e8 uno dei principali sviluppatori di <strong>software CAD\/CAM<\/strong> nella <strong>produzione industriale<\/strong> e <strong>dentale<\/strong>, nonch\u00e9 nelle applicazioni di <strong>stampa 3D<\/strong>. La Societ\u00e0 \u00e8 stata fondata in Italia nel 1999 come realt\u00e0 commerciale di Lab Numerical Control Software (1994), azienda originariamente dedita allo sviluppo di <strong>applicazioni CAD\\CAM<\/strong> ad hoc e per <strong>stampisti<\/strong> e aziende di <strong>produzione meccanica<\/strong>.<\/p>\r\n<p style=\"text-align: left;\">Con pi\u00f9 uffici negli <strong>Stati Uniti,<\/strong> in <strong>Europa<\/strong> e in <strong>Asia<\/strong> e una <strong>rete di distributori<\/strong> <strong>in<\/strong> continua <strong>espansione<\/strong>,<strong> CIMsystem<\/strong> serve attualmente pi\u00f9 di <strong>30.000 clienti in tutto il mondo<\/strong>, di cui oltre<strong> 20.000<\/strong> in ambito dentale fornendo soluzioni all&#8217;avanguardia, efficaci e personalizzabili. Proprio le elevate possibilit\u00e0 di personalizzazione dei prodotti e dei servizi offerti, rendono CIMsystem diversa dai concorrenti.<\/p>\r\n<p style=\"text-align: left;\">L&#8217;azienda lavora con l&#8217;obiettivo di contribuire efficacemente alla digitalizzazione del settore manifatturiero in ambienti <strong>meccanica, stampi, marmo, oro, lavorazione del legno, biomedicale e odontoiatria.<\/strong> Oltre ai suoi prodotti, estremamente semplici e versatili, la Societ\u00e0 fornisce anche servizi a valore aggiunto come consulenza, assistenza post-vendita, formazione e sviluppo.<\/p>\r\n[\/vc_column_text][\/vc_column][\/vc_row][vc_row css_animation=&#8221;none&#8221;][vc_column][vc_empty_space height=&#8221;16px&#8221;][vc_row_inner][vc_column_inner][vc_column_text]\r\n<h5 style=\"text-align: center;\">PUNTI DI FORZA<\/h5>\r\n[\/vc_column_text][\/vc_column_inner][\/vc_row_inner][vc_empty_space][vc_row_inner equal_height=&#8221;yes&#8221; gap=&#8221;20&#8243;][vc_column_inner width=&#8221;1\/3&#8243;][vc_icon type=&#8221;typicons&#8221; icon_typicons=&#8221;typcn typcn-tick&#8221; background_style=&#8221;rounded&#8221; align=&#8221;center&#8221;][vc_custom_heading text=&#8221;ESPERIENZA&#8221; font_container=&#8221;tag:h3|text_align:center|color:%2300429c&#8221; google_fonts=&#8221;font_family:Roboto%20Condensed%3A300%2C300italic%2Cregular%2Citalic%2C700%2C700italic|font_style:700%20bold%20regular%3A700%3Anormal&#8221; css_animation=&#8221;none&#8221;][vc_column_text css_animation=&#8221;none&#8221;]\r\n<p style=\"text-align: center;\">Abbiamo pi\u00f9 di 30 anni di esperienza nello sviluppo di software per ottimizzare le prestazioni aziendali e fornire risultati di qualit\u00e0.<\/p>\r\n[\/vc_column_text][\/vc_column_inner][vc_column_inner width=&#8221;1\/3&#8243;][vc_icon type=&#8221;typicons&#8221; icon_typicons=&#8221;typcn typcn-tick&#8221; background_style=&#8221;rounded&#8221; align=&#8221;center&#8221;][vc_custom_heading text=&#8221;SUPPORTO&#8221; font_container=&#8221;tag:h3|text_align:center|color:%2300429c&#8221; google_fonts=&#8221;font_family:Roboto%20Condensed%3A300%2C300italic%2Cregular%2Citalic%2C700%2C700italic|font_style:700%20bold%20regular%3A700%3Anormal&#8221; css_animation=&#8221;none&#8221;][vc_column_text css_animation=&#8221;none&#8221;]\r\n<p style=\"text-align: center;\">Un team internazionale di esperti supporta i nostri clienti in tutte le fasi di utilizzo dei nostri prodotti. Consulenza, formazione e assistenza sempre disponibili.<\/p>\r\n[\/vc_column_text][\/vc_column_inner][vc_column_inner width=&#8221;1\/3&#8243;][vc_icon type=&#8221;typicons&#8221; icon_typicons=&#8221;typcn typcn-tick&#8221; background_style=&#8221;rounded&#8221; align=&#8221;center&#8221;][vc_custom_heading text=&#8221;FLESSIBILITA'&#8221; font_container=&#8221;tag:h3|text_align:center|color:%2300429c&#8221; google_fonts=&#8221;font_family:Roboto%20Condensed%3A300%2C300italic%2Cregular%2Citalic%2C700%2C700italic|font_style:700%20bold%20regular%3A700%3Anormal&#8221; css_animation=&#8221;none&#8221;][vc_column_text css_animation=&#8221;none&#8221;]\r\n<p style=\"text-align: center;\">Tutte le nostre soluzioni sono altamente personalizzabili ed automatizzate, per venire incontro alle esigenze pi\u00f9 importanti dei nostri clienti: unicit\u00e0 ed efficienza.<\/p>\r\n[\/vc_column_text][\/vc_column_inner][\/vc_row_inner][\/vc_column][\/vc_row][vc_row][vc_column][vc_empty_space height=&#8221;64px&#8221;][\/vc_column][\/vc_row]<\/section>","protected":false},"excerpt":{"rendered":"CIMsystem \u00e8 uno dei principali sviluppatori di software CAD\/CAM nella produzione industriale e dentale, nonch\u00e9 nelle applicazioni di stampa 3D.","protected":false},"author":1,"featured_media":0,"parent":0,"menu_order":0,"comment_status":"closed","ping_status":"closed","template":"","meta":[],"acf":[],"aioseo_notices":[],"_links":{"self":[{"href":"https:\/\/www.cimsystem.com\/industrial\/it\/wp-json\/wp\/v2\/pages\/4187"}],"collection":[{"href":"https:\/\/www.cimsystem.com\/industrial\/it\/wp-json\/wp\/v2\/pages"}],"about":[{"href":"https:\/\/www.cimsystem.com\/industrial\/it\/wp-json\/wp\/v2\/types\/page"}],"author":[{"embeddable":true,"href":"https:\/\/www.cimsystem.com\/industrial\/it\/wp-json\/wp\/v2\/users\/1"}],"replies":[{"embeddable":true,"href":"https:\/\/www.cimsystem.com\/industrial\/it\/wp-json\/wp\/v2\/comments?post=4187"}],"version-history":[{"count":34,"href":"https:\/\/www.cimsystem.com\/industrial\/it\/wp-json\/wp\/v2\/pages\/4187\/revisions"}],"predecessor-version":[{"id":8155,"href":"https:\/\/www.cimsystem.com\/industrial\/it\/wp-json\/wp\/v2\/pages\/4187\/revisions\/8155"}],"wp:attachment":[{"href":"https:\/\/www.cimsystem.com\/industrial\/it\/wp-json\/wp\/v2\/media?parent=4187"}],"curies":[{"name":"wp","href":"https:\/\/api.w.org\/{rel}","templated":true}]}}