{"id":4191,"date":"2018-01-02T15:13:16","date_gmt":"2018-01-02T14:13:16","guid":{"rendered":"https:\/\/www.cimsystem.com\/industry\/terms-and-conditions\/"},"modified":"2023-09-07T08:57:47","modified_gmt":"2023-09-07T06:57:47","slug":"termini-e-condizioni","status":"publish","type":"page","link":"https:\/\/www.cimsystem.com\/industrial\/it\/termini-e-condizioni\/","title":{"rendered":"Termini e Condizioni"},"content":{"rendered":"<section class=\"wpb-content-wrapper\"><p>[vc_row full_width=&#8221;stretch_row_content&#8221; equal_height=&#8221;yes&#8221; css=&#8221;.vc_custom_1690470444965{padding-top: 0px !important;padding-right: 0px !important;padding-bottom: 0px !important;padding-left: 0px !important;background-position: center !important;background-repeat: no-repeat !important;background-size: cover !important;}&#8221;][vc_column css=&#8221;.vc_custom_1693998489687{margin-top: 0px !important;margin-right: 0px !important;margin-bottom: 0px !important;margin-left: 0px !important;padding-top: 0px !important;padding-right: 0px !important;padding-bottom: 0px !important;padding-left: 0px !important;}&#8221; offset=&#8221;vc_hidden-lg vc_hidden-md&#8221;][vc_single_image image=&#8221;4511&#8243; img_size=&#8221;full&#8221; css=&#8221;.vc_custom_1694069865657{margin-top: 0px !important;margin-bottom: -35px !important;}&#8221;][\/vc_column][\/vc_row][vc_row full_width=&#8221;stretch_row_content&#8221; equal_height=&#8221;yes&#8221; css=&#8221;.vc_custom_1690470444965{padding-top: 0px !important;padding-right: 0px !important;padding-bottom: 0px !important;padding-left: 0px !important;background-position: center !important;background-repeat: no-repeat !important;background-size: cover !important;}&#8221;][vc_column width=&#8221;1\/3&#8243; css=&#8221;.vc_custom_1690472277751{margin-top: 0px !important;margin-right: 0px !important;margin-bottom: 0px !important;margin-left: 0px !important;padding-top: 0px !important;padding-right: 0px !important;padding-bottom: 0px !important;padding-left: 0px !important;background-color: #1a588a !important;}&#8221; el_class=&#8221;product_hero_title&#8221;][vc_empty_space height=&#8221;50px&#8221;][vc_custom_heading text=&#8221;Termini e Condizioni&#8221; font_container=&#8221;tag:h1|text_align:left|color:%23ffffff&#8221; google_fonts=&#8221;font_family:Roboto%20Condensed%3A300%2C300italic%2Cregular%2Citalic%2C700%2C700italic|font_style:700%20bold%20regular%3A700%3Anormal&#8221;][vc_custom_heading text=&#8221;Condizioni di utilizzo&#8221; font_container=&#8221;tag:h3|text_align:left|color:%23ffffff&#8221; google_fonts=&#8221;font_family:Roboto%3A100%2C100italic%2C300%2C300italic%2Cregular%2Citalic%2C500%2C500italic%2C700%2C700italic%2C900%2C900italic|font_style:400%20regular%3A400%3Anormal&#8221;][vc_empty_space height=&#8221;80px&#8221;][\/vc_column][vc_column width=&#8221;2\/3&#8243; css=&#8221;.vc_custom_1694069855399{margin-top: 0px !important;margin-right: 0px !important;margin-bottom: 0px !important;margin-left: 0px !important;padding-top: 0px !important;padding-right: 0px !important;padding-bottom: 0px !important;padding-left: 0px !important;background-image: url(https:\/\/www.cimsystem.com\/dental\/wp-content\/uploads\/sites\/2\/2017\/06\/header.jpg?id=3663) !important;background-position: center !important;background-repeat: no-repeat !important;background-size: cover !important;}&#8221; offset=&#8221;vc_hidden-sm vc_col-xs-12 vc_hidden-xs&#8221;][vc_empty_space height=&#8221;100px&#8221;][\/vc_column][\/vc_row][vc_row el_class=&#8221;generic_center_row&#8221;][vc_column][vc_column_text]<\/p>\r\n<h5>TERMINI DI UTILIZZO<\/h5>\r\n<p>[\/vc_column_text][vc_column_text el_class=&#8221;two-columns&#8221;]Il presente Contratto di Utilizzo (&#8220;Contratto&#8221;) \u00e8 un accordo legale tra l&#8217;utente (&#8220;Utente&#8221;) e CIMsystem s.r.l (&#8220;CIMsystem&#8221;).<br \/>\r\nCIMsystem mette a disposizione dell&#8217;Utente, attraverso questo Sito, informazioni, documenti, software e prodotti (tutti insieme denominati &#8220;Materiali&#8221;) e diversi servizi (&#8220;Servizi&#8221;), secondo i termini e le condizioni descritte in questo documento (&#8220;Termini d&#8217;uso&#8221;).<br \/>\r\nAccedendo e utilizzando questo sito web o qualsiasi altro sito web (&#8220;Sito&#8221;) di propriet\u00e0 di CIMsystem, l&#8217;Utente riconosce di aver letto, compreso e accettato di rispettare i termini e le condizioni indicati nel presente Contratto.<br \/>\r\nCIMsystem si riserva il diritto di modificare periodicamente il presente Accordo a sua esclusiva discrezione. L&#8217;uso continuato di questo sito web da parte dell&#8217;utente costituisce accettazione dei termini e delle condizioni stabilite al momento dell&#8217;uso.<br \/>\r\nInoltre, utilizzando specifici Servizi o Materiali di questo Sito, l&#8217;utente \u00e8 soggetto alle linee guida e alle regole applicabili a tali Servizi e Materiali. Tali regole dovrebbero contenere ulteriori termini e condizioni relativi alle presenti Condizioni d&#8217;uso. Tutte le linee guida e le regole che fanno riferimento alle Condizioni d&#8217;uso. In caso di violazione di uno dei Termini d&#8217;uso, l&#8217;utente perde automaticamente il diritto di accedere a questo Sito e tutti i Materiali scaricati devono essere distrutti.[\/vc_column_text][\/vc_column][\/vc_row][vc_row el_class=&#8221;generic_center_row&#8221;][vc_column][vc_column_text]<\/p>\r\n<h5>PRIVACY<\/h5>\r\n<p>[\/vc_column_text][vc_column_text]CIMsystem raccoglie informazioni sugli utenti dei suoi siti web. La raccolta di queste informazioni \u00e8 regolata dalla Politica sulla privacy di CIMsystem.[\/vc_column_text][\/vc_column][\/vc_row][vc_row el_class=&#8221;generic_center_row&#8221;][vc_column][vc_column_text]<\/p>\r\n<h5>CONDOTTA DELL&#8217;UTENTE<\/h5>\r\n<p>[\/vc_column_text][vc_column_text]Gli utenti accettano che tutte le informazioni pubblicate o a cui si accede siano utilizzate solo a scopo informativo. Non \u00e8 consentito l&#8217;uso commerciale o altro uso non autorizzato di qualsiasi funzione interattiva disponibile su questo sito web. Gli utenti non possono intraprendere alcuna condotta o azione vietata dalla legge o che violi le leggi locali.[\/vc_column_text][\/vc_column][\/vc_row][vc_row el_class=&#8221;generic_center_row&#8221;][vc_column][vc_column_text]<\/p>\r\n<h5>IDENTIFICAZIONE E MARCHI AZIENDALI<\/h5>\r\n<p>[\/vc_column_text][vc_column_text el_class=&#8221;two-columns&#8221;]Tutti i marchi registrati e\/o non registrati e\/o i marchi di servizio (collettivamente, &#8220;Marchi&#8221;) utilizzati o a cui si fa riferimento in questo sito web sono di propriet\u00e0 di CIMsystem, se non diversamente indicato. Gli utenti non possono utilizzare, copiare, riprodurre, ripubblicare, caricare, pubblicare, trasmettere, distribuire o modificare questi marchi in alcun modo senza il preventivo consenso scritto di CIMsystem. \u00c8 vietato l&#8217;uso dei marchi di CIMsystem su qualsiasi altro sito web.[\/vc_column_text][\/vc_column][\/vc_row][vc_row el_class=&#8221;generic_center_row&#8221;][vc_column][vc_column_text]<\/p>\r\n<h5>DIRITTI DI PROPRIET\u00c0 SUI CONTENUTI<\/h5>\r\n<p>[\/vc_column_text][vc_column_text el_class=&#8221;two-columns&#8221;]Tutti i materiali contenuti in questo sito sono protetti da copyright di CIMsystem, salvo ove esplicitamente indicato altrimenti.<br \/>\r\nL&#8217;utente riconosce e accetta che i materiali e i servizi contenuti in questo sito (&#8220;Contenuto&#8221;) sono protetti da copyright e\/o da altre leggi sulla propriet\u00e0 intellettuale. L&#8217;Utente comprende e concorda che non pu\u00f2 copiare, riprodurre, ripubblicare, distribuire, modificare o creare opere derivate da questo Contenuto o altrimenti utilizzare, trasmettere, caricare, ritrasmettere o pubblicare in qualsiasi forma questo Contenuto se non come espressamente autorizzato dal presente Contratto senza il preventivo consenso scritto di CIMsystem (o dei suoi fornitori).[\/vc_column_text][\/vc_column][\/vc_row][vc_row el_class=&#8221;generic_center_row&#8221;][vc_column][vc_column_text]<\/p>\r\n<h5>DOWNLOAD\/USO DEL SOFTWARE<\/h5>\r\n<p>[\/vc_column_text][vc_column_text el_class=&#8221;two-columns&#8221;]Qualsiasi software reso disponibile per il download (&#8220;Software&#8221;) da questo Sito \u00e8 di propriet\u00e0 e protetto da copyright di CIMsystem e\/o dei suoi fornitori terzi. L&#8217;uso del Software \u00e8 regolato dal Contratto di licenza con l&#8217;utente finale, che accompagna o \u00e8 incluso nel Software (&#8220;Contratto di licenza&#8221;). La licenza d&#8217;uso del Software da parte dell&#8217;utente finale \u00e8 subordinata all&#8217;accettazione da parte di CIMsystem dell&#8217;ordine di acquisto dell&#8217;utente finale e all&#8217;esame e all&#8217;accettazione e al rispetto da parte dell&#8217;utente finale dei termini del Contratto di Licenza. CIMsystem si riserva il diritto di rifiutare qualsiasi ordine di acquisto o licenza per qualsiasi motivo a sua esclusiva discrezione.<br \/>\r\nCIMsystem e\/o i suoi rispettivi fornitori terzi possono apportare miglioramenti e\/o modifiche al Software in qualsiasi momento senza preavviso. CIMsystem pu\u00f2 cessare di offrire il Software per il download o interrompere questo sito web in qualsiasi momento senza preavviso. CIMsystem non si assume alcun obbligo in merito al supporto del sito web o del Software, salvo quanto espressamente stabilito nel Contratto di licenza.[\/vc_column_text][\/vc_column][\/vc_row][vc_row el_class=&#8221;generic_center_row&#8221;][vc_column][vc_column_text]<\/p>\r\n<h5>UTILIZZO DELLE INFORMAZIONI PRESENTI SUL SITO<\/h5>\r\n<p>[\/vc_column_text][vc_column_text el_class=&#8221;two-columns&#8221;]Salvo ove esplicitamente indicato in altre parti del Sito, \u00e8 possibile visualizzare, scaricare e stampare i documenti e le informazioni disponibili sul Sito alle seguenti condizioni:<\/p>\r\n<p>I documenti e le informazioni possono essere utilizzati esclusivamente per uso personale come informazione interna e non commerciale.<br \/>\r\nI documenti e le informazioni non possono essere modificati o cambiati in alcun modo.<br \/>\r\nI documenti e le informazioni non possono essere distribuiti liberamente.<br \/>\r\nNon \u00e8 consentito cancellare le informazioni relative al copyright o alla propriet\u00e0 incluse nei documenti o nelle informazioni.<br \/>\r\nCIMsystem si riserva il diritto di revocare in qualsiasi momento l&#8217;autorizzazione a visualizzare, scaricare e stampare i documenti e le informazioni presenti in questo sito. Ogni utilizzo deve cessare immediatamente a seguito della lettera scritta inviata da CIMsystem.<br \/>\r\nI diritti di cui si dispone sono una Licenza d&#8217;uso e non un trasferimento di propriet\u00e0.<\/p>\r\n<p>I diritti menzionati di visualizzare, scaricare e stampare i documenti e le informazioni disponibili sul Sito non possono essere estesi al design e al layout del Sito. Gli elementi inclusi nel Sito sono protetti dalla legge sul Copyright e non possono essere copiati o riprodotti integralmente o parzialmente.[\/vc_column_text][\/vc_column][\/vc_row][vc_row el_class=&#8221;generic_center_row&#8221;][vc_column][vc_column_text]<\/p>\r\n<h5>USO E PROTEZIONE DEL NUMERO DI CONTO E DELLA PASSWORD<\/h5>\r\n<p>[\/vc_column_text][vc_column_text]Gli utenti sono responsabili della propriet\u00e0 delle informazioni del loro account (nome utente, password), se applicabile. Gli utenti sono inoltre responsabili di qualsiasi uso del loro account, autorizzato o meno da loro stessi.[\/vc_column_text][\/vc_column][\/vc_row][vc_row el_class=&#8221;generic_center_row&#8221;][vc_column][vc_column_text]<\/p>\r\n<h5>LIMITAZIONE DI RESPONSABILIT\u00c0<\/h5>\r\n<p>[\/vc_column_text][vc_column_text el_class=&#8221;two-columns&#8221;]L&#8217;utente comprende e accetta espressamente che CIMsystem non sar\u00e0 responsabile di alcuna perdita o danno (diretto, indiretto, punitivo, effettivo, consequenziale, incidentale, speciale, esente o altro) derivante dall&#8217;uso o dall&#8217;impossibilit\u00e0 di usare questo sito web, o derivante da errori o omissioni nel contenuto di questo sito web, indipendentemente dalla base su cui viene rivendicata la responsabilit\u00e0, anche se CIMsystem \u00e8 stata avvisata della possibilit\u00e0 di tali perdite o danni.<\/p>\r\n<p>Alcune giurisdizioni potrebbero non consentire l&#8217;esclusione o la limitazione di responsabilit\u00e0 per danni incidentali o consequenziali, pertanto le esclusioni di cui sopra potrebbero non essere applicabili.[\/vc_column_text][\/vc_column][\/vc_row][vc_row el_class=&#8221;generic_center_row&#8221;][vc_column][vc_column_text]<\/p>\r\n<h5>ESCLUSIONE DI GARANZIE<\/h5>\r\n<p>[\/vc_column_text][vc_column_text el_class=&#8221;two-columns&#8221;]Sebbene sia stato fatto ogni sforzo per assicurare l&#8217;accuratezza, CIMsystem non garantisce che questo sito web soddisfer\u00e0 le esigenze dell&#8217;utente o che sar\u00e0 ininterrotto, tempestivo, sicuro o privo di errori; n\u00e9 CIMsystem garantisce i risultati che possono essere ottenuti dall&#8217;uso di questo sito web o l&#8217;accuratezza o l&#8217;affidabilit\u00e0 di qualsiasi informazione ottenuta attraverso questo sito. L&#8217;utente comprende e accetta che qualsiasi contenuto scaricato o altrimenti ottenuto attraverso l&#8217;uso di questo sito \u00e8 fatto a proprio rischio e che l&#8217;utente sar\u00e0 l&#8217;unico responsabile per qualsiasi danno fatto al sistema informatico dell&#8217;utente o per la perdita di dati che risulta dal download di tali contenuti.<br \/>\r\nSe non diversamente specificato, CIMsystem fornisce i contenuti del sito &#8220;COS\u00cc COME SONO&#8221; e senza garanzie di alcun tipo, espresse o implicite, nella misura massima consentita dalla legge. Ci\u00f2 include le garanzie implicite di commerciabilit\u00e0, non violazione della propriet\u00e0 intellettuale e idoneit\u00e0 per uno scopo particolare. In nessun caso CIMsystem o i suoi fornitori saranno responsabili per danni di qualsiasi tipo (inclusi, senza limitazioni, danni per perdita di profitti, interruzione dell&#8217;attivit\u00e0 o perdita di informazioni) derivanti dall&#8217;uso o dall&#8217;impossibilit\u00e0 di usare il contenuto del sito, anche se CIMsystem \u00e8 stata avvisata della possibilit\u00e0 di tali danni.<br \/>\r\nSenza limitazioni alle frasi precedenti, CIMsystem non offre garanzie che (i) i servizi e i materiali offerti si adattino alle vostre esigenze, (ii) che i servizi e i materiali non subiscano interruzioni, siano corretti, sicuri o privi di errori, (iii) che i risultati ottenuti dall&#8217;uso dei servizi e dei materiali siano efficienti, precisi e affidabili, (iv) che la qualit\u00e0 di ogni prodotto, servizio o informazione, acquistati o ottenuti attraverso questo sito, soddisfino le vostre esigenze e (v) che ogni bug software proveniente da questo sito sia corretto.<br \/>\r\nAlcune giurisdizioni potrebbero non consentire l&#8217;esclusione o la limitazione di responsabilit\u00e0 per danni incidentali o consequenziali, pertanto le esclusioni di cui sopra potrebbero non essere applicabili. A seconda della durata concordata, ogni garanzia implicita \u00e8 limitata a novanta (90) giorni.<br \/>\r\nIn nessun caso CIMsystem o i suoi fornitori saranno responsabili nei confronti dell&#8217;utente o di qualsiasi altra parte per qualsiasi tipo di evento eccezionale, incidente, danno causato direttamente o indirettamente o per qualsiasi danno di qualsiasi tipo, compresi, senza limitazione, quelli derivanti da perdita di funzionalit\u00e0, dati o profitti, indipendentemente dal fatto che CIMsystem sia stata avvisata o meno della possibilit\u00e0 di tali danni. Anche quella risultante \u00e8 una responsabilit\u00e0 riconosciuta che deriva da o in connessione con l&#8217;uso di questo sito o di qualsiasi sito a cui si fa riferimento o collegato.<br \/>\r\nAlcune giurisdizioni non consentono l&#8217;esclusione o la limitazione di responsabilit\u00e0 per i danni derivanti o direttamente incidenti sui prodotti, pertanto la limitazione di cui sopra potrebbe non essere applicabile all&#8217;utente.<br \/>\r\nIl download o altra acquisizione di materiale dal Sito, avviene a vostra discrezione e a vostro rischio. L&#8217;utente sar\u00e0 inoltre l&#8217;unico responsabile di eventuali danni al sistema operativo o perdite di dati che potrebbero verificarsi in seguito all&#8217;acquisizione o al download di qualsiasi tipo di materiale. Nessun consiglio o informazione, orale o scritta, ottenuta dall&#8217;utente attraverso questo sito creer\u00e0 una garanzia se non espressamente indicata nelle condizioni d&#8217;uso.<br \/>\r\nIl sito contiene link a siti web di terzi che non sono sotto il controllo di CIMsystem. CIMsystem non si assume alcuna responsabilit\u00e0 in relazione ad altri siti ai quali si pu\u00f2 accedere attraverso questo sito. Quando accedete a un sito non CIMsystem, lo fate a vostro rischio e pericolo e CIMsystem non \u00e8 responsabile dell&#8217;accuratezza o dell&#8217;affidabilit\u00e0 delle informazioni, dei dati, delle opinioni, dei consigli o delle dichiarazioni contenute in tali siti o della qualit\u00e0 dei prodotti e dei servizi offerti da tali siti. CIMsystem fornisce questi link per comodit\u00e0, e l&#8217;inclusione di tali link non implica che CIMsystem sia d&#8217;accordo o accetti la responsabilit\u00e0 per il contenuto, o l&#8217;uso dei siti che potete fare.[\/vc_column_text][\/vc_column][\/vc_row][vc_row el_class=&#8221;generic_center_row&#8221;][vc_column][vc_column_text]<\/p>\r\n<h5>INDENNIZZO<\/h5>\r\n<p>[\/vc_column_text][vc_column_text el_class=&#8221;two-columns&#8221;]L&#8217;Utente accetta, a sue spese, di indennizzare, difendere e tenere indenne CIMsystem, i suoi funzionari, direttori, dipendenti, agenti, affiliati, distributori e licenziatari da e contro qualsiasi giudizio, perdita, carenza, danno, responsabilit\u00e0, costo e spesa (comprese le ragionevoli spese e onorari degli avvocati) sostenuti in relazione a qualsiasi reclamo, richiesta, causa, azione o procedimento derivante dalla violazione del presente Contratto da parte dell&#8217;Utente o in relazione all&#8217;uso di questo sito web o di qualsiasi prodotto o servizio ad esso collegato.[\/vc_column_text][\/vc_column][\/vc_row][vc_row el_class=&#8221;generic_center_row&#8221;][vc_column][vc_column_text]<\/p>\r\n<h5>LEGGE APPLICABILE<\/h5>\r\n<p>[\/vc_column_text][vc_column_text el_class=&#8221;two-columns&#8221;]Il presente Accordo e il rapporto tra l&#8217;Utente e CIMsystem saranno regolati e interpretati in conformit\u00e0 alle leggi dello Stato italiano. Qualsiasi controversia o reclamo derivante da o relativo al presente Accordo o relativo all&#8217;uso di questo sito web e del materiale contenuto in questo sito web dovr\u00e0 essere risolto in un tribunale italiano. L&#8217;utente accetta che, a prescindere da qualsiasi statuto o legge contraria, qualsiasi reclamo o causa di azione derivante da o correlata al presente Contratto deve essere presentata entro un (1) anno dall&#8217;insorgere di tale reclamo o causa di azione o sar\u00e0 per sempre preclusa.[\/vc_column_text][\/vc_column][\/vc_row][vc_row el_class=&#8221;generic_center_row&#8221;][vc_column][vc_column_text]<\/p>\r\n<h5>RINUNCIA\/SEVERIT\u00c0<\/h5>\r\n<p>[\/vc_column_text][vc_column_text el_class=&#8221;two-columns&#8221;]La rinuncia di una delle parti a una violazione o a un diritto ai sensi del presente Contratto non costituir\u00e0 una rinuncia a qualsiasi violazione o diritto successivo. Se una qualsiasi disposizione del presente Contratto \u00e8 ritenuta non valida o non applicabile da un tribunale della giurisdizione competente, tale disposizione sar\u00e0 separata dal resto del presente Contratto, che rimarr\u00e0 altrimenti in vigore a tutti gli effetti.[\/vc_column_text][\/vc_column][\/vc_row][vc_row el_class=&#8221;generic_center_row&#8221;][vc_column][vc_column_text]<\/p>\r\n<h5>RISERVA DI DIRITTI<\/h5>\r\n<p>[\/vc_column_text][vc_column_text]Tutti i diritti non espressamente concessi nel presente documento sono riservati.[\/vc_column_text][\/vc_column][\/vc_row][vc_row][vc_column][vc_empty_space height=&#8221;100px&#8221;][\/vc_column][\/vc_row]<\/p>\r\n<\/section>","protected":false},"excerpt":{"rendered":"[vc_row full_width=&#8221;stretch_row_content&#8221; equal_height=&#8221;yes&#8221; css=&#8221;.vc_custom_1690470444965{padding-top: 0px !important;padding-right: 0px !important;padding-bottom: 0px !important;padding-left: 0px !important;background-position: center !important;background-repeat: no-repeat !important;background-size: cover !important;}&#8221;][vc_column css=&#8221;.vc_custom_1693998489687{margin-top: 0px !important;margin-right: 0px !important;margin-bottom: 0px !important;margin-left: 0px<span class=\"excerpt-hellip\"> [\u2026]<\/span>","protected":false},"author":1,"featured_media":0,"parent":0,"menu_order":0,"comment_status":"closed","ping_status":"closed","template":"","meta":[],"acf":[],"aioseo_notices":[],"_links":{"self":[{"href":"https:\/\/www.cimsystem.com\/industrial\/it\/wp-json\/wp\/v2\/pages\/4191"}],"collection":[{"href":"https:\/\/www.cimsystem.com\/industrial\/it\/wp-json\/wp\/v2\/pages"}],"about":[{"href":"https:\/\/www.cimsystem.com\/industrial\/it\/wp-json\/wp\/v2\/types\/page"}],"author":[{"embeddable":true,"href":"https:\/\/www.cimsystem.com\/industrial\/it\/wp-json\/wp\/v2\/users\/1"}],"replies":[{"embeddable":true,"href":"https:\/\/www.cimsystem.com\/industrial\/it\/wp-json\/wp\/v2\/comments?post=4191"}],"version-history":[{"count":4,"href":"https:\/\/www.cimsystem.com\/industrial\/it\/wp-json\/wp\/v2\/pages\/4191\/revisions"}],"predecessor-version":[{"id":4533,"href":"https:\/\/www.cimsystem.com\/industrial\/it\/wp-json\/wp\/v2\/pages\/4191\/revisions\/4533"}],"wp:attachment":[{"href":"https:\/\/www.cimsystem.com\/industrial\/it\/wp-json\/wp\/v2\/media?parent=4191"}],"curies":[{"name":"wp","href":"https:\/\/api.w.org\/{rel}","templated":true}]}}